{"id":5546,"date":"2024-03-04T13:24:57","date_gmt":"2024-03-04T08:24:57","guid":{"rendered":"https:\/\/turkmenexporter.com\/product\/hozzi-karamellriegel-mit-walnuss-und-nougat\/"},"modified":"2024-09-17T19:29:12","modified_gmt":"2024-09-17T14:29:12","slug":"hozzi-karamellriegel-mit-walnuss-und-nougat","status":"publish","type":"product","link":"https:\/\/turkmenexporter.com\/de\/produkt\/hozzi-karamellriegel-mit-walnuss-und-nougat\/","title":{"rendered":"HOZZI Karamellriegel mit Walnuss und Nougat"},"content":{"rendered":"<p>&#8222;Hozzi&#8220; Karamell-Riegel mit Erdnuss und Nougat, \u00fcberzogen mit Konditorglasur. Zutaten: Zucker, Erdnuss, Glukosesirup, Vollmilchpulver, Magermilchpulver, raffiniertes desodoriertes Pflanzenfett (Sonnenblumen\u00f6l, Palm\u00f6l), Trockeneipulver, Lecithin (E322), Kakaopulver, Natriumcarbonat (E500), nat\u00fcrliche Aromen &#8222;Schokolade&#8220;, nat\u00fcrliche Aromen &#8222;Karamell&#8220;, Sorbitol. N\u00e4hrwert pro 100 g Produkt: Proteine &#8211; 7,6 g, Fette &#8211; 20,9 g, Kohlenhydrate &#8211; 63,2 g. Energiewert &#8211; 471 kcal. Das Herstellungs- und Verfallsdatum ist auf der Verpackung angegeben. Lagerungsbedingungen: bei 18\u00b13\u00baC und einer relativen Luftfeuchtigkeit von max. 75% lagern. Nicht-GMO. An einem k\u00fchlen und trockenen Ort aufbewahren. Zertifiziertes Produkt.<\/p>\n<p>Boxvolumen: 0,011 M3<\/p>\n<p>Bruttogewicht des Kartons: 3,5 kg<\/p>\n<p>Haltbarkeitsdauer: 18 Monate<\/p>\n","protected":false},"excerpt":{"rendered":"<p>HOZZI Karamellriegel mit Walnuss und Nougat 20gr<\/p>\n<p>24 St\u00fcck in einem Block. 6 Bl\u00f6cke in einer Schachtel.<\/p>\n","protected":false},"featured_media":4141,"comment_status":"open","ping_status":"closed","template":"","meta":{"_acf_changed":false},"brand":[270],"product_cat":[304],"product_tag":[],"class_list":{"0":"post-5546","1":"product","2":"type-product","3":"status-publish","4":"has-post-thumbnail","6":"brand-altyn-yunus-de","7":"product_cat-schokolade","9":"first","10":"instock","11":"shipping-taxable","12":"purchasable","13":"product-type-simple"},"acf":[],"_links":{"self":[{"href":"https:\/\/turkmenexporter.com\/de\/wp-json\/wp\/v2\/product\/5546","targetHints":{"allow":["GET"]}}],"collection":[{"href":"https:\/\/turkmenexporter.com\/de\/wp-json\/wp\/v2\/product"}],"about":[{"href":"https:\/\/turkmenexporter.com\/de\/wp-json\/wp\/v2\/types\/product"}],"replies":[{"embeddable":true,"href":"https:\/\/turkmenexporter.com\/de\/wp-json\/wp\/v2\/comments?post=5546"}],"version-history":[{"count":1,"href":"https:\/\/turkmenexporter.com\/de\/wp-json\/wp\/v2\/product\/5546\/revisions"}],"predecessor-version":[{"id":5657,"href":"https:\/\/turkmenexporter.com\/de\/wp-json\/wp\/v2\/product\/5546\/revisions\/5657"}],"wp:featuredmedia":[{"embeddable":true,"href":"https:\/\/turkmenexporter.com\/de\/wp-json\/wp\/v2\/media\/4141"}],"wp:attachment":[{"href":"https:\/\/turkmenexporter.com\/de\/wp-json\/wp\/v2\/media?parent=5546"}],"wp:term":[{"taxonomy":"brand","embeddable":true,"href":"https:\/\/turkmenexporter.com\/de\/wp-json\/wp\/v2\/brand?post=5546"},{"taxonomy":"product_cat","embeddable":true,"href":"https:\/\/turkmenexporter.com\/de\/wp-json\/wp\/v2\/product_cat?post=5546"},{"taxonomy":"product_tag","embeddable":true,"href":"https:\/\/turkmenexporter.com\/de\/wp-json\/wp\/v2\/product_tag?post=5546"}],"curies":[{"name":"wp","href":"https:\/\/api.w.org\/{rel}","templated":true}]}}