{"id":5679,"date":"2024-03-09T19:35:55","date_gmt":"2024-03-09T14:35:55","guid":{"rendered":"https:\/\/turkmenexporter.com\/product\/springa-schokoladenriegel-mit-erdnuessen-karamell-und-nougat\/"},"modified":"2024-09-17T19:29:09","modified_gmt":"2024-09-17T14:29:09","slug":"springa-schokoladenriegel-mit-erdnuessen-karamell-und-nougat","status":"publish","type":"product","link":"https:\/\/turkmenexporter.com\/de\/produkt\/springa-schokoladenriegel-mit-erdnuessen-karamell-und-nougat\/","title":{"rendered":"SPRINGA Schokoladenriegel mit Erdn\u00fcssen, Karamell und Nougat"},"content":{"rendered":"<p>&#8222;Springa&#8220; Karamellriegel mit Milchschokolade, Erdnuss und Nougat. Zutaten: Zucker, Erdnuss, Glukosesirup, Vollmilchpulver, Magermilchpulver, raffiniertes desodoriertes Pflanzenfett (Sonnenblumen\u00f6l, Palm\u00f6l), Trockeneipulver, Lecithin (E322), Kakaopulver, Schokoladenmasse, Kakaobutter, Natriumcarbonat (E500), nat\u00fcrliche Aromen &#8222;Schokolade&#8220;, nat\u00fcrliche Aromen &#8222;Karamell&#8220;, Sorbitol. N\u00e4hrwert pro 100 g des Produkts: Proteine &#8211; 7,6 g, Fette &#8211; 63,2 g, Kohlenhydrate &#8211; 20,9 g. Energiewert &#8211; 471 kcal. Das Herstellungs- und Verfallsdatum ist auf der Verpackung angegeben. Lagerungsbedingungen: bei einer Temperatur von +5\u00baC bis +22\u00baC und einer relativen Luftfeuchtigkeit von nicht mehr als 70% lagern. Unsere Produkte enthalten kein Schweinefett. Das Produkt ist zertifiziert. Enth\u00e4lt keine GVO.<\/p>\n<p>Volumen der Schachtel: 0,028 M3<\/p>\n<p>Bruttogewicht des Kartons: 13,5 kg<\/p>\n<p>Haltbarkeitsdauer: 18 Monate<\/p>\n","protected":false},"excerpt":{"rendered":"<p>Schokoladenriegel mit Erdn\u00fcssen, Karamell und Nougat 45 gr<\/p>\n<p>48 St\u00fcck in einem Block. 6 Bl\u00f6cke in einer Schachtel.<\/p>\n","protected":false},"featured_media":4235,"comment_status":"open","ping_status":"closed","template":"","meta":{"_acf_changed":false},"brand":[270],"product_cat":[304],"product_tag":[849],"class_list":{"0":"post-5679","1":"product","2":"type-product","3":"status-publish","4":"has-post-thumbnail","6":"brand-altyn-yunus-de","7":"product_cat-schokolade","8":"product_tag-front-product-de","10":"first","11":"instock","12":"shipping-taxable","13":"purchasable","14":"product-type-simple"},"acf":[],"_links":{"self":[{"href":"https:\/\/turkmenexporter.com\/de\/wp-json\/wp\/v2\/product\/5679","targetHints":{"allow":["GET"]}}],"collection":[{"href":"https:\/\/turkmenexporter.com\/de\/wp-json\/wp\/v2\/product"}],"about":[{"href":"https:\/\/turkmenexporter.com\/de\/wp-json\/wp\/v2\/types\/product"}],"replies":[{"embeddable":true,"href":"https:\/\/turkmenexporter.com\/de\/wp-json\/wp\/v2\/comments?post=5679"}],"version-history":[{"count":1,"href":"https:\/\/turkmenexporter.com\/de\/wp-json\/wp\/v2\/product\/5679\/revisions"}],"predecessor-version":[{"id":10526,"href":"https:\/\/turkmenexporter.com\/de\/wp-json\/wp\/v2\/product\/5679\/revisions\/10526"}],"wp:featuredmedia":[{"embeddable":true,"href":"https:\/\/turkmenexporter.com\/de\/wp-json\/wp\/v2\/media\/4235"}],"wp:attachment":[{"href":"https:\/\/turkmenexporter.com\/de\/wp-json\/wp\/v2\/media?parent=5679"}],"wp:term":[{"taxonomy":"brand","embeddable":true,"href":"https:\/\/turkmenexporter.com\/de\/wp-json\/wp\/v2\/brand?post=5679"},{"taxonomy":"product_cat","embeddable":true,"href":"https:\/\/turkmenexporter.com\/de\/wp-json\/wp\/v2\/product_cat?post=5679"},{"taxonomy":"product_tag","embeddable":true,"href":"https:\/\/turkmenexporter.com\/de\/wp-json\/wp\/v2\/product_tag?post=5679"}],"curies":[{"name":"wp","href":"https:\/\/api.w.org\/{rel}","templated":true}]}}