{"id":5716,"date":"2024-03-09T19:35:55","date_gmt":"2024-03-09T14:35:55","guid":{"rendered":"https:\/\/turkmenexporter.com\/product\/neues-jahr-springa-tower-schokoladenriegel\/"},"modified":"2024-09-17T19:29:08","modified_gmt":"2024-09-17T14:29:08","slug":"neues-jahr-springa-tower-schokoladenriegel","status":"publish","type":"product","link":"https:\/\/turkmenexporter.com\/de\/produkt\/neues-jahr-springa-tower-schokoladenriegel\/","title":{"rendered":"Neues Jahr SPRINGA &amp; TOWER Schokoladenriegel"},"content":{"rendered":"<p>Mit Vollmilchschokolade \u00fcberzogener Karamellriegel mit Erdnuss und Nougat. Zutaten: Zucker, Erdnuss, Glukosesirup, Vollmilchpulver, Magermilchpulver, raffiniertes desodoriertes Sonnenblumen\u00f6l, Palm\u00f6l, Trockeneipulver, Lecithin (E322), Kakaopulver, Schokoladenmasse, Kakaobutter, Natriumcarbonat (E500), nat\u00fcrliche Aromen &#8222;Schokolade&#8220;, &#8222;Karamell&#8220;, S\u00fc\u00dfstoff Sorbit (E420). N\u00e4hrwert pro 100 g des Produkts: Proteine &#8211; 7,6 g, Fette &#8211; 63,2 g, Kohlenhydrate &#8211; 20,9 g. Energiewert &#8211; 471 kcal. Mit Milchschokolade \u00fcberzogener Karamellriegel mit Nougat. Zutaten: Zucker, Glukosesirup, Vollmilchpulver, Magermilchpulver, raffiniertes desodoriertes Sonnenblumen\u00f6l, Palm\u00f6l, Trockeneipulver, Lecithin (E322), Kakaopulver, Schokoladenmasse, Kakaobutter, Salz, Natriumcarbonat (E500), nat\u00fcrliche Aromen &#8222;Schokolade&#8220;, &#8222;Karamell&#8220;, S\u00fc\u00dfstoff Sorbit (E420). N\u00e4hrwert pro 100 g Produkt: Proteine &#8211; 3,9 g, Fette &#8211; 16,0 g, Kohlenhydrate &#8211; 72,0 g. Energiewert &#8211; 445 kcal. Das Herstellungs- und Verfallsdatum ist auf der Verpackung angegeben. Lagerungsbedingungen: bei einer Temperatur von 18\u00b13\u00baC und einer relativen Luftfeuchtigkeit von maximal 75% lagern. Unsere Produkte enthalten kein Schweinefett. Das Produkt ist zertifiziert. Enth\u00e4lt keine GVO.<\/p>\n<p>Boxvolumen: 0,023 M3<\/p>\n<p>Bruttogewicht der Box: 3,3 kg<\/p>\n<p>Haltbarkeitsdauer: 18 Monate<\/p>\n","protected":false},"excerpt":{"rendered":"<p>Neujahrsschokoladenriegel 125 gr<\/p>\n<p>18 Bl\u00f6cke in einer Schachtel.<\/p>\n","protected":false},"featured_media":4247,"comment_status":"open","ping_status":"closed","template":"","meta":{"_acf_changed":false},"brand":[270],"product_cat":[304],"product_tag":[],"class_list":{"0":"post-5716","1":"product","2":"type-product","3":"status-publish","4":"has-post-thumbnail","6":"brand-altyn-yunus-de","7":"product_cat-schokolade","9":"first","10":"instock","11":"shipping-taxable","12":"purchasable","13":"product-type-simple"},"acf":[],"_links":{"self":[{"href":"https:\/\/turkmenexporter.com\/de\/wp-json\/wp\/v2\/product\/5716","targetHints":{"allow":["GET"]}}],"collection":[{"href":"https:\/\/turkmenexporter.com\/de\/wp-json\/wp\/v2\/product"}],"about":[{"href":"https:\/\/turkmenexporter.com\/de\/wp-json\/wp\/v2\/types\/product"}],"replies":[{"embeddable":true,"href":"https:\/\/turkmenexporter.com\/de\/wp-json\/wp\/v2\/comments?post=5716"}],"version-history":[{"count":1,"href":"https:\/\/turkmenexporter.com\/de\/wp-json\/wp\/v2\/product\/5716\/revisions"}],"predecessor-version":[{"id":8230,"href":"https:\/\/turkmenexporter.com\/de\/wp-json\/wp\/v2\/product\/5716\/revisions\/8230"}],"wp:featuredmedia":[{"embeddable":true,"href":"https:\/\/turkmenexporter.com\/de\/wp-json\/wp\/v2\/media\/4247"}],"wp:attachment":[{"href":"https:\/\/turkmenexporter.com\/de\/wp-json\/wp\/v2\/media?parent=5716"}],"wp:term":[{"taxonomy":"brand","embeddable":true,"href":"https:\/\/turkmenexporter.com\/de\/wp-json\/wp\/v2\/brand?post=5716"},{"taxonomy":"product_cat","embeddable":true,"href":"https:\/\/turkmenexporter.com\/de\/wp-json\/wp\/v2\/product_cat?post=5716"},{"taxonomy":"product_tag","embeddable":true,"href":"https:\/\/turkmenexporter.com\/de\/wp-json\/wp\/v2\/product_tag?post=5716"}],"curies":[{"name":"wp","href":"https:\/\/api.w.org\/{rel}","templated":true}]}}