{"id":5719,"date":"2024-03-09T19:35:57","date_gmt":"2024-03-09T14:35:57","guid":{"rendered":"https:\/\/turkmenexporter.com\/product\/broly-kokosnussriegel-mit-milchschokolade-ueberzogen\/"},"modified":"2024-09-17T19:29:06","modified_gmt":"2024-09-17T14:29:06","slug":"broly-kokosnussriegel-mit-milchschokolade-ueberzogen","status":"publish","type":"product","link":"https:\/\/turkmenexporter.com\/de\/produkt\/broly-kokosnussriegel-mit-milchschokolade-ueberzogen\/","title":{"rendered":"BROLY-Kokosnussriegel mit Milchschokolade \u00fcberzogen"},"content":{"rendered":"<p>&#8222;Broly&#8220;-Kokosnussriegel mit Milchschokolade \u00fcberzogen. Zutaten: Kokosflocken, pflanzliches Palm\u00f6l, Kakaopulver, Schokoladenmasse, Kakaobutter, Magermilchpulver 1,5%, Milchmolke, Glucoze, Tafelsalz, Emulgator E322 Lecithin, Feuchthaltemittel E422 Glicerin, Konservierungsmittel E202 Gliserol, Thiskener E415 Xanthan, Aroma &#8222;Coconut&#8220;, Vanilin und &#8222;Chocolate&#8220; identisch mit nat\u00fcrlichem Aroma. N\u00e4hrwert pro 100 g des Produkts: Proteine &#8211; 63 g, Fette &#8211; 31,9 g, Kohlenhydrate &#8211; 57,5 g. Energiewert &#8211; 542,3 kcal. Das Herstellungs- und Verfallsdatum ist auf der Verpackung angegeben. Lagerungsbedingungen: bei einer Temperatur von 18\u00b13\u00baC und einer relativen Luftfeuchtigkeit von maximal 75% lagern. Unsere Produkte enthalten kein Schweinefett. Das Produkt ist zertifiziert. Enth\u00e4lt keine GVO.<\/p>\n<p>Boxvolumen: 0,018 M3<\/p>\n<p>Bruttogewicht des Kartons: 9 kg<\/p>\n<p>Haltbarkeitsdauer: 18 Monate<\/p>\n","protected":false},"excerpt":{"rendered":"<p>Kokosnussriegel mit Milchschokolade \u00fcberzogen 30 gr<\/p>\n<p>24 St\u00fcck in einem Block. 12 Bl\u00f6cke in einer Schachtel.<\/p>\n","protected":false},"featured_media":4259,"comment_status":"open","ping_status":"closed","template":"","meta":{"_acf_changed":false},"brand":[270],"product_cat":[304],"product_tag":[849],"class_list":{"0":"post-5719","1":"product","2":"type-product","3":"status-publish","4":"has-post-thumbnail","6":"brand-altyn-yunus-de","7":"product_cat-schokolade","8":"product_tag-front-product-de","10":"first","11":"instock","12":"shipping-taxable","13":"purchasable","14":"product-type-simple"},"acf":[],"_links":{"self":[{"href":"https:\/\/turkmenexporter.com\/de\/wp-json\/wp\/v2\/product\/5719","targetHints":{"allow":["GET"]}}],"collection":[{"href":"https:\/\/turkmenexporter.com\/de\/wp-json\/wp\/v2\/product"}],"about":[{"href":"https:\/\/turkmenexporter.com\/de\/wp-json\/wp\/v2\/types\/product"}],"replies":[{"embeddable":true,"href":"https:\/\/turkmenexporter.com\/de\/wp-json\/wp\/v2\/comments?post=5719"}],"version-history":[{"count":1,"href":"https:\/\/turkmenexporter.com\/de\/wp-json\/wp\/v2\/product\/5719\/revisions"}],"predecessor-version":[{"id":10511,"href":"https:\/\/turkmenexporter.com\/de\/wp-json\/wp\/v2\/product\/5719\/revisions\/10511"}],"wp:featuredmedia":[{"embeddable":true,"href":"https:\/\/turkmenexporter.com\/de\/wp-json\/wp\/v2\/media\/4259"}],"wp:attachment":[{"href":"https:\/\/turkmenexporter.com\/de\/wp-json\/wp\/v2\/media?parent=5719"}],"wp:term":[{"taxonomy":"brand","embeddable":true,"href":"https:\/\/turkmenexporter.com\/de\/wp-json\/wp\/v2\/brand?post=5719"},{"taxonomy":"product_cat","embeddable":true,"href":"https:\/\/turkmenexporter.com\/de\/wp-json\/wp\/v2\/product_cat?post=5719"},{"taxonomy":"product_tag","embeddable":true,"href":"https:\/\/turkmenexporter.com\/de\/wp-json\/wp\/v2\/product_tag?post=5719"}],"curies":[{"name":"wp","href":"https:\/\/api.w.org\/{rel}","templated":true}]}}