{"id":5720,"date":"2024-03-09T19:35:58","date_gmt":"2024-03-09T14:35:58","guid":{"rendered":"https:\/\/turkmenexporter.com\/product\/brilliant-milchschokoladenpralinen-mit-karamellfuellung\/"},"modified":"2024-09-17T19:29:05","modified_gmt":"2024-09-17T14:29:05","slug":"brilliant-milchschokoladenpralinen-mit-karamellfuellung","status":"publish","type":"product","link":"https:\/\/turkmenexporter.com\/de\/produkt\/brilliant-milchschokoladenpralinen-mit-karamellfuellung\/","title":{"rendered":"BRILLIANT Milchschokoladenpralinen mit Karamellf\u00fcllung"},"content":{"rendered":"<p>&#8222;Brillantes&#8220; Milchschokoladenbonbon mit Karamellf\u00fcllung. Zutaten: Zucker, Kakaomasse, Kakaobutter, pflanzliches \u00d6l (Palm), Melasse, Vollmilchpulver, Magermilchpulver, Molkenpulver, Emulgator Sojalecithin E322, Speisesalz, Ethylvanilinpulver, Aroma identisch mit nat\u00fcrlichem &#8222;Chocolate&#8220;. Der Gehalt an Gesamttrockenr\u00fcckst\u00e4nden von Kakao betr\u00e4gt mindestens 25 %. N\u00e4hrwert pro 100 g Produkt: Proteine &#8211; 7,7 g, Fette &#8211; 28,0 g, Kohlenhydrate &#8211; 53,0 g. Energiewert &#8211; 499 kcal. &#8222;Brillante&#8220; Zartbitterschokolade mit Karamellf\u00fcllung. Zutaten: Zucker, Kakaomasse, Kakaobutterersatz, pflanzliches \u00d6l (Palm), Melasse, Magermilchpulver, Emulgator Sojalecithin E322, Salz, Ethyl-Vanilin-Pulver, Aroma identisch mit nat\u00fcrlichem &#8222;Chocolate&#8220;. Der Gehalt an Gesamttrockenr\u00fcckst\u00e4nden von Kakao betr\u00e4gt mindestens 40 %. N\u00e4hrwert pro 100 g Produkt: Proteine &#8211; 8,0 g, Fette &#8211; 28,0 g, Kohlenhydrate &#8211; 63,5 g. Energiewert &#8211; 538 kcal. Kann Spuren von Milcherzeugnissen, Erdn\u00fcssen und anderen Schalenfr\u00fcchten enthalten. Keines unserer Produkte enth\u00e4lt zugesetzten Alkohol oder Schmalz. Das Herstellungs- und Verfallsdatum ist auf der Verpackung angegeben. Lagerbedingungen: bei +5\u00baC bis +22\u00baC und einer relativen Luftfeuchtigkeit von nicht mehr als 70% lagern. Nicht-GMO. Das Produkt ist zertifiziert.<\/p>\n<p>Boxvolumen: 0,067 M3<\/p>\n<p>Bruttogewicht des Kartons: 7,1 kg <\/p>\n<p>Haltbarkeitsdauer: 18 Monate<\/p>\n","protected":false},"excerpt":{"rendered":"<p>Vollmilchschokoladenpralinen mit Karamellf\u00fcllung 170 gr<\/p>\n<p>12 Bl\u00f6cke in einer Schachtel.<\/p>\n","protected":false},"featured_media":4283,"comment_status":"open","ping_status":"closed","template":"","meta":{"_acf_changed":false},"brand":[270],"product_cat":[304],"product_tag":[849],"class_list":{"0":"post-5720","1":"product","2":"type-product","3":"status-publish","4":"has-post-thumbnail","6":"brand-altyn-yunus-de","7":"product_cat-schokolade","8":"product_tag-front-product-de","10":"first","11":"instock","12":"shipping-taxable","13":"purchasable","14":"product-type-simple"},"acf":[],"_links":{"self":[{"href":"https:\/\/turkmenexporter.com\/de\/wp-json\/wp\/v2\/product\/5720","targetHints":{"allow":["GET"]}}],"collection":[{"href":"https:\/\/turkmenexporter.com\/de\/wp-json\/wp\/v2\/product"}],"about":[{"href":"https:\/\/turkmenexporter.com\/de\/wp-json\/wp\/v2\/types\/product"}],"replies":[{"embeddable":true,"href":"https:\/\/turkmenexporter.com\/de\/wp-json\/wp\/v2\/comments?post=5720"}],"version-history":[{"count":1,"href":"https:\/\/turkmenexporter.com\/de\/wp-json\/wp\/v2\/product\/5720\/revisions"}],"predecessor-version":[{"id":10505,"href":"https:\/\/turkmenexporter.com\/de\/wp-json\/wp\/v2\/product\/5720\/revisions\/10505"}],"wp:featuredmedia":[{"embeddable":true,"href":"https:\/\/turkmenexporter.com\/de\/wp-json\/wp\/v2\/media\/4283"}],"wp:attachment":[{"href":"https:\/\/turkmenexporter.com\/de\/wp-json\/wp\/v2\/media?parent=5720"}],"wp:term":[{"taxonomy":"brand","embeddable":true,"href":"https:\/\/turkmenexporter.com\/de\/wp-json\/wp\/v2\/brand?post=5720"},{"taxonomy":"product_cat","embeddable":true,"href":"https:\/\/turkmenexporter.com\/de\/wp-json\/wp\/v2\/product_cat?post=5720"},{"taxonomy":"product_tag","embeddable":true,"href":"https:\/\/turkmenexporter.com\/de\/wp-json\/wp\/v2\/product_tag?post=5720"}],"curies":[{"name":"wp","href":"https:\/\/api.w.org\/{rel}","templated":true}]}}