{"id":5726,"date":"2024-03-09T19:36:01","date_gmt":"2024-03-09T14:36:01","guid":{"rendered":"https:\/\/turkmenexporter.com\/product\/cocosan-kokosnussriegel-mit-schokoladenueberzug\/"},"modified":"2024-09-17T19:29:02","modified_gmt":"2024-09-17T14:29:02","slug":"cocosan-kokosnussriegel-mit-schokoladenueberzug","status":"publish","type":"product","link":"https:\/\/turkmenexporter.com\/de\/produkt\/cocosan-kokosnussriegel-mit-schokoladenueberzug\/","title":{"rendered":"COCOSAN Kokosnussriegel mit Schokoladen\u00fcberzug"},"content":{"rendered":"<p>&#8222;Cocosan&#8220;-Kokosnuss-Bonbons mit Konditoreiglasur. Zutaten: Kokosflocken, Glucoze, pflanzliches (Palm-)\u00d6l, Kakaopulver, Magermilchpulver, Wasserbindemittel E422, Emulgator, Kaliumsorbat E202, Salz, Milchmolke, Verdickungsmittel Xanthan E415, Emulgator E322 Sojalecithin, Aroma identisch mit nat\u00fcrlichem &#8222;Coconut&#8220;, Aroma identisch mit nat\u00fcrlichem &#8222;Vanilin&#8220;, Aroma identisch mit nat\u00fcrlichem &#8222;Chocolate&#8220;. N\u00e4hrwert pro 100 g des Produkts: Proteine &#8211; 3 g, Fette &#8211; 3,4 g, Kohlenhydrate &#8211; 10 g. Energiewert &#8211; 83 kcal. Das Herstellungs- und Verfallsdatum ist auf der Verpackung angegeben. Lagerungsbedingungen: bei einer Temperatur von 18\u00b13\u00baC und einer relativen Luftfeuchtigkeit von maximal 75% lagern. Unsere Produkte enthalten kein Schweinefett. Das Produkt ist zertifiziert. Enth\u00e4lt keine GVO.<\/p>\n<p>Boxvolumen: 0,017 M3<\/p>\n<p>Bruttogewicht des Kartons: 7 kg <\/p>\n<p>Haltbarkeitsdauer: 18 Monate<\/p>\n","protected":false},"excerpt":{"rendered":"<p>Kokosnussriegel mit Schokoladen\u00fcberzug 30 gr<\/p>\n<p>18 St\u00fcck in einem Block. 12 Bl\u00f6cke in einer Schachtel.<\/p>\n","protected":false},"featured_media":4289,"comment_status":"open","ping_status":"closed","template":"","meta":{"_acf_changed":false},"brand":[270],"product_cat":[304],"product_tag":[849],"class_list":{"0":"post-5726","1":"product","2":"type-product","3":"status-publish","4":"has-post-thumbnail","6":"brand-altyn-yunus-de","7":"product_cat-schokolade","8":"product_tag-front-product-de","10":"first","11":"instock","12":"shipping-taxable","13":"purchasable","14":"product-type-simple"},"acf":[],"_links":{"self":[{"href":"https:\/\/turkmenexporter.com\/de\/wp-json\/wp\/v2\/product\/5726","targetHints":{"allow":["GET"]}}],"collection":[{"href":"https:\/\/turkmenexporter.com\/de\/wp-json\/wp\/v2\/product"}],"about":[{"href":"https:\/\/turkmenexporter.com\/de\/wp-json\/wp\/v2\/types\/product"}],"replies":[{"embeddable":true,"href":"https:\/\/turkmenexporter.com\/de\/wp-json\/wp\/v2\/comments?post=5726"}],"version-history":[{"count":1,"href":"https:\/\/turkmenexporter.com\/de\/wp-json\/wp\/v2\/product\/5726\/revisions"}],"predecessor-version":[{"id":10483,"href":"https:\/\/turkmenexporter.com\/de\/wp-json\/wp\/v2\/product\/5726\/revisions\/10483"}],"wp:featuredmedia":[{"embeddable":true,"href":"https:\/\/turkmenexporter.com\/de\/wp-json\/wp\/v2\/media\/4289"}],"wp:attachment":[{"href":"https:\/\/turkmenexporter.com\/de\/wp-json\/wp\/v2\/media?parent=5726"}],"wp:term":[{"taxonomy":"brand","embeddable":true,"href":"https:\/\/turkmenexporter.com\/de\/wp-json\/wp\/v2\/brand?post=5726"},{"taxonomy":"product_cat","embeddable":true,"href":"https:\/\/turkmenexporter.com\/de\/wp-json\/wp\/v2\/product_cat?post=5726"},{"taxonomy":"product_tag","embeddable":true,"href":"https:\/\/turkmenexporter.com\/de\/wp-json\/wp\/v2\/product_tag?post=5726"}],"curies":[{"name":"wp","href":"https:\/\/api.w.org\/{rel}","templated":true}]}}