{"id":5727,"date":"2024-03-09T19:36:02","date_gmt":"2024-03-09T14:36:02","guid":{"rendered":"https:\/\/turkmenexporter.com\/product\/atom-schokolade-mit-kohlensaeure\/"},"modified":"2024-09-17T19:29:01","modified_gmt":"2024-09-17T14:29:01","slug":"atom-schokolade-mit-kohlensaeure","status":"publish","type":"product","link":"https:\/\/turkmenexporter.com\/de\/produkt\/atom-schokolade-mit-kohlensaeure\/","title":{"rendered":"ATOM Schokolade mit Kohlens\u00e4ure"},"content":{"rendered":"<p>&#8222;Atom&#8220;-Schokolade mit Kohlens\u00e4ure. Zutaten: Zucker, pflanzliches Fett (Palm\u00f6l), Kakaopulver, Milchfett, Emulgator E322 Lecithin, Salz, Ethylvanilin, naturidentisches &#8222;Schokoladen&#8220;-Aroma. Unsere Produkte enthalten kein Schweinefett. Das Herstellungs- und Verfallsdatum ist auf der Verpackung angegeben. Lagerungsbedingungen: bei einer Temperatur von +5\u00baC bis +22\u00baC und einer relativen Luftfeuchtigkeit von nicht mehr als 70% lagern. Das Produkt ist zertifiziert. Enth\u00e4lt keine GVO. N\u00e4hrwert pro 100 g des Produkts: Proteine &#8211; 6,0 g, Fette &#8211; 30,0 g, Kohlenhydrate &#8211; 55,0 g. Energiewert &#8211; 510 kcal. <\/p>\n<p>Volumen der Schachtel: 0,01 M3<\/p>\n<p>Bruttogewicht des Kartons: 5,6 kg <\/p>\n<p>Haltbarkeitsdauer: 18 Monate<\/p>\n","protected":false},"excerpt":{"rendered":"<p>Bel\u00fcftete Schokolade 60 gr<\/p>\n<p>12 St\u00fcck in einem Block. 6 Bl\u00f6cke in einer Schachtel.<\/p>\n","protected":false},"featured_media":4343,"comment_status":"open","ping_status":"closed","template":"","meta":{"_acf_changed":false},"brand":[270],"product_cat":[304],"product_tag":[849],"class_list":{"0":"post-5727","1":"product","2":"type-product","3":"status-publish","4":"has-post-thumbnail","6":"brand-altyn-yunus-de","7":"product_cat-schokolade","8":"product_tag-front-product-de","10":"first","11":"instock","12":"shipping-taxable","13":"purchasable","14":"product-type-simple"},"acf":[],"_links":{"self":[{"href":"https:\/\/turkmenexporter.com\/de\/wp-json\/wp\/v2\/product\/5727","targetHints":{"allow":["GET"]}}],"collection":[{"href":"https:\/\/turkmenexporter.com\/de\/wp-json\/wp\/v2\/product"}],"about":[{"href":"https:\/\/turkmenexporter.com\/de\/wp-json\/wp\/v2\/types\/product"}],"replies":[{"embeddable":true,"href":"https:\/\/turkmenexporter.com\/de\/wp-json\/wp\/v2\/comments?post=5727"}],"version-history":[{"count":1,"href":"https:\/\/turkmenexporter.com\/de\/wp-json\/wp\/v2\/product\/5727\/revisions"}],"predecessor-version":[{"id":10477,"href":"https:\/\/turkmenexporter.com\/de\/wp-json\/wp\/v2\/product\/5727\/revisions\/10477"}],"wp:featuredmedia":[{"embeddable":true,"href":"https:\/\/turkmenexporter.com\/de\/wp-json\/wp\/v2\/media\/4343"}],"wp:attachment":[{"href":"https:\/\/turkmenexporter.com\/de\/wp-json\/wp\/v2\/media?parent=5727"}],"wp:term":[{"taxonomy":"brand","embeddable":true,"href":"https:\/\/turkmenexporter.com\/de\/wp-json\/wp\/v2\/brand?post=5727"},{"taxonomy":"product_cat","embeddable":true,"href":"https:\/\/turkmenexporter.com\/de\/wp-json\/wp\/v2\/product_cat?post=5727"},{"taxonomy":"product_tag","embeddable":true,"href":"https:\/\/turkmenexporter.com\/de\/wp-json\/wp\/v2\/product_tag?post=5727"}],"curies":[{"name":"wp","href":"https:\/\/api.w.org\/{rel}","templated":true}]}}