{"id":5843,"date":"2024-03-09T19:36:07","date_gmt":"2024-03-09T14:36:07","guid":{"rendered":"https:\/\/turkmenexporter.com\/product\/toffee-kaubonbons\/"},"modified":"2024-09-17T19:28:54","modified_gmt":"2024-09-17T14:28:54","slug":"toffee-kaubonbons","status":"publish","type":"product","link":"https:\/\/turkmenexporter.com\/de\/produkt\/toffee-kaubonbons\/","title":{"rendered":"TOFFEE-Kaubonbons"},"content":{"rendered":"<p>Kaubonbons mit Wassermelonenf\u00fcllung. Zutaten: Palm\u00f6l, S\u00fc\u00dfungsmittel Sorbit E420, Gelatine, Emulgator Glycerinmonostearat E471, S\u00e4ureregulator Zitronens\u00e4ure E330, Zuckeraustauschstoff Dextrose, Backpulver Natriumcarbonat E500, Verdickungsmittel Gummi arabicum E414, Konservierungsmittel Kaliumsorbat E202, Maltodextrin (Maisst\u00e4rke), Aromadextrus &#8222;Wassermelone&#8220;, Emulgator Lecithin E322, Geliermittel Pektin E440, Stabilisator Natriumcitrat 3-substituiert E331. Kaubonbons mit Apfelf\u00fcllung. Zutaten: Palm\u00f6l, S\u00fc\u00dfungsmittel Sorbit E420, Gelatine, Emulgator Glycerinmonostearat E471, S\u00e4ureregulator Zitronens\u00e4ure E330, Zuckeraustauschstoff Dextrose, Backpulver Natriumcarbonat E500, Verdickungsmittel Gummi arabicum E414, Konservierungsmittel Kaliumsorbat E202, Maltodextrin (Maisst\u00e4rke), Aromadextrus &#8222;Apfel&#8220;, Emulgator Lecithin E322, Geliermittel Pektin E440, Stabilisator Natriumcitrat 3-substituiert E331. Kaubonbons mit Kirschf\u00fcllung. Zutaten: Palm\u00f6l, S\u00fc\u00dfungsmittel Sorbit E420, Gelatine, Emulgator Glycerinmonostearat E471, S\u00e4ureregulator Zitronens\u00e4ure E330, Zuckeraustauschstoff Dextrose, Backpulver Natriumcarbonat E500, Verdickungsmittel Gummi arabicum E414, Konservierungsmittel Kaliumsorbat E202, Maltodextrin (Maisst\u00e4rke), Aromadextrus &#8222;Kirsche&#8220;, Emulgator Lecithin E322, Geliermittel Pektin E440, Stabilisator Natriumcitrat 3-substituiert E331. Mit Mango gef\u00fcllte Kaubonbons. Zutaten: Palm\u00f6l, S\u00fc\u00dfungsmittel Sorbit E420, Gelatine, Emulgator Glycerinmonostearat E471, S\u00e4ureregulator Zitronens\u00e4ure E330, Zuckeraustauschstoff Dextrose, Backpulver Natriumcarbonat E500, Verdickungsmittel Gummi arabicum E414, Konservierungsmittel Kaliumsorbat E202, Maltodextrin (Maisst\u00e4rke), Aromadextrus &#8222;Mango&#8220;, Emulgator Lecithin E322, Geliermittel Pektin E440, Stabilisator Natriumcitrat 3-substituiert E331. Kaubonbons mit Erdbeerf\u00fcllung. Zutaten: Palm\u00f6l, S\u00fc\u00dfungsmittel Sorbit E420, Gelatine, Emulgator Glycerinmonostearat E471, S\u00e4ureregulator Zitronens\u00e4ure E330, Zuckeraustauschstoff Dextrose, Backpulver Natriumcarbonat E500, Verdickungsmittel Gummi arabicum E414, Konservierungsmittel Kaliumsorbat E202, Maltodextrin (Maisst\u00e4rke), Aromadextrus &#8222;Erdbeere&#8220;, Emulgator Lecithin E322, Geliermittel Pektin E440, Stabilisator Natriumcitrat 3-substituiert E331.<\/p>\n<p>Boxvolumen: 0,022 M3<\/p>\n<p>Bruttogewicht des Kartons: 8,6 kg<\/p>\n<p>Haltbarkeitsdauer: 18 Monate<\/p>\n","protected":false},"excerpt":{"rendered":"<p>\u0421hewing Bonbons mit Mix aromatisiert: Wassermelone, Apfel, Kirsche, Mango, Orange, Erdbeere F\u00fcllung innen 1000 gr<\/p>\n<p>8 Bl\u00f6cke in einer Schachtel.<\/p>\n","protected":false},"featured_media":5848,"comment_status":"open","ping_status":"closed","template":"","meta":{"_acf_changed":false},"brand":[270],"product_cat":[302],"product_tag":[],"class_list":{"0":"post-5843","1":"product","2":"type-product","3":"status-publish","4":"has-post-thumbnail","6":"brand-altyn-yunus-de","7":"product_cat-bonbons","9":"first","10":"instock","11":"shipping-taxable","12":"purchasable","13":"product-type-simple"},"acf":[],"_links":{"self":[{"href":"https:\/\/turkmenexporter.com\/de\/wp-json\/wp\/v2\/product\/5843","targetHints":{"allow":["GET"]}}],"collection":[{"href":"https:\/\/turkmenexporter.com\/de\/wp-json\/wp\/v2\/product"}],"about":[{"href":"https:\/\/turkmenexporter.com\/de\/wp-json\/wp\/v2\/types\/product"}],"replies":[{"embeddable":true,"href":"https:\/\/turkmenexporter.com\/de\/wp-json\/wp\/v2\/comments?post=5843"}],"version-history":[{"count":2,"href":"https:\/\/turkmenexporter.com\/de\/wp-json\/wp\/v2\/product\/5843\/revisions"}],"predecessor-version":[{"id":5969,"href":"https:\/\/turkmenexporter.com\/de\/wp-json\/wp\/v2\/product\/5843\/revisions\/5969"}],"wp:featuredmedia":[{"embeddable":true,"href":"https:\/\/turkmenexporter.com\/de\/wp-json\/wp\/v2\/media\/5848"}],"wp:attachment":[{"href":"https:\/\/turkmenexporter.com\/de\/wp-json\/wp\/v2\/media?parent=5843"}],"wp:term":[{"taxonomy":"brand","embeddable":true,"href":"https:\/\/turkmenexporter.com\/de\/wp-json\/wp\/v2\/brand?post=5843"},{"taxonomy":"product_cat","embeddable":true,"href":"https:\/\/turkmenexporter.com\/de\/wp-json\/wp\/v2\/product_cat?post=5843"},{"taxonomy":"product_tag","embeddable":true,"href":"https:\/\/turkmenexporter.com\/de\/wp-json\/wp\/v2\/product_tag?post=5843"}],"curies":[{"name":"wp","href":"https:\/\/api.w.org\/{rel}","templated":true}]}}