{"id":5970,"date":"2024-03-09T19:36:07","date_gmt":"2024-03-09T14:36:07","guid":{"rendered":"https:\/\/turkmenexporter.com\/product\/toffee-stick-kaubonbons\/"},"modified":"2024-09-17T19:28:54","modified_gmt":"2024-09-17T14:28:54","slug":"toffee-stick-kaubonbons","status":"publish","type":"product","link":"https:\/\/turkmenexporter.com\/de\/produkt\/toffee-stick-kaubonbons\/","title":{"rendered":"TOFFEE Stick Kaubonbons"},"content":{"rendered":"<p>Kau-Bonbons mit Wassermelonen-Geschmack. Zutaten Zucker, Glukose, Pflanzen\u00f6l (Palm), Gelatine, S\u00e4ureregulator Zitronens\u00e4ure E330, Stabilisator Glycerinmonostearat E471, wei\u00dfe Lebensmittelfarbe E171, S\u00fc\u00dfstoff Sorbit E420, Zuckeraustauschstoff Dextrose, Maltodextrin (Maisst\u00e4rke), Emulgator Gummi arabicum E414, Backpulver Natriumcarbonat E500, Konservierungsmittel Kaliumsorbat E202, Geliermittel Pektin E440, Emulgator Sojalecithin E322, Aroma identisch mit nat\u00fcrlichem &#8222;Watermelon&#8220;, Lebensmittelzusatzstoff Talkum E553. Kaubonbons mit Apfelgeschmack. Zutaten: Zucker, Glukose, Pflanzen\u00f6l (Palm), Gelatine, S\u00e4ureregulator Zitronens\u00e4ure E330, Stabilisator Glycerinmonostearat E471, wei\u00dfe Lebensmittelfarbe E171, S\u00fc\u00dfungsmittel Sorbit E420, Zuckeraustauschstoff Dextrose, Maltodextrin (Maisst\u00e4rke), Emulgator Gummi arabicum E414, Backpulver Natriumcarbonat E500, Konservierungsmittel Kaliumsorbat E202, Geliermittel Pektin E440, Emulgator Sojalecithin E322, Aroma identisch mit nat\u00fcrlichem &#8222;Apfel&#8220;, Lebensmittelzusatzstoff Talkum E553. Kaubonbons mit Kirschgeschmack. Zutaten: Zucker, Glukose, Pflanzen\u00f6l (Palm), Gelatine, S\u00e4ureregulator Zitronens\u00e4ure E330, Stabilisator Glycerinmonostearat E471, wei\u00dfe Lebensmittelfarbe E171, S\u00fc\u00dfungsmittel Sorbit E420, Zuckeraustauschstoff Dextrose, Maltodextrin (Maisst\u00e4rke), Emulgator Gummi arabicum E414, Backpulver Natriumcarbonat E500, Konservierungsmittel Kaliumsorbat E202, Geliermittel Pektin E440, Emulgator Sojalecithin E322, Kirscharoma naturidentisch, Lebensmittelzusatzstoff Talkum E553. Kau-Bonbons mit Mango-Geschmack. Zutaten: Zucker, Glukose, Pflanzen\u00f6l (Palm), Gelatine, S\u00e4ureregulator Zitronens\u00e4ure E330, Stabilisator Glycerinmonostearat E471, wei\u00dfe Lebensmittelfarbe E171, S\u00fc\u00dfungsmittel Sorbit E420, Zuckeraustauschstoff Dextrose, Maltodextrin (Maisst\u00e4rke), Emulgator Gummi arabicum E414, Backpulver Natriumcarbonat E500, Konservierungsmittel Kaliumsorbat E202, Geliermittel Pektin E440, Emulgator Sojalecithin E322, Aroma identisch mit nat\u00fcrlichem &#8222;Mango&#8220;, Lebensmittelzusatzstoff Talkum E553.<\/p>\n<p>Boxvolumen: 0,022 M3<\/p>\n<p>Bruttogewicht des Kartons: 8,6 kg<\/p>\n<p>Haltbarkeitsdauer: 18 Monate<\/p>\n","protected":false},"excerpt":{"rendered":"<p>\u0421hewing Stick Bonbons mit Mix aromatisiert: Wassermelone, Apfel, Kirsche, Mango, Orange, Erdbeere F\u00fcllung innen 800 gr<\/p>\n<p>8 Bl\u00f6cke in einer Schachtel.<\/p>\n","protected":false},"featured_media":5855,"comment_status":"open","ping_status":"closed","template":"","meta":{"_acf_changed":false},"brand":[270],"product_cat":[302],"product_tag":[849],"class_list":{"0":"post-5970","1":"product","2":"type-product","3":"status-publish","4":"has-post-thumbnail","6":"brand-altyn-yunus-de","7":"product_cat-bonbons","8":"product_tag-front-product-de","10":"first","11":"instock","12":"shipping-taxable","13":"purchasable","14":"product-type-simple"},"acf":[],"_links":{"self":[{"href":"https:\/\/turkmenexporter.com\/de\/wp-json\/wp\/v2\/product\/5970","targetHints":{"allow":["GET"]}}],"collection":[{"href":"https:\/\/turkmenexporter.com\/de\/wp-json\/wp\/v2\/product"}],"about":[{"href":"https:\/\/turkmenexporter.com\/de\/wp-json\/wp\/v2\/types\/product"}],"replies":[{"embeddable":true,"href":"https:\/\/turkmenexporter.com\/de\/wp-json\/wp\/v2\/comments?post=5970"}],"version-history":[{"count":1,"href":"https:\/\/turkmenexporter.com\/de\/wp-json\/wp\/v2\/product\/5970\/revisions"}],"predecessor-version":[{"id":10430,"href":"https:\/\/turkmenexporter.com\/de\/wp-json\/wp\/v2\/product\/5970\/revisions\/10430"}],"wp:featuredmedia":[{"embeddable":true,"href":"https:\/\/turkmenexporter.com\/de\/wp-json\/wp\/v2\/media\/5855"}],"wp:attachment":[{"href":"https:\/\/turkmenexporter.com\/de\/wp-json\/wp\/v2\/media?parent=5970"}],"wp:term":[{"taxonomy":"brand","embeddable":true,"href":"https:\/\/turkmenexporter.com\/de\/wp-json\/wp\/v2\/brand?post=5970"},{"taxonomy":"product_cat","embeddable":true,"href":"https:\/\/turkmenexporter.com\/de\/wp-json\/wp\/v2\/product_cat?post=5970"},{"taxonomy":"product_tag","embeddable":true,"href":"https:\/\/turkmenexporter.com\/de\/wp-json\/wp\/v2\/product_tag?post=5970"}],"curies":[{"name":"wp","href":"https:\/\/api.w.org\/{rel}","templated":true}]}}