{"id":6031,"date":"2024-03-09T19:36:27","date_gmt":"2024-03-09T14:36:27","guid":{"rendered":"https:\/\/turkmenexporter.com\/product\/topgam-kaugummi-mit-zucker-mix-frucht\/"},"modified":"2024-09-17T19:28:46","modified_gmt":"2024-09-17T14:28:46","slug":"topgam-kaugummi-mit-zucker-mix-frucht","status":"publish","type":"product","link":"https:\/\/turkmenexporter.com\/de\/produkt\/topgam-kaugummi-mit-zucker-mix-frucht\/","title":{"rendered":"TOPGAM Kaugummi mit Zucker-Mix Frucht"},"content":{"rendered":"<p>Kaugummi &#8222;Topgam&#8220;. Zutaten: Kaugummigrundlage, Glukose, Puderzucker, Glycerin (E422), Lecithin (E322), Sorbitol (E420), Erdbeer-, Pfirsich-Passionsfrucht-, Berberitzen-, Orangenaroma, Zitronens\u00e4ure (E330), Lebensmittelfarbstoffe (E102, E110, E124, E133), Talkum. Von Sonnenlicht fernhalten. An einem k\u00fchlen und trockenen Ort aufbewahren. N\u00e4hrwert pro 100 g des Produkts: Kohlenhydrate &#8211; 79,0 g, Energiewert &#8211; 317 kcal. Lagerungsbedingungen: bei 18\u00b13\u00baC und einer relativen Luftfeuchtigkeit von maximal 75% lagern. Das Herstellungs- und Verfallsdatum ist auf der Verpackung angegeben. GVO-frei. Zertifiziertes Produkt. <\/p>\n<p>Boxvolumen: 0,029 M3<\/p>\n<p>Bruttogewicht der Kiste: 17,7 kg <\/p>\n<p>Haltbarkeitsdauer: 18 Monate<\/p>\n","protected":false},"excerpt":{"rendered":"<p>\u0421hewing Kaugummi mit Zucker Mix Fruchtgeschmack 17,5 gr<\/p>\n<p>20 Pakete in einem Block. 40 Bl\u00f6cke in einer Schachtel.<\/p>\n","protected":false},"featured_media":4781,"comment_status":"open","ping_status":"closed","template":"","meta":{"_acf_changed":false},"brand":[270],"product_cat":[303],"product_tag":[849],"class_list":{"0":"post-6031","1":"product","2":"type-product","3":"status-publish","4":"has-post-thumbnail","6":"brand-altyn-yunus-de","7":"product_cat-kaugummi","8":"product_tag-front-product-de","10":"first","11":"instock","12":"shipping-taxable","13":"purchasable","14":"product-type-simple"},"acf":[],"_links":{"self":[{"href":"https:\/\/turkmenexporter.com\/de\/wp-json\/wp\/v2\/product\/6031","targetHints":{"allow":["GET"]}}],"collection":[{"href":"https:\/\/turkmenexporter.com\/de\/wp-json\/wp\/v2\/product"}],"about":[{"href":"https:\/\/turkmenexporter.com\/de\/wp-json\/wp\/v2\/types\/product"}],"replies":[{"embeddable":true,"href":"https:\/\/turkmenexporter.com\/de\/wp-json\/wp\/v2\/comments?post=6031"}],"version-history":[{"count":1,"href":"https:\/\/turkmenexporter.com\/de\/wp-json\/wp\/v2\/product\/6031\/revisions"}],"predecessor-version":[{"id":10378,"href":"https:\/\/turkmenexporter.com\/de\/wp-json\/wp\/v2\/product\/6031\/revisions\/10378"}],"wp:featuredmedia":[{"embeddable":true,"href":"https:\/\/turkmenexporter.com\/de\/wp-json\/wp\/v2\/media\/4781"}],"wp:attachment":[{"href":"https:\/\/turkmenexporter.com\/de\/wp-json\/wp\/v2\/media?parent=6031"}],"wp:term":[{"taxonomy":"brand","embeddable":true,"href":"https:\/\/turkmenexporter.com\/de\/wp-json\/wp\/v2\/brand?post=6031"},{"taxonomy":"product_cat","embeddable":true,"href":"https:\/\/turkmenexporter.com\/de\/wp-json\/wp\/v2\/product_cat?post=6031"},{"taxonomy":"product_tag","embeddable":true,"href":"https:\/\/turkmenexporter.com\/de\/wp-json\/wp\/v2\/product_tag?post=6031"}],"curies":[{"name":"wp","href":"https:\/\/api.w.org\/{rel}","templated":true}]}}