{"id":6418,"date":"2024-03-09T19:36:40","date_gmt":"2024-03-09T14:36:40","guid":{"rendered":"https:\/\/turkmenexporter.com\/product\/yunus-verpackte-galette-kekse\/"},"modified":"2024-09-17T19:28:29","modified_gmt":"2024-09-17T14:28:29","slug":"yunus-verpackte-galette-kekse","status":"publish","type":"product","link":"https:\/\/turkmenexporter.com\/de\/produkt\/yunus-verpackte-galette-kekse\/","title":{"rendered":"YUNUS verpackte Galette-Kekse"},"content":{"rendered":"<p>&#8222;Yunus&#8220; Galet-Kekse. Zutaten: Weizenmehl, Puderzucker, Inwertsirup, pflanzliches \u00d6l (Palm\u00f6l), Molkenpulver, Magermilchpulver, Backtriebmittel &#8211; Ammoniumcarbonat (E503), Natriumcarbonat (E500), Salz, Lecithin (E322), Konservierungsmittel Pyrosulfit-Natrium (E223), Aroma identisch mit nat\u00fcrlichem &#8222;Milch&#8220;-Geschmack, S\u00e4ureregulator (Citronens\u00e4ure). N\u00e4hrwert pro 100 g Produkt: Proteine &#8211; 8,8 g, Fette &#8211; 12,45 g, Kohlenhydrate &#8211; 60,89 g. Energiewert &#8211; 403,49 kcalLagerungsbedingungen: bei einer Temperatur von +5\u00baC bis +22\u00baC und einer relativen Luftfeuchtigkeit von nicht mehr als 75 % aufbewahren. Unsere Produkte enthalten kein Schweinefett. Enth\u00e4lt keine GVO. An einem k\u00fchlen und trockenen Ort aufbewahren. Das Herstellungs- und Verfallsdatum ist auf der Verpackung angegeben. Das Produkt ist zertifiziert. <\/p>\n<p>Volumen der Schachtel: 0,015 M3<\/p>\n<p>Bruttogewicht der Box: 3,96 kg <\/p>\n<p>Haltbarkeitsdauer: 12 Monate<\/p>\n","protected":false},"excerpt":{"rendered":"<p>Verpackte Galette-Kekse 66 gr<\/p>\n<p>60 Pakete in einer Schachtel.<\/p>\n","protected":false},"featured_media":4529,"comment_status":"open","ping_status":"closed","template":"","meta":{"_acf_changed":false},"brand":[270],"product_cat":[305],"product_tag":[849],"class_list":{"0":"post-6418","1":"product","2":"type-product","3":"status-publish","4":"has-post-thumbnail","6":"brand-altyn-yunus-de","7":"product_cat-kekse","8":"product_tag-front-product-de","10":"first","11":"instock","12":"shipping-taxable","13":"purchasable","14":"product-type-simple"},"acf":[],"_links":{"self":[{"href":"https:\/\/turkmenexporter.com\/de\/wp-json\/wp\/v2\/product\/6418","targetHints":{"allow":["GET"]}}],"collection":[{"href":"https:\/\/turkmenexporter.com\/de\/wp-json\/wp\/v2\/product"}],"about":[{"href":"https:\/\/turkmenexporter.com\/de\/wp-json\/wp\/v2\/types\/product"}],"replies":[{"embeddable":true,"href":"https:\/\/turkmenexporter.com\/de\/wp-json\/wp\/v2\/comments?post=6418"}],"version-history":[{"count":1,"href":"https:\/\/turkmenexporter.com\/de\/wp-json\/wp\/v2\/product\/6418\/revisions"}],"predecessor-version":[{"id":10282,"href":"https:\/\/turkmenexporter.com\/de\/wp-json\/wp\/v2\/product\/6418\/revisions\/10282"}],"wp:featuredmedia":[{"embeddable":true,"href":"https:\/\/turkmenexporter.com\/de\/wp-json\/wp\/v2\/media\/4529"}],"wp:attachment":[{"href":"https:\/\/turkmenexporter.com\/de\/wp-json\/wp\/v2\/media?parent=6418"}],"wp:term":[{"taxonomy":"brand","embeddable":true,"href":"https:\/\/turkmenexporter.com\/de\/wp-json\/wp\/v2\/brand?post=6418"},{"taxonomy":"product_cat","embeddable":true,"href":"https:\/\/turkmenexporter.com\/de\/wp-json\/wp\/v2\/product_cat?post=6418"},{"taxonomy":"product_tag","embeddable":true,"href":"https:\/\/turkmenexporter.com\/de\/wp-json\/wp\/v2\/product_tag?post=6418"}],"curies":[{"name":"wp","href":"https:\/\/api.w.org\/{rel}","templated":true}]}}