{"id":6674,"date":"2024-03-12T04:56:41","date_gmt":"2024-03-11T23:56:41","guid":{"rendered":"https:\/\/turkmenexporter.com\/product\/kernlose-rosinen-85-mm\/"},"modified":"2024-09-17T19:28:28","modified_gmt":"2024-09-17T14:28:28","slug":"kernlose-rosinen-85-mm","status":"publish","type":"product","link":"https:\/\/turkmenexporter.com\/de\/produkt\/kernlose-rosinen-85-mm\/","title":{"rendered":"Kernlose Rosinen 85 mm"},"content":{"rendered":"<p>Genie\u00dfen Sie die s\u00fc\u00dfe Einfachheit unserer kernlosen Rosinen, die sorgf\u00e4ltig hergestellt werden, um die h\u00f6chsten Qualit\u00e4ts- und Geschmacksstandards zu erf\u00fcllen. Diese prallen und saftigen Rosinen stammen aus den sonnenverw\u00f6hnten Weinbergen Turkmenistans und werden mit modernsten Techniken verarbeitet, darunter die Hei\u00dfdampfreinigung, die nicht nur f\u00fcr superreine Rosinen sorgt, sondern auch jeder Frucht einen nat\u00fcrlichen Glanz verleiht.<br \/>Unsere kernlosen Rosinen sind reich an essentiellen N\u00e4hrstoffen und Antioxidantien, was sie zu einer k\u00f6stlichen Erg\u00e4nzung Ihrer t\u00e4glichen Ern\u00e4hrung macht. Sie sind reich an Ballaststoffen, Kalium und Eisen und f\u00f6rdern die Gesundheit der Verdauung, unterst\u00fctzen die Herz-Kreislauf-Funktion und steigern das Energieniveau. Dar\u00fcber hinaus stillt ihre nat\u00fcrliche S\u00fc\u00dfe den Hei\u00dfhunger ohne Zuckerzusatz, was sie zu einer schuldfreien Snackoption f\u00fcr gesundheitsbewusste Verbraucher macht.<br \/> 100% Bio<br \/> Hei\u00dfdampfreinigung<br \/> Schattentrocknung (nat\u00fcrliche Trocknung ohne Einsatz von Chemikalien und technischen Ger\u00e4ten)<br \/> Direktlieferungen (keine Zwischenh\u00e4ndler)<br \/> Umfassende Kundenbetreuung<br \/> Angemessene Preise<br \/> Gr\u00fcndliche Qualit\u00e4tskontrolle<br \/> Nicht-GMO<br \/> Ein Jahr Garantie<br \/>Als Zeichen unseres Engagements f\u00fcr Qualit\u00e4t und Kundenzufriedenheit freuen wir uns, interessierten Kunden eine kostenlose Probe von 200 g unserer Premium-Rosinen anbieten zu k\u00f6nnen. Sie brauchen nur Ihr Interesse zu bekunden, und wir schicken Ihnen die Probe gerne direkt zu, damit Sie den au\u00dfergew\u00f6hnlichen Geschmack und die Qualit\u00e4t unserer Produkte aus erster Hand erleben k\u00f6nnen. Fordern Sie noch heute Ihre kostenlose Probe an und entdecken Sie die unvergleichliche G\u00fcte unserer Rosinen.<\/p>\n","protected":false},"excerpt":{"rendered":"<p>Pralle und saftige kernlose Rosinen aus den sonnenverw\u00f6hnten Weinbergen Turkmenistans. Sorgf\u00e4ltige Verarbeitung f\u00fcr Gleichm\u00e4\u00dfigkeit und Frische.<\/p>\n","protected":false},"featured_media":6655,"comment_status":"open","ping_status":"closed","template":"","meta":{"_acf_changed":false},"brand":[588],"product_cat":[594],"product_tag":[849],"class_list":{"0":"post-6674","1":"product","2":"type-product","3":"status-publish","4":"has-post-thumbnail","6":"brand-asly-toprak-de","7":"product_cat-rosinen","8":"product_tag-front-product-de","10":"first","11":"instock","12":"shipping-taxable","13":"purchasable","14":"product-type-simple"},"acf":[],"_links":{"self":[{"href":"https:\/\/turkmenexporter.com\/de\/wp-json\/wp\/v2\/product\/6674","targetHints":{"allow":["GET"]}}],"collection":[{"href":"https:\/\/turkmenexporter.com\/de\/wp-json\/wp\/v2\/product"}],"about":[{"href":"https:\/\/turkmenexporter.com\/de\/wp-json\/wp\/v2\/types\/product"}],"replies":[{"embeddable":true,"href":"https:\/\/turkmenexporter.com\/de\/wp-json\/wp\/v2\/comments?post=6674"}],"version-history":[{"count":1,"href":"https:\/\/turkmenexporter.com\/de\/wp-json\/wp\/v2\/product\/6674\/revisions"}],"predecessor-version":[{"id":8584,"href":"https:\/\/turkmenexporter.com\/de\/wp-json\/wp\/v2\/product\/6674\/revisions\/8584"}],"wp:featuredmedia":[{"embeddable":true,"href":"https:\/\/turkmenexporter.com\/de\/wp-json\/wp\/v2\/media\/6655"}],"wp:attachment":[{"href":"https:\/\/turkmenexporter.com\/de\/wp-json\/wp\/v2\/media?parent=6674"}],"wp:term":[{"taxonomy":"brand","embeddable":true,"href":"https:\/\/turkmenexporter.com\/de\/wp-json\/wp\/v2\/brand?post=6674"},{"taxonomy":"product_cat","embeddable":true,"href":"https:\/\/turkmenexporter.com\/de\/wp-json\/wp\/v2\/product_cat?post=6674"},{"taxonomy":"product_tag","embeddable":true,"href":"https:\/\/turkmenexporter.com\/de\/wp-json\/wp\/v2\/product_tag?post=6674"}],"curies":[{"name":"wp","href":"https:\/\/api.w.org\/{rel}","templated":true}]}}