{"id":6677,"date":"2024-03-12T05:10:12","date_gmt":"2024-03-12T00:10:12","guid":{"rendered":"https:\/\/turkmenexporter.com\/?post_type=product&#038;p=6677"},"modified":"2024-09-17T19:28:27","modified_gmt":"2024-09-17T14:28:27","slug":"rote-kernlose-rosinen-aus-biologischem-anbau","status":"publish","type":"product","link":"https:\/\/turkmenexporter.com\/de\/produkt\/rote-kernlose-rosinen-aus-biologischem-anbau\/","title":{"rendered":"Rote, kernlose Rosinen aus biologischem Anbau"},"content":{"rendered":"<p>Begeben Sie sich auf eine Reise des gesunden Genusses mit unseren roten kernlosen Rosinen aus biologischem Anbau, einer Symphonie aus Geschmack und N\u00e4hrwert in jedem Bissen. Diese roten Juwelen werden mit Sorgfalt auf den fruchtbaren B\u00f6den Turkmenistans angebaut und mit nachhaltigen Anbaumethoden gepflegt, um die Reinheit und Unversehrtheit von der Rebe bis auf den Tisch zu gew\u00e4hrleisten. Diese roten Rosinen werden mit hei\u00dfem Dampf gereinigt, was nicht nur f\u00fcr super-saubere Rosinen sorgt, sondern auch jeder Frucht einen nat\u00fcrlichen Glanz verleiht.<br \/>Unsere kernlosen Rosinen sind reich an essentiellen N\u00e4hrstoffen und Antioxidantien, was sie zu einer k\u00f6stlichen Erg\u00e4nzung Ihrer t\u00e4glichen Ern\u00e4hrung macht. Sie sind reich an Ballaststoffen, Kalium und Eisen und f\u00f6rdern die Gesundheit der Verdauung, unterst\u00fctzen die Herz-Kreislauf-Funktion und steigern das Energieniveau. Dar\u00fcber hinaus stillt ihre nat\u00fcrliche S\u00fc\u00dfe den Hei\u00dfhunger ohne Zuckerzusatz, was sie zu einer schuldfreien Snackoption f\u00fcr gesundheitsbewusste Verbraucher macht.<br \/> 100% Bio<br \/> Hei\u00dfdampfreinigung<br \/> Schattentrocknung (nat\u00fcrliche Trocknung ohne Einsatz von Chemikalien und technischen Ger\u00e4ten)<br \/> Direktlieferungen (keine Zwischenh\u00e4ndler)<br \/> Umfassende Kundenbetreuung<br \/> Angemessene Preise<br \/> Gr\u00fcndliche Qualit\u00e4tskontrolle<br \/> Nicht-GMO<br \/> Ein Jahr Garantie<br \/>Als Zeichen unseres Engagements f\u00fcr Qualit\u00e4t und Kundenzufriedenheit freuen wir uns, interessierten Kunden eine kostenlose Probe von 200 g unserer Premium-Rosinen anbieten zu k\u00f6nnen. Sie brauchen nur Ihr Interesse zu bekunden, und wir schicken Ihnen die Probe gerne direkt zu, damit Sie den au\u00dfergew\u00f6hnlichen Geschmack und die Qualit\u00e4t unserer Produkte aus erster Hand erleben k\u00f6nnen. Fordern Sie noch heute Ihre kostenlose Probe an und entdecken Sie die unvergleichliche G\u00fcte unserer Rosinen.<\/p>\n","protected":false},"excerpt":{"rendered":"<p>Gesunde, di\u00e4tetische, rote, kernlose Bio-Rosinen aus Turkmenistan. Voller Geschmack und N\u00e4hrstoffe, nachhaltig angebaut f\u00fcr Reinheit.<\/p>\n","protected":false},"featured_media":6680,"comment_status":"open","ping_status":"closed","template":"","meta":{"_acf_changed":false},"brand":[588],"product_cat":[594],"product_tag":[],"class_list":{"0":"post-6677","1":"product","2":"type-product","3":"status-publish","4":"has-post-thumbnail","6":"brand-asly-toprak-de","7":"product_cat-rosinen","9":"first","10":"instock","11":"shipping-taxable","12":"purchasable","13":"product-type-simple"},"acf":[],"_links":{"self":[{"href":"https:\/\/turkmenexporter.com\/de\/wp-json\/wp\/v2\/product\/6677","targetHints":{"allow":["GET"]}}],"collection":[{"href":"https:\/\/turkmenexporter.com\/de\/wp-json\/wp\/v2\/product"}],"about":[{"href":"https:\/\/turkmenexporter.com\/de\/wp-json\/wp\/v2\/types\/product"}],"replies":[{"embeddable":true,"href":"https:\/\/turkmenexporter.com\/de\/wp-json\/wp\/v2\/comments?post=6677"}],"version-history":[{"count":3,"href":"https:\/\/turkmenexporter.com\/de\/wp-json\/wp\/v2\/product\/6677\/revisions"}],"predecessor-version":[{"id":8583,"href":"https:\/\/turkmenexporter.com\/de\/wp-json\/wp\/v2\/product\/6677\/revisions\/8583"}],"wp:featuredmedia":[{"embeddable":true,"href":"https:\/\/turkmenexporter.com\/de\/wp-json\/wp\/v2\/media\/6680"}],"wp:attachment":[{"href":"https:\/\/turkmenexporter.com\/de\/wp-json\/wp\/v2\/media?parent=6677"}],"wp:term":[{"taxonomy":"brand","embeddable":true,"href":"https:\/\/turkmenexporter.com\/de\/wp-json\/wp\/v2\/brand?post=6677"},{"taxonomy":"product_cat","embeddable":true,"href":"https:\/\/turkmenexporter.com\/de\/wp-json\/wp\/v2\/product_cat?post=6677"},{"taxonomy":"product_tag","embeddable":true,"href":"https:\/\/turkmenexporter.com\/de\/wp-json\/wp\/v2\/product_tag?post=6677"}],"curies":[{"name":"wp","href":"https:\/\/api.w.org\/{rel}","templated":true}]}}