{"id":6701,"date":"2024-03-12T05:19:28","date_gmt":"2024-03-12T00:19:28","guid":{"rendered":"https:\/\/turkmenexporter.com\/?post_type=product&#038;p=6701"},"modified":"2024-09-17T19:28:26","modified_gmt":"2024-09-17T14:28:26","slug":"rosinen-ohne-kerne-70-mm","status":"publish","type":"product","link":"https:\/\/turkmenexporter.com\/de\/produkt\/rosinen-ohne-kerne-70-mm\/","title":{"rendered":"Rosinen ohne Kerne 70 mm"},"content":{"rendered":"<p>Entdecken Sie die Essenz des Genusses mit unseren schwarzen Sultaninen ohne Kerne, ein wahres Zeugnis der Kunst der Rosinenherstellung. Diese schwarzen Juwelen stammen ausschlie\u00dflich von ausgew\u00e4hlten Weinbergen in Turkmenistan und werden auf dem H\u00f6hepunkt der Reife gepfl\u00fcckt, um einen unvergleichlichen Geschmack und eine unvergleichliche Textur in jedem Bissen zu gew\u00e4hrleisten. Diese Rosinen werden mit hei\u00dfem Dampf gereinigt, was nicht nur f\u00fcr supersaubere Rosinen sorgt, sondern auch jeder Frucht einen nat\u00fcrlichen Glanz verleiht.<br \/>Unsere kernlosen Rosinen sind reich an essentiellen N\u00e4hrstoffen und Antioxidantien, was sie zu einer k\u00f6stlichen Erg\u00e4nzung Ihrer t\u00e4glichen Ern\u00e4hrung macht. Sie sind reich an Ballaststoffen, Kalium und Eisen und f\u00f6rdern die Gesundheit der Verdauung, unterst\u00fctzen die Herz-Kreislauf-Funktion und steigern das Energieniveau. Dar\u00fcber hinaus stillt ihre nat\u00fcrliche S\u00fc\u00dfe den Hei\u00dfhunger ohne Zuckerzusatz, was sie zu einer schuldfreien Snackoption f\u00fcr gesundheitsbewusste Verbraucher macht.<br \/>100% Bio<br \/>Hei\u00dfdampfreinigung<br \/>Schattentrocknung (nat\u00fcrliche Trocknung ohne Einsatz von Chemikalien und technischen Ger\u00e4ten)<br \/>Direktlieferungen (keine Zwischenh\u00e4ndler)<br \/>Umfassende Kundenbetreuung<br \/>Angemessene Preise<br \/>Gr\u00fcndliche Qualit\u00e4tskontrolle<br \/>Nicht-GMO<br \/>Ein Jahr Garantie<br \/>Als Zeichen unseres Engagements f\u00fcr Qualit\u00e4t und Kundenzufriedenheit freuen wir uns, interessierten Kunden eine kostenlose Probe von 200 g unserer Premium-Rosinen anbieten zu k\u00f6nnen. Sie brauchen nur Ihr Interesse zu bekunden, und wir schicken Ihnen die Probe gerne direkt zu, damit Sie den au\u00dfergew\u00f6hnlichen Geschmack und die Qualit\u00e4t unserer Produkte aus erster Hand erleben k\u00f6nnen. Fordern Sie noch heute Ihre kostenlose Probe an und entdecken Sie die unvergleichliche G\u00fcte unserer Rosinen.<\/p>\n","protected":false},"excerpt":{"rendered":"<p>Schwarze Sultaninen ohne Kerne aus ausgesuchten Weinbergen Turkmenistans. Un\u00fcbertroffener Geschmack und Textur in jedem Bissen.<\/p>\n","protected":false},"featured_media":6716,"comment_status":"open","ping_status":"closed","template":"","meta":{"_acf_changed":false},"brand":[588],"product_cat":[594],"product_tag":[],"class_list":{"0":"post-6701","1":"product","2":"type-product","3":"status-publish","4":"has-post-thumbnail","6":"brand-asly-toprak-de","7":"product_cat-rosinen","9":"first","10":"instock","11":"shipping-taxable","12":"purchasable","13":"product-type-simple"},"acf":[],"_links":{"self":[{"href":"https:\/\/turkmenexporter.com\/de\/wp-json\/wp\/v2\/product\/6701","targetHints":{"allow":["GET"]}}],"collection":[{"href":"https:\/\/turkmenexporter.com\/de\/wp-json\/wp\/v2\/product"}],"about":[{"href":"https:\/\/turkmenexporter.com\/de\/wp-json\/wp\/v2\/types\/product"}],"replies":[{"embeddable":true,"href":"https:\/\/turkmenexporter.com\/de\/wp-json\/wp\/v2\/comments?post=6701"}],"version-history":[{"count":3,"href":"https:\/\/turkmenexporter.com\/de\/wp-json\/wp\/v2\/product\/6701\/revisions"}],"predecessor-version":[{"id":8582,"href":"https:\/\/turkmenexporter.com\/de\/wp-json\/wp\/v2\/product\/6701\/revisions\/8582"}],"wp:featuredmedia":[{"embeddable":true,"href":"https:\/\/turkmenexporter.com\/de\/wp-json\/wp\/v2\/media\/6716"}],"wp:attachment":[{"href":"https:\/\/turkmenexporter.com\/de\/wp-json\/wp\/v2\/media?parent=6701"}],"wp:term":[{"taxonomy":"brand","embeddable":true,"href":"https:\/\/turkmenexporter.com\/de\/wp-json\/wp\/v2\/brand?post=6701"},{"taxonomy":"product_cat","embeddable":true,"href":"https:\/\/turkmenexporter.com\/de\/wp-json\/wp\/v2\/product_cat?post=6701"},{"taxonomy":"product_tag","embeddable":true,"href":"https:\/\/turkmenexporter.com\/de\/wp-json\/wp\/v2\/product_tag?post=6701"}],"curies":[{"name":"wp","href":"https:\/\/api.w.org\/{rel}","templated":true}]}}