{"id":7680,"date":"2024-04-07T19:10:38","date_gmt":"2024-04-07T14:10:38","guid":{"rendered":"https:\/\/turkmenexporter.com\/product\/real-cola-in-der-dose\/"},"modified":"2024-09-17T19:28:22","modified_gmt":"2024-09-17T14:28:22","slug":"real-cola-in-der-dose","status":"publish","type":"product","link":"https:\/\/turkmenexporter.com\/de\/produkt\/real-cola-in-der-dose\/","title":{"rendered":"Real Cola in der Dose"},"content":{"rendered":"<p>Zutaten: gereinigtes Trinkwasser, Zucker, s\u00e4ureregulierende Zitronens\u00e4ure (E330), Gas zur S\u00e4ttigung der Aufnahme von Natriumdioxid (E290), Cola-Emulsion, Konservierungsstoff Natriumbenzoat (E211). Lagerbedingungen bei 0\u00b0C bis 18\u00b0C. Verpackungsart Aluminiumdose.<\/p>\n<p>Gr\u00f6\u00dfe der Einheit B\/H: 5,5\/14,5 cm<\/p>\n<p>Blockgewicht: 4,275 kg<\/p>\n<p>Haltbarkeitsdauer: 12 Monate<\/p>\n","protected":false},"excerpt":{"rendered":"<p>Alkoholfreies kohlens\u00e4urehaltiges Getr\u00e4nk 330 ml<\/p>\n<p>6 Dosen in einem Block. 210 Kl\u00f6tze in einer Palette.<\/p>\n","protected":false},"featured_media":7289,"comment_status":"open","ping_status":"closed","template":"","meta":{"_acf_changed":false},"brand":[600],"product_cat":[626],"product_tag":[849],"class_list":{"0":"post-7680","1":"product","2":"type-product","3":"status-publish","4":"has-post-thumbnail","6":"brand-yupekchi","7":"product_cat-getranke","8":"product_tag-front-product-de","10":"first","11":"instock","12":"shipping-taxable","13":"purchasable","14":"product-type-simple"},"acf":[],"_links":{"self":[{"href":"https:\/\/turkmenexporter.com\/de\/wp-json\/wp\/v2\/product\/7680","targetHints":{"allow":["GET"]}}],"collection":[{"href":"https:\/\/turkmenexporter.com\/de\/wp-json\/wp\/v2\/product"}],"about":[{"href":"https:\/\/turkmenexporter.com\/de\/wp-json\/wp\/v2\/types\/product"}],"replies":[{"embeddable":true,"href":"https:\/\/turkmenexporter.com\/de\/wp-json\/wp\/v2\/comments?post=7680"}],"version-history":[{"count":1,"href":"https:\/\/turkmenexporter.com\/de\/wp-json\/wp\/v2\/product\/7680\/revisions"}],"predecessor-version":[{"id":10258,"href":"https:\/\/turkmenexporter.com\/de\/wp-json\/wp\/v2\/product\/7680\/revisions\/10258"}],"wp:featuredmedia":[{"embeddable":true,"href":"https:\/\/turkmenexporter.com\/de\/wp-json\/wp\/v2\/media\/7289"}],"wp:attachment":[{"href":"https:\/\/turkmenexporter.com\/de\/wp-json\/wp\/v2\/media?parent=7680"}],"wp:term":[{"taxonomy":"brand","embeddable":true,"href":"https:\/\/turkmenexporter.com\/de\/wp-json\/wp\/v2\/brand?post=7680"},{"taxonomy":"product_cat","embeddable":true,"href":"https:\/\/turkmenexporter.com\/de\/wp-json\/wp\/v2\/product_cat?post=7680"},{"taxonomy":"product_tag","embeddable":true,"href":"https:\/\/turkmenexporter.com\/de\/wp-json\/wp\/v2\/product_tag?post=7680"}],"curies":[{"name":"wp","href":"https:\/\/api.w.org\/{rel}","templated":true}]}}