{"id":7683,"date":"2024-04-07T19:10:39","date_gmt":"2024-04-07T14:10:39","guid":{"rendered":"https:\/\/turkmenexporter.com\/product\/real-cola\/"},"modified":"2024-09-17T19:28:19","modified_gmt":"2024-09-17T14:28:19","slug":"real-cola","status":"publish","type":"product","link":"https:\/\/turkmenexporter.com\/de\/produkt\/real-cola\/","title":{"rendered":"Real Cola"},"content":{"rendered":"<p>Zutaten: gereinigtes Trinkwasser, Zucker, s\u00e4ureregulierende Zitronens\u00e4ure (E330), Gas zur S\u00e4ttigung der Aufnahme von Natriumdioxid (E290), Cola-Emulsion, Konservierungsstoff Natriumbenzoat (E211). Lagerbedingungen bei 5\u00b0C bis 20\u00b0C. Verpackungstyp pet bottle.<\/p>\n<p>Gr\u00f6\u00dfe der Einheit B\/H: 7\/29,5 sm<\/p>\n<p>Blockgewicht: 13.045 kg<\/p>\n<p>Haltbarkeitsdauer: 180 Tage<\/p>\n","protected":false},"excerpt":{"rendered":"<p>Alkoholfreies kohlens\u00e4urehaltiges Getr\u00e4nk 1000 ml<\/p>\n<p>12 Flaschen in einem Block. 70 Bl\u00f6cke auf einer Palette.<\/p>\n","protected":false},"featured_media":7295,"comment_status":"open","ping_status":"closed","template":"","meta":{"_acf_changed":false},"brand":[600],"product_cat":[626],"product_tag":[849],"class_list":{"0":"post-7683","1":"product","2":"type-product","3":"status-publish","4":"has-post-thumbnail","6":"brand-yupekchi","7":"product_cat-getranke","8":"product_tag-front-product-de","10":"first","11":"instock","12":"shipping-taxable","13":"purchasable","14":"product-type-simple"},"acf":[],"_links":{"self":[{"href":"https:\/\/turkmenexporter.com\/de\/wp-json\/wp\/v2\/product\/7683","targetHints":{"allow":["GET"]}}],"collection":[{"href":"https:\/\/turkmenexporter.com\/de\/wp-json\/wp\/v2\/product"}],"about":[{"href":"https:\/\/turkmenexporter.com\/de\/wp-json\/wp\/v2\/types\/product"}],"replies":[{"embeddable":true,"href":"https:\/\/turkmenexporter.com\/de\/wp-json\/wp\/v2\/comments?post=7683"}],"version-history":[{"count":1,"href":"https:\/\/turkmenexporter.com\/de\/wp-json\/wp\/v2\/product\/7683\/revisions"}],"predecessor-version":[{"id":10245,"href":"https:\/\/turkmenexporter.com\/de\/wp-json\/wp\/v2\/product\/7683\/revisions\/10245"}],"wp:featuredmedia":[{"embeddable":true,"href":"https:\/\/turkmenexporter.com\/de\/wp-json\/wp\/v2\/media\/7295"}],"wp:attachment":[{"href":"https:\/\/turkmenexporter.com\/de\/wp-json\/wp\/v2\/media?parent=7683"}],"wp:term":[{"taxonomy":"brand","embeddable":true,"href":"https:\/\/turkmenexporter.com\/de\/wp-json\/wp\/v2\/brand?post=7683"},{"taxonomy":"product_cat","embeddable":true,"href":"https:\/\/turkmenexporter.com\/de\/wp-json\/wp\/v2\/product_cat?post=7683"},{"taxonomy":"product_tag","embeddable":true,"href":"https:\/\/turkmenexporter.com\/de\/wp-json\/wp\/v2\/product_tag?post=7683"}],"curies":[{"name":"wp","href":"https:\/\/api.w.org\/{rel}","templated":true}]}}