{"id":7706,"date":"2024-04-07T19:10:50","date_gmt":"2024-04-07T14:10:50","guid":{"rendered":"https:\/\/turkmenexporter.com\/product\/buzz-gruener-tee-zitrone\/"},"modified":"2024-09-17T19:28:15","modified_gmt":"2024-09-17T14:28:15","slug":"buzz-gruener-tee-zitrone","status":"publish","type":"product","link":"https:\/\/turkmenexporter.com\/de\/produkt\/buzz-gruener-tee-zitrone\/","title":{"rendered":"Buzz Gr\u00fcner Tee Zitrone"},"content":{"rendered":"<p>Zutaten: Wasser, Zucker, S\u00fc\u00dfstoff Acesulfam-Kalium (E950), naturidentisches Aroma &#8222;Indischer Gr\u00fcntee&#8220;, &#8222;Zitrone&#8220;, S\u00e4ureregulator Zitronens\u00e4ure (E330), nat\u00fcrlicher Lebensmittelfarbstoff Zuckercoller (E150d). Konservierungsstoffe: Natriumbenzoat (E211), Kaliumsorbat (E202). Lagerbedingungen bei 0\u00b0C bis 18\u00b0C. Verpackungstyp pet bottle.<\/p>\n<p>Gr\u00f6\u00dfe der Einheit B\/H: 5,5\/19 sm<\/p>\n<p>Blockgewicht: 4.970 kg<\/p>\n<p>Haltbarkeitsdauer: 180 Tage<\/p>\n","protected":false},"excerpt":{"rendered":"<p>Gr\u00fcner Tee mit Zitronengeschmack 400 ml<\/p>\n<p>12 Flaschen in einem Block. 175 Kl\u00f6tze in einer Palette.<\/p>\n","protected":false},"featured_media":7151,"comment_status":"open","ping_status":"closed","template":"","meta":{"_acf_changed":false},"brand":[600],"product_cat":[626],"product_tag":[849],"class_list":{"0":"post-7706","1":"product","2":"type-product","3":"status-publish","4":"has-post-thumbnail","6":"brand-yupekchi","7":"product_cat-getranke","8":"product_tag-front-product-de","10":"first","11":"instock","12":"shipping-taxable","13":"purchasable","14":"product-type-simple"},"acf":[],"_links":{"self":[{"href":"https:\/\/turkmenexporter.com\/de\/wp-json\/wp\/v2\/product\/7706","targetHints":{"allow":["GET"]}}],"collection":[{"href":"https:\/\/turkmenexporter.com\/de\/wp-json\/wp\/v2\/product"}],"about":[{"href":"https:\/\/turkmenexporter.com\/de\/wp-json\/wp\/v2\/types\/product"}],"replies":[{"embeddable":true,"href":"https:\/\/turkmenexporter.com\/de\/wp-json\/wp\/v2\/comments?post=7706"}],"version-history":[{"count":1,"href":"https:\/\/turkmenexporter.com\/de\/wp-json\/wp\/v2\/product\/7706\/revisions"}],"predecessor-version":[{"id":8082,"href":"https:\/\/turkmenexporter.com\/de\/wp-json\/wp\/v2\/product\/7706\/revisions\/8082"}],"wp:featuredmedia":[{"embeddable":true,"href":"https:\/\/turkmenexporter.com\/de\/wp-json\/wp\/v2\/media\/7151"}],"wp:attachment":[{"href":"https:\/\/turkmenexporter.com\/de\/wp-json\/wp\/v2\/media?parent=7706"}],"wp:term":[{"taxonomy":"brand","embeddable":true,"href":"https:\/\/turkmenexporter.com\/de\/wp-json\/wp\/v2\/brand?post=7706"},{"taxonomy":"product_cat","embeddable":true,"href":"https:\/\/turkmenexporter.com\/de\/wp-json\/wp\/v2\/product_cat?post=7706"},{"taxonomy":"product_tag","embeddable":true,"href":"https:\/\/turkmenexporter.com\/de\/wp-json\/wp\/v2\/product_tag?post=7706"}],"curies":[{"name":"wp","href":"https:\/\/api.w.org\/{rel}","templated":true}]}}