{"id":8242,"date":"2024-05-24T04:37:05","date_gmt":"2024-05-23T23:37:05","guid":{"rendered":"https:\/\/turkmenexporter.com\/product\/weisse-schokolade-bubbly\/"},"modified":"2024-09-17T19:28:08","modified_gmt":"2024-09-17T14:28:08","slug":"weisse-schokolade-bubbly","status":"publish","type":"product","link":"https:\/\/turkmenexporter.com\/de\/produkt\/weisse-schokolade-bubbly\/","title":{"rendered":"Wei\u00dfe Schokolade Bubbly"},"content":{"rendered":"<p>&#8222;BUBBLY&#8220; wei\u00dfe Schokolade mit Kohlens\u00e4ure. Zutaten: Zucker, Kakaomasse, Kakaobutter, Vollmilchpulver, Magermilchpulver, Molkenpulver, Milchfett, Emulgator Sojalecithin E322, Aroma identisch mit nat\u00fcrlichem &#8222;Vanillin&#8220;. Kann Spuren von Erdn\u00fcssen und anderen N\u00fcssen enthalten. Der Gesamttrockenr\u00fcckstand von Kakao betr\u00e4gt mindestens 27 %, der fettfreie Trockenr\u00fcckstand von Kakaoerzeugnissen mindestens 2,5 %, der Gesamttrockenr\u00fcckstand von Milch mindestens 12 %, der Milchfettgehalt mindestens 2,5 %. N\u00e4hrwert pro 100 g Produkt: Proteine &#8211; 5,8 g, Fette &#8211; 29,0 g, Kohlenhydrate &#8211; 59,0 g. Energiewert &#8211; 527 kcal. Das Herstellungs- und Verfallsdatum ist auf der Verpackung angegeben. Lagerungsbedingungen: bei einer Temperatur von +5\u00baC bis +22\u00baC und einer relativen Luftfeuchtigkeit von nicht mehr als 70% lagern. Unsere Produkte enthalten kein Schweinefett. Das Produkt ist zertifiziert. Enth\u00e4lt keine GVO.<\/p>\n<ul>\n<li>Volumen der Schachtel: 0,03 M3<\/li>\n<li>Bruttogewicht des Kartons: 10,2 kg<\/li>\n<li>Lagerf\u00e4higkeit: 18 Monate.<\/li>\n<\/ul>\n","protected":false},"excerpt":{"rendered":"<p>Wei\u00dfe Schokolade mit Kohlens\u00e4ure 90 gr. Hergestellt mit belgischen Technologien.<\/p>\n<p>20 St\u00fcck in einem Block. 5 Bl\u00f6cke in einer Box.<\/p>\n","protected":false},"featured_media":4277,"comment_status":"open","ping_status":"closed","template":"","meta":{"_acf_changed":false},"brand":[270],"product_cat":[304],"product_tag":[849],"class_list":{"0":"post-8242","1":"product","2":"type-product","3":"status-publish","4":"has-post-thumbnail","6":"brand-altyn-yunus-de","7":"product_cat-schokolade","8":"product_tag-front-product-de","10":"first","11":"instock","12":"shipping-taxable","13":"purchasable","14":"product-type-simple"},"acf":[],"_links":{"self":[{"href":"https:\/\/turkmenexporter.com\/de\/wp-json\/wp\/v2\/product\/8242","targetHints":{"allow":["GET"]}}],"collection":[{"href":"https:\/\/turkmenexporter.com\/de\/wp-json\/wp\/v2\/product"}],"about":[{"href":"https:\/\/turkmenexporter.com\/de\/wp-json\/wp\/v2\/types\/product"}],"replies":[{"embeddable":true,"href":"https:\/\/turkmenexporter.com\/de\/wp-json\/wp\/v2\/comments?post=8242"}],"version-history":[{"count":1,"href":"https:\/\/turkmenexporter.com\/de\/wp-json\/wp\/v2\/product\/8242\/revisions"}],"predecessor-version":[{"id":10193,"href":"https:\/\/turkmenexporter.com\/de\/wp-json\/wp\/v2\/product\/8242\/revisions\/10193"}],"wp:featuredmedia":[{"embeddable":true,"href":"https:\/\/turkmenexporter.com\/de\/wp-json\/wp\/v2\/media\/4277"}],"wp:attachment":[{"href":"https:\/\/turkmenexporter.com\/de\/wp-json\/wp\/v2\/media?parent=8242"}],"wp:term":[{"taxonomy":"brand","embeddable":true,"href":"https:\/\/turkmenexporter.com\/de\/wp-json\/wp\/v2\/brand?post=8242"},{"taxonomy":"product_cat","embeddable":true,"href":"https:\/\/turkmenexporter.com\/de\/wp-json\/wp\/v2\/product_cat?post=8242"},{"taxonomy":"product_tag","embeddable":true,"href":"https:\/\/turkmenexporter.com\/de\/wp-json\/wp\/v2\/product_tag?post=8242"}],"curies":[{"name":"wp","href":"https:\/\/api.w.org\/{rel}","templated":true}]}}