{"id":8252,"date":"2024-05-23T08:35:48","date_gmt":"2024-05-23T03:35:48","guid":{"rendered":"https:\/\/turkmenexporter.com\/product\/tutti-frutti-kohlensaeurehaltiges-getraenk-7gen\/"},"modified":"2024-09-17T19:28:10","modified_gmt":"2024-09-17T14:28:10","slug":"tutti-frutti-kohlensaeurehaltiges-getraenk-7gen","status":"publish","type":"product","link":"https:\/\/turkmenexporter.com\/de\/produkt\/tutti-frutti-kohlensaeurehaltiges-getraenk-7gen\/","title":{"rendered":"Tutti Frutti kohlens\u00e4urehaltiges Getr\u00e4nk 7gen"},"content":{"rendered":"<p>7GEN tutti-frutti alkoholfreies kohlens\u00e4urehaltiges Getr\u00e4nk. Zutaten: Gereinigtes Trinkwasser, Zucker, s\u00e4ureregulierende Zitronens\u00e4ure (E330), S\u00e4ttigungsgas Kohlens\u00e4ure (E290), Aroma &#8222;Waldbeeren&#8220;, Konservierungsstoff Natriumbenzoat (E211), Stabilisator: Natriumcitrat (E331), S\u00fc\u00dfstoffe: Aspartam (E951), Acesulfam-Kalium (E950). Lagerbedingungen bei 0\u00b0C bis 18\u00b0C. Verpackungstyp pet bottle.<\/p>\n<ul>\n<li>Gr\u00f6\u00dfe der Einheit B\/H: 8\/32,5 cm<\/li>\n<li>Blockgewicht: 9.160 kg<\/li>\n<li>Lagerf\u00e4higkeit: 180 Tage.<\/li>\n<\/ul>\n","protected":false},"excerpt":{"rendered":"<p>Tutti Frutti Getr\u00e4nk mit Kohlens\u00e4ure 1500 ml<\/p>\n<p>6 Flaschen in einem Block. 105 Kl\u00f6tze in einer Palette.<\/p>\n","protected":false},"featured_media":7037,"comment_status":"open","ping_status":"closed","template":"","meta":{"_acf_changed":false},"brand":[600],"product_cat":[626],"product_tag":[],"class_list":{"0":"post-8252","1":"product","2":"type-product","3":"status-publish","4":"has-post-thumbnail","6":"brand-yupekchi","7":"product_cat-getranke","9":"first","10":"instock","11":"shipping-taxable","12":"purchasable","13":"product-type-simple"},"acf":[],"_links":{"self":[{"href":"https:\/\/turkmenexporter.com\/de\/wp-json\/wp\/v2\/product\/8252","targetHints":{"allow":["GET"]}}],"collection":[{"href":"https:\/\/turkmenexporter.com\/de\/wp-json\/wp\/v2\/product"}],"about":[{"href":"https:\/\/turkmenexporter.com\/de\/wp-json\/wp\/v2\/types\/product"}],"replies":[{"embeddable":true,"href":"https:\/\/turkmenexporter.com\/de\/wp-json\/wp\/v2\/comments?post=8252"}],"version-history":[{"count":1,"href":"https:\/\/turkmenexporter.com\/de\/wp-json\/wp\/v2\/product\/8252\/revisions"}],"predecessor-version":[{"id":10213,"href":"https:\/\/turkmenexporter.com\/de\/wp-json\/wp\/v2\/product\/8252\/revisions\/10213"}],"wp:featuredmedia":[{"embeddable":true,"href":"https:\/\/turkmenexporter.com\/de\/wp-json\/wp\/v2\/media\/7037"}],"wp:attachment":[{"href":"https:\/\/turkmenexporter.com\/de\/wp-json\/wp\/v2\/media?parent=8252"}],"wp:term":[{"taxonomy":"brand","embeddable":true,"href":"https:\/\/turkmenexporter.com\/de\/wp-json\/wp\/v2\/brand?post=8252"},{"taxonomy":"product_cat","embeddable":true,"href":"https:\/\/turkmenexporter.com\/de\/wp-json\/wp\/v2\/product_cat?post=8252"},{"taxonomy":"product_tag","embeddable":true,"href":"https:\/\/turkmenexporter.com\/de\/wp-json\/wp\/v2\/product_tag?post=8252"}],"curies":[{"name":"wp","href":"https:\/\/api.w.org\/{rel}","templated":true}]}}