{"id":8254,"date":"2024-05-23T08:50:55","date_gmt":"2024-05-23T03:50:55","guid":{"rendered":"https:\/\/turkmenexporter.com\/product\/mineralwasser-mit-kohlensaeure-7gen\/"},"modified":"2024-09-17T19:28:09","modified_gmt":"2024-09-17T14:28:09","slug":"mineralwasser-mit-kohlensaeure-7gen","status":"publish","type":"product","link":"https:\/\/turkmenexporter.com\/de\/produkt\/mineralwasser-mit-kohlensaeure-7gen\/","title":{"rendered":"Mineralwasser mit Kohlens\u00e4ure 7gen"},"content":{"rendered":"<p>7GEN mineralisches alkoholfreies kohlens\u00e4urehaltiges Getr\u00e4nk. Zutaten: Gereinigtes Trinkwasser, Kohlendioxid E290. Mineralisierung 100-1000 mg\/dm\u00b3. Die Gesamtdichte betr\u00e4gt nicht mehr als 1,7 mol\/dm\u00b3. Lagerbedingungen bei 5\u00b0C bis 20\u00b0C. Verpackungstyp pet bottle.<\/p>\n<ul>\n<li>Gr\u00f6\u00dfe der Einheit B\/H: 8\/32,5 cm<\/li>\n<li>Blockgewicht: 9.160 kg<\/li>\n<li>Lagerf\u00e4higkeit: 180 Tage.<\/li>\n<\/ul>\n","protected":false},"excerpt":{"rendered":"<p>Mineralwasser mit Kohlens\u00e4ure 1500 ml<\/p>\n<p>6 Flaschen in einem Block. 105 Kl\u00f6tze in einer Palette.<\/p>\n","protected":false},"featured_media":7019,"comment_status":"open","ping_status":"closed","template":"","meta":{"_acf_changed":false},"brand":[600],"product_cat":[626],"product_tag":[],"class_list":{"0":"post-8254","1":"product","2":"type-product","3":"status-publish","4":"has-post-thumbnail","6":"brand-yupekchi","7":"product_cat-getranke","9":"first","10":"instock","11":"shipping-taxable","12":"purchasable","13":"product-type-simple"},"acf":[],"_links":{"self":[{"href":"https:\/\/turkmenexporter.com\/de\/wp-json\/wp\/v2\/product\/8254","targetHints":{"allow":["GET"]}}],"collection":[{"href":"https:\/\/turkmenexporter.com\/de\/wp-json\/wp\/v2\/product"}],"about":[{"href":"https:\/\/turkmenexporter.com\/de\/wp-json\/wp\/v2\/types\/product"}],"replies":[{"embeddable":true,"href":"https:\/\/turkmenexporter.com\/de\/wp-json\/wp\/v2\/comments?post=8254"}],"version-history":[{"count":1,"href":"https:\/\/turkmenexporter.com\/de\/wp-json\/wp\/v2\/product\/8254\/revisions"}],"predecessor-version":[{"id":10203,"href":"https:\/\/turkmenexporter.com\/de\/wp-json\/wp\/v2\/product\/8254\/revisions\/10203"}],"wp:featuredmedia":[{"embeddable":true,"href":"https:\/\/turkmenexporter.com\/de\/wp-json\/wp\/v2\/media\/7019"}],"wp:attachment":[{"href":"https:\/\/turkmenexporter.com\/de\/wp-json\/wp\/v2\/media?parent=8254"}],"wp:term":[{"taxonomy":"brand","embeddable":true,"href":"https:\/\/turkmenexporter.com\/de\/wp-json\/wp\/v2\/brand?post=8254"},{"taxonomy":"product_cat","embeddable":true,"href":"https:\/\/turkmenexporter.com\/de\/wp-json\/wp\/v2\/product_cat?post=8254"},{"taxonomy":"product_tag","embeddable":true,"href":"https:\/\/turkmenexporter.com\/de\/wp-json\/wp\/v2\/product_tag?post=8254"}],"curies":[{"name":"wp","href":"https:\/\/api.w.org\/{rel}","templated":true}]}}