{"id":8255,"date":"2024-05-23T09:25:36","date_gmt":"2024-05-23T04:25:36","guid":{"rendered":"https:\/\/turkmenexporter.com\/product\/mineralwasser-mit-kohlensaeure-nazli\/"},"modified":"2024-09-17T19:28:08","modified_gmt":"2024-09-17T14:28:08","slug":"mineralwasser-mit-kohlensaeure-nazli","status":"publish","type":"product","link":"https:\/\/turkmenexporter.com\/de\/produkt\/mineralwasser-mit-kohlensaeure-nazli\/","title":{"rendered":"Mineralwasser mit Kohlens\u00e4ure Nazli"},"content":{"rendered":"<p>Nazli mineralisches alkoholfreies kohlens\u00e4urehaltiges Getr\u00e4nk. Zutaten: gereinigtes Trinkwasser, Gas f\u00fcr die S\u00e4ttigung der Getr\u00e4nke Kohlendioxid E290, nat\u00fcrliche Mineral-Komplex. Lagerbedingungen bei 5\u00b0C bis 20\u00b0C. Verpackungstyp pet bottle.<\/p>\n<ul>\n<li>Gr\u00f6\u00dfe der Einheit B\/H: 6\/21,5 cm<\/li>\n<li>Blockgewicht: 6.190 kg<\/li>\n<li>Lagerf\u00e4higkeit: 180 Tage.<\/li>\n<\/ul>\n","protected":false},"excerpt":{"rendered":"<p>Alkoholfreies Mineralgetr\u00e4nk mit Kohlens\u00e4ure 500 ml<\/p>\n<p>12 Flaschen in einem Block. 150 Kl\u00f6tze auf einer Palette.<\/p>\n","protected":false},"featured_media":7235,"comment_status":"open","ping_status":"closed","template":"","meta":{"_acf_changed":false},"brand":[600],"product_cat":[626],"product_tag":[849],"class_list":{"0":"post-8255","1":"product","2":"type-product","3":"status-publish","4":"has-post-thumbnail","6":"brand-yupekchi","7":"product_cat-getranke","8":"product_tag-front-product-de","10":"first","11":"instock","12":"shipping-taxable","13":"purchasable","14":"product-type-simple"},"acf":[],"_links":{"self":[{"href":"https:\/\/turkmenexporter.com\/de\/wp-json\/wp\/v2\/product\/8255","targetHints":{"allow":["GET"]}}],"collection":[{"href":"https:\/\/turkmenexporter.com\/de\/wp-json\/wp\/v2\/product"}],"about":[{"href":"https:\/\/turkmenexporter.com\/de\/wp-json\/wp\/v2\/types\/product"}],"replies":[{"embeddable":true,"href":"https:\/\/turkmenexporter.com\/de\/wp-json\/wp\/v2\/comments?post=8255"}],"version-history":[{"count":1,"href":"https:\/\/turkmenexporter.com\/de\/wp-json\/wp\/v2\/product\/8255\/revisions"}],"predecessor-version":[{"id":10198,"href":"https:\/\/turkmenexporter.com\/de\/wp-json\/wp\/v2\/product\/8255\/revisions\/10198"}],"wp:featuredmedia":[{"embeddable":true,"href":"https:\/\/turkmenexporter.com\/de\/wp-json\/wp\/v2\/media\/7235"}],"wp:attachment":[{"href":"https:\/\/turkmenexporter.com\/de\/wp-json\/wp\/v2\/media?parent=8255"}],"wp:term":[{"taxonomy":"brand","embeddable":true,"href":"https:\/\/turkmenexporter.com\/de\/wp-json\/wp\/v2\/brand?post=8255"},{"taxonomy":"product_cat","embeddable":true,"href":"https:\/\/turkmenexporter.com\/de\/wp-json\/wp\/v2\/product_cat?post=8255"},{"taxonomy":"product_tag","embeddable":true,"href":"https:\/\/turkmenexporter.com\/de\/wp-json\/wp\/v2\/product_tag?post=8255"}],"curies":[{"name":"wp","href":"https:\/\/api.w.org\/{rel}","templated":true}]}}