{"id":8473,"date":"2024-05-30T14:52:08","date_gmt":"2024-05-30T09:52:08","guid":{"rendered":"https:\/\/turkmenexporter.com\/product\/pikanter-tomatenketchup-dayhan-1000-gr\/"},"modified":"2024-09-17T19:28:04","modified_gmt":"2024-09-17T14:28:04","slug":"pikanter-tomatenketchup-dayhan-1000-gr","status":"publish","type":"product","link":"https:\/\/turkmenexporter.com\/de\/produkt\/pikanter-tomatenketchup-dayhan-1000-gr\/","title":{"rendered":"Pikanter Tomatenketchup Dayhan 1000 gr"},"content":{"rendered":"<p>Tomatenmark, Kristallzucker, Kartoffelst\u00e4rke, Speisesalz, Konservierungsstoffe: Kaliumsorbat E202, Essigs\u00e4ure E260, Gew\u00fcrzpflanzen: Dill, Basilikum, Petersilie, gemahlener roter Pfeffer, gemahlener schwarzer Pfeffer. Massenanteil an l\u00f6slichen Feststoffen 23%. N\u00e4hrwert von 100 g. Produkt: Kohlenhydrate &#8211; 24,6 g. Energiewert &#8211; 98,4 kcal. Lagerung bei Temperaturen von 0\u00baC bis 6\u00baC. Haltbarkeitsdauer 6 Monate. Das Herstellungsdatum ist auf der Verpackung angegeben.<\/p>\n","protected":false},"excerpt":{"rendered":"<p>Eimer mit w\u00fcrzigem Tomatenketchup 1000 gr 6 Eimer in einem Block<\/p>\n","protected":false},"featured_media":8381,"comment_status":"open","ping_status":"closed","template":"","meta":{"_acf_changed":false},"brand":[670],"product_cat":[676],"product_tag":[849],"class_list":{"0":"post-8473","1":"product","2":"type-product","3":"status-publish","4":"has-post-thumbnail","6":"brand-dayhan-de","7":"product_cat-tomatenketchup","8":"product_tag-front-product-de","10":"first","11":"instock","12":"shipping-taxable","13":"purchasable","14":"product-type-simple"},"acf":[],"_links":{"self":[{"href":"https:\/\/turkmenexporter.com\/de\/wp-json\/wp\/v2\/product\/8473","targetHints":{"allow":["GET"]}}],"collection":[{"href":"https:\/\/turkmenexporter.com\/de\/wp-json\/wp\/v2\/product"}],"about":[{"href":"https:\/\/turkmenexporter.com\/de\/wp-json\/wp\/v2\/types\/product"}],"replies":[{"embeddable":true,"href":"https:\/\/turkmenexporter.com\/de\/wp-json\/wp\/v2\/comments?post=8473"}],"version-history":[{"count":1,"href":"https:\/\/turkmenexporter.com\/de\/wp-json\/wp\/v2\/product\/8473\/revisions"}],"predecessor-version":[{"id":8533,"href":"https:\/\/turkmenexporter.com\/de\/wp-json\/wp\/v2\/product\/8473\/revisions\/8533"}],"wp:featuredmedia":[{"embeddable":true,"href":"https:\/\/turkmenexporter.com\/de\/wp-json\/wp\/v2\/media\/8381"}],"wp:attachment":[{"href":"https:\/\/turkmenexporter.com\/de\/wp-json\/wp\/v2\/media?parent=8473"}],"wp:term":[{"taxonomy":"brand","embeddable":true,"href":"https:\/\/turkmenexporter.com\/de\/wp-json\/wp\/v2\/brand?post=8473"},{"taxonomy":"product_cat","embeddable":true,"href":"https:\/\/turkmenexporter.com\/de\/wp-json\/wp\/v2\/product_cat?post=8473"},{"taxonomy":"product_tag","embeddable":true,"href":"https:\/\/turkmenexporter.com\/de\/wp-json\/wp\/v2\/product_tag?post=8473"}],"curies":[{"name":"wp","href":"https:\/\/api.w.org\/{rel}","templated":true}]}}