{"id":8475,"date":"2024-05-30T14:31:46","date_gmt":"2024-05-30T09:31:46","guid":{"rendered":"https:\/\/turkmenexporter.com\/product\/tomatenketchup-dayhan-350-gr\/"},"modified":"2024-09-17T19:28:06","modified_gmt":"2024-09-17T14:28:06","slug":"tomatenketchup-dayhan-350-gr","status":"publish","type":"product","link":"https:\/\/turkmenexporter.com\/de\/produkt\/tomatenketchup-dayhan-350-gr\/","title":{"rendered":"Tomatenketchup Dayhan 350 gr"},"content":{"rendered":"<p>Zutaten: Tomatenmark, Kristallzucker, Kartoffelst\u00e4rke, Speisesalz, Konservierungsstoffe: Kaliumsorbat E202, Essigs\u00e4ure E260, Gew\u00fcrzpflanzen: Dill, Basilikum, Petersilie. Massenanteil an l\u00f6slichen Feststoffen 23%. N\u00e4hrwert von 100 g. Produkt: Kohlenhydrate &#8211; 24,6 g. Energiewert &#8211; 98,4 kcal. Lagerung bei Temperaturen von 0\u00baC bis 6\u00baC. Haltbarkeitsdauer 6 Monate. Das Herstellungsdatum ist auf der Verpackung angegeben.<\/p>\n","protected":false},"excerpt":{"rendered":"<p>Flasche Tomatenketchup 350 gr<br \/>\n24 Flaschen in einem Block<\/p>\n","protected":false},"featured_media":8405,"comment_status":"open","ping_status":"closed","template":"","meta":{"_acf_changed":false},"brand":[670],"product_cat":[676],"product_tag":[],"class_list":{"0":"post-8475","1":"product","2":"type-product","3":"status-publish","4":"has-post-thumbnail","6":"brand-dayhan-de","7":"product_cat-tomatenketchup","9":"first","10":"instock","11":"shipping-taxable","12":"purchasable","13":"product-type-simple"},"acf":[],"_links":{"self":[{"href":"https:\/\/turkmenexporter.com\/de\/wp-json\/wp\/v2\/product\/8475","targetHints":{"allow":["GET"]}}],"collection":[{"href":"https:\/\/turkmenexporter.com\/de\/wp-json\/wp\/v2\/product"}],"about":[{"href":"https:\/\/turkmenexporter.com\/de\/wp-json\/wp\/v2\/types\/product"}],"replies":[{"embeddable":true,"href":"https:\/\/turkmenexporter.com\/de\/wp-json\/wp\/v2\/comments?post=8475"}],"version-history":[{"count":1,"href":"https:\/\/turkmenexporter.com\/de\/wp-json\/wp\/v2\/product\/8475\/revisions"}],"predecessor-version":[{"id":10179,"href":"https:\/\/turkmenexporter.com\/de\/wp-json\/wp\/v2\/product\/8475\/revisions\/10179"}],"wp:featuredmedia":[{"embeddable":true,"href":"https:\/\/turkmenexporter.com\/de\/wp-json\/wp\/v2\/media\/8405"}],"wp:attachment":[{"href":"https:\/\/turkmenexporter.com\/de\/wp-json\/wp\/v2\/media?parent=8475"}],"wp:term":[{"taxonomy":"brand","embeddable":true,"href":"https:\/\/turkmenexporter.com\/de\/wp-json\/wp\/v2\/brand?post=8475"},{"taxonomy":"product_cat","embeddable":true,"href":"https:\/\/turkmenexporter.com\/de\/wp-json\/wp\/v2\/product_cat?post=8475"},{"taxonomy":"product_tag","embeddable":true,"href":"https:\/\/turkmenexporter.com\/de\/wp-json\/wp\/v2\/product_tag?post=8475"}],"curies":[{"name":"wp","href":"https:\/\/api.w.org\/{rel}","templated":true}]}}