{"id":8838,"date":"2024-09-02T19:03:54","date_gmt":"2024-09-02T14:03:54","guid":{"rendered":"https:\/\/turkmenexporter.com\/product\/gefriergetrocknete-erdbeeren-erem\/"},"modified":"2024-09-17T19:28:03","modified_gmt":"2024-09-17T14:28:03","slug":"gefriergetrocknete-erdbeeren-erem","status":"publish","type":"product","link":"https:\/\/turkmenexporter.com\/de\/produkt\/gefriergetrocknete-erdbeeren-erem\/","title":{"rendered":"Gefriergetrocknete Erdbeeren Erem"},"content":{"rendered":"<p>Unsere gefriergetrockneten Erdbeeren haben die nat\u00fcrliche S\u00fc\u00dfe reifer Erdbeeren und sind reich an Vitamin C, ein starkes Antioxidans, und Vitamin K , das die Knochengesundheit unterst\u00fctzt. Diese leuchtenden und geschmackvollen Erdbeerscheiben sind eine k\u00f6stliche Erg\u00e4nzung zu Desserts, M\u00fcsli und Snacks und verleihen jedem Gericht einen Hauch von S\u00fc\u00dfe und Frische. <\/p>\n","protected":false},"excerpt":{"rendered":"<p>Getrocknete Erdbeerscheiben in einer Packung 20 g einfrieren.<\/p>\n","protected":false},"featured_media":8815,"comment_status":"open","ping_status":"closed","template":"","meta":{"_acf_changed":false},"brand":[688],"product_cat":[694],"product_tag":[849],"class_list":{"0":"post-8838","1":"product","2":"type-product","3":"status-publish","4":"has-post-thumbnail","6":"brand-erem-de","7":"product_cat-gefriergetrocknete-produkte","8":"product_tag-front-product-de","10":"first","11":"instock","12":"shipping-taxable","13":"purchasable","14":"product-type-simple"},"acf":[],"_links":{"self":[{"href":"https:\/\/turkmenexporter.com\/de\/wp-json\/wp\/v2\/product\/8838","targetHints":{"allow":["GET"]}}],"collection":[{"href":"https:\/\/turkmenexporter.com\/de\/wp-json\/wp\/v2\/product"}],"about":[{"href":"https:\/\/turkmenexporter.com\/de\/wp-json\/wp\/v2\/types\/product"}],"replies":[{"embeddable":true,"href":"https:\/\/turkmenexporter.com\/de\/wp-json\/wp\/v2\/comments?post=8838"}],"version-history":[{"count":1,"href":"https:\/\/turkmenexporter.com\/de\/wp-json\/wp\/v2\/product\/8838\/revisions"}],"predecessor-version":[{"id":10160,"href":"https:\/\/turkmenexporter.com\/de\/wp-json\/wp\/v2\/product\/8838\/revisions\/10160"}],"wp:featuredmedia":[{"embeddable":true,"href":"https:\/\/turkmenexporter.com\/de\/wp-json\/wp\/v2\/media\/8815"}],"wp:attachment":[{"href":"https:\/\/turkmenexporter.com\/de\/wp-json\/wp\/v2\/media?parent=8838"}],"wp:term":[{"taxonomy":"brand","embeddable":true,"href":"https:\/\/turkmenexporter.com\/de\/wp-json\/wp\/v2\/brand?post=8838"},{"taxonomy":"product_cat","embeddable":true,"href":"https:\/\/turkmenexporter.com\/de\/wp-json\/wp\/v2\/product_cat?post=8838"},{"taxonomy":"product_tag","embeddable":true,"href":"https:\/\/turkmenexporter.com\/de\/wp-json\/wp\/v2\/product_tag?post=8838"}],"curies":[{"name":"wp","href":"https:\/\/api.w.org\/{rel}","templated":true}]}}