{"id":8839,"date":"2024-09-02T19:36:47","date_gmt":"2024-09-02T14:36:47","guid":{"rendered":"https:\/\/turkmenexporter.com\/product\/gefriergetrocknete-pfirsiche-erem\/"},"modified":"2024-09-17T19:28:01","modified_gmt":"2024-09-17T14:28:01","slug":"gefriergetrocknete-pfirsiche-erem","status":"publish","type":"product","link":"https:\/\/turkmenexporter.com\/de\/produkt\/gefriergetrocknete-pfirsiche-erem\/","title":{"rendered":"Gefriergetrocknete Pfirsiche Erem"},"content":{"rendered":"<p>Genie\u00dfen Sie den s\u00fc\u00dfen und w\u00fcrzigen Geschmack unserer gefriergetrockneten Pfirsichscheiben, die reich an Vitamin A f\u00fcr eine gesunde Haut und Vitamin C zur Unterst\u00fctzung des Immunsystems sind. Diese vielseitigen Pfirsichscheiben k\u00f6nnen zum Verfeinern Ihrer Rezepte verwendet werden, um Gerichte zu kreieren, die nicht nur nahrhaft sind, sondern auch die Sinne erfreuen. Perfekt zum Naschen, Backen oder um Ihren Lieblingsgerichten eine fruchtige Note zu verleihen.  <\/p>\n","protected":false},"excerpt":{"rendered":"<p>Gefriergetrocknete Pfirsichscheiben in einer Packung 25 g.<\/p>\n","protected":false},"featured_media":8803,"comment_status":"open","ping_status":"closed","template":"","meta":{"_acf_changed":false},"brand":[688],"product_cat":[694],"product_tag":[],"class_list":{"0":"post-8839","1":"product","2":"type-product","3":"status-publish","4":"has-post-thumbnail","6":"brand-erem-de","7":"product_cat-gefriergetrocknete-produkte","9":"first","10":"instock","11":"shipping-taxable","12":"purchasable","13":"product-type-simple"},"acf":[],"_links":{"self":[{"href":"https:\/\/turkmenexporter.com\/de\/wp-json\/wp\/v2\/product\/8839","targetHints":{"allow":["GET"]}}],"collection":[{"href":"https:\/\/turkmenexporter.com\/de\/wp-json\/wp\/v2\/product"}],"about":[{"href":"https:\/\/turkmenexporter.com\/de\/wp-json\/wp\/v2\/types\/product"}],"replies":[{"embeddable":true,"href":"https:\/\/turkmenexporter.com\/de\/wp-json\/wp\/v2\/comments?post=8839"}],"version-history":[{"count":1,"href":"https:\/\/turkmenexporter.com\/de\/wp-json\/wp\/v2\/product\/8839\/revisions"}],"predecessor-version":[{"id":10146,"href":"https:\/\/turkmenexporter.com\/de\/wp-json\/wp\/v2\/product\/8839\/revisions\/10146"}],"wp:featuredmedia":[{"embeddable":true,"href":"https:\/\/turkmenexporter.com\/de\/wp-json\/wp\/v2\/media\/8803"}],"wp:attachment":[{"href":"https:\/\/turkmenexporter.com\/de\/wp-json\/wp\/v2\/media?parent=8839"}],"wp:term":[{"taxonomy":"brand","embeddable":true,"href":"https:\/\/turkmenexporter.com\/de\/wp-json\/wp\/v2\/brand?post=8839"},{"taxonomy":"product_cat","embeddable":true,"href":"https:\/\/turkmenexporter.com\/de\/wp-json\/wp\/v2\/product_cat?post=8839"},{"taxonomy":"product_tag","embeddable":true,"href":"https:\/\/turkmenexporter.com\/de\/wp-json\/wp\/v2\/product_tag?post=8839"}],"curies":[{"name":"wp","href":"https:\/\/api.w.org\/{rel}","templated":true}]}}