{"id":8840,"date":"2024-09-02T19:03:26","date_gmt":"2024-09-02T14:03:26","guid":{"rendered":"https:\/\/turkmenexporter.com\/product\/gefriergetrocknete-aepfel-erem\/"},"modified":"2024-09-17T19:28:03","modified_gmt":"2024-09-17T14:28:03","slug":"gefriergetrocknete-aepfel-erem","status":"publish","type":"product","link":"https:\/\/turkmenexporter.com\/de\/produkt\/gefriergetrocknete-aepfel-erem\/","title":{"rendered":"Gefriergetrocknete \u00c4pfel Erem"},"content":{"rendered":"<p>Unsere gefriergetrockneten Apfelscheiben sind ein k\u00f6stlicher und nahrhafter Snack, vollgepackt mit Vitamin C und Ballaststoffen. Mit dem zus\u00e4tzlichen Vorteil von Vitamin A zur Unterst\u00fctzung der Augengesundheit sind diese knusprigen Apfelscheiben perfekt f\u00fcr einen schnellen, gesunden Snack oder als erfrischende Zutat in Ihren Lieblingsrezepten. Genie\u00dfen Sie die nat\u00fcrliche S\u00fc\u00dfe und den knackigen Geschmack von \u00c4pfeln in jedem Bissen.  <\/p>\n","protected":false},"excerpt":{"rendered":"<p>Gefriergetrocknete Apfelscheiben in einer Packung 25 g.<\/p>\n","protected":false},"featured_media":8767,"comment_status":"open","ping_status":"closed","template":"","meta":{"_acf_changed":false},"brand":[688],"product_cat":[694],"product_tag":[],"class_list":{"0":"post-8840","1":"product","2":"type-product","3":"status-publish","4":"has-post-thumbnail","6":"brand-erem-de","7":"product_cat-gefriergetrocknete-produkte","9":"first","10":"instock","11":"shipping-taxable","12":"purchasable","13":"product-type-simple"},"acf":[],"_links":{"self":[{"href":"https:\/\/turkmenexporter.com\/de\/wp-json\/wp\/v2\/product\/8840","targetHints":{"allow":["GET"]}}],"collection":[{"href":"https:\/\/turkmenexporter.com\/de\/wp-json\/wp\/v2\/product"}],"about":[{"href":"https:\/\/turkmenexporter.com\/de\/wp-json\/wp\/v2\/types\/product"}],"replies":[{"embeddable":true,"href":"https:\/\/turkmenexporter.com\/de\/wp-json\/wp\/v2\/comments?post=8840"}],"version-history":[{"count":1,"href":"https:\/\/turkmenexporter.com\/de\/wp-json\/wp\/v2\/product\/8840\/revisions"}],"predecessor-version":[{"id":10164,"href":"https:\/\/turkmenexporter.com\/de\/wp-json\/wp\/v2\/product\/8840\/revisions\/10164"}],"wp:featuredmedia":[{"embeddable":true,"href":"https:\/\/turkmenexporter.com\/de\/wp-json\/wp\/v2\/media\/8767"}],"wp:attachment":[{"href":"https:\/\/turkmenexporter.com\/de\/wp-json\/wp\/v2\/media?parent=8840"}],"wp:term":[{"taxonomy":"brand","embeddable":true,"href":"https:\/\/turkmenexporter.com\/de\/wp-json\/wp\/v2\/brand?post=8840"},{"taxonomy":"product_cat","embeddable":true,"href":"https:\/\/turkmenexporter.com\/de\/wp-json\/wp\/v2\/product_cat?post=8840"},{"taxonomy":"product_tag","embeddable":true,"href":"https:\/\/turkmenexporter.com\/de\/wp-json\/wp\/v2\/product_tag?post=8840"}],"curies":[{"name":"wp","href":"https:\/\/api.w.org\/{rel}","templated":true}]}}