{"id":8841,"date":"2024-09-02T19:31:10","date_gmt":"2024-09-02T14:31:10","guid":{"rendered":"https:\/\/turkmenexporter.com\/product\/gefriergetrocknete-banane-erem\/"},"modified":"2024-09-17T19:28:01","modified_gmt":"2024-09-17T14:28:01","slug":"gefriergetrocknete-banane-erem","status":"publish","type":"product","link":"https:\/\/turkmenexporter.com\/de\/produkt\/gefriergetrocknete-banane-erem\/","title":{"rendered":"Gefriergetrocknete Banane Erem"},"content":{"rendered":"<p>Unsere gefriergetrockneten Bananenscheiben sind reich an Geschmack und N\u00e4hrstoffen und bieten einen Schub an Vitamin C zur Unterst\u00fctzung des Immunsystems und Vitamin B6 f\u00fcr die Gesundheit des Nervensystems. Diese knusprigen Bananenscheiben sind eine ausgezeichnete Wahl f\u00fcr Desserts, Smoothies oder einen schnellen, energiespendenden Snack und bieten eine nat\u00fcrlich s\u00fc\u00dfe und befriedigende Erfahrung. <\/p>\n","protected":false},"excerpt":{"rendered":"<p>Gefriergetrocknete Bananenscheiben in einer Packung 25 g.<\/p>\n","protected":false},"featured_media":8779,"comment_status":"open","ping_status":"closed","template":"","meta":{"_acf_changed":false},"brand":[688],"product_cat":[694],"product_tag":[],"class_list":{"0":"post-8841","1":"product","2":"type-product","3":"status-publish","4":"has-post-thumbnail","6":"brand-erem-de","7":"product_cat-gefriergetrocknete-produkte","9":"first","10":"instock","11":"shipping-taxable","12":"purchasable","13":"product-type-simple"},"acf":[],"_links":{"self":[{"href":"https:\/\/turkmenexporter.com\/de\/wp-json\/wp\/v2\/product\/8841","targetHints":{"allow":["GET"]}}],"collection":[{"href":"https:\/\/turkmenexporter.com\/de\/wp-json\/wp\/v2\/product"}],"about":[{"href":"https:\/\/turkmenexporter.com\/de\/wp-json\/wp\/v2\/types\/product"}],"replies":[{"embeddable":true,"href":"https:\/\/turkmenexporter.com\/de\/wp-json\/wp\/v2\/comments?post=8841"}],"version-history":[{"count":1,"href":"https:\/\/turkmenexporter.com\/de\/wp-json\/wp\/v2\/product\/8841\/revisions"}],"predecessor-version":[{"id":10151,"href":"https:\/\/turkmenexporter.com\/de\/wp-json\/wp\/v2\/product\/8841\/revisions\/10151"}],"wp:featuredmedia":[{"embeddable":true,"href":"https:\/\/turkmenexporter.com\/de\/wp-json\/wp\/v2\/media\/8779"}],"wp:attachment":[{"href":"https:\/\/turkmenexporter.com\/de\/wp-json\/wp\/v2\/media?parent=8841"}],"wp:term":[{"taxonomy":"brand","embeddable":true,"href":"https:\/\/turkmenexporter.com\/de\/wp-json\/wp\/v2\/brand?post=8841"},{"taxonomy":"product_cat","embeddable":true,"href":"https:\/\/turkmenexporter.com\/de\/wp-json\/wp\/v2\/product_cat?post=8841"},{"taxonomy":"product_tag","embeddable":true,"href":"https:\/\/turkmenexporter.com\/de\/wp-json\/wp\/v2\/product_tag?post=8841"}],"curies":[{"name":"wp","href":"https:\/\/api.w.org\/{rel}","templated":true}]}}