{"id":8842,"date":"2024-09-02T19:12:40","date_gmt":"2024-09-02T14:12:40","guid":{"rendered":"https:\/\/turkmenexporter.com\/product\/gefriergetrocknete-melone-erem\/"},"modified":"2024-09-17T19:28:02","modified_gmt":"2024-09-17T14:28:02","slug":"gefriergetrocknete-melone-erem","status":"publish","type":"product","link":"https:\/\/turkmenexporter.com\/de\/produkt\/gefriergetrocknete-melone-erem\/","title":{"rendered":"Gefriergetrocknete Melone Erem"},"content":{"rendered":"<p>Genie\u00dfen Sie den erfrischenden Geschmack der Melone mit unseren gefriergetrockneten Melonenst\u00fcckchen, eine Quelle von Vitamin C zur St\u00e4rkung des Immunsystems und Vitamin A zur Unterst\u00fctzung der Augengesundheit. Diese knusprigen, fruchtigen K\u00f6stlichkeiten eignen sich perfekt f\u00fcr die Zubereitung Getr\u00e4nken und Desserts oder als leichter, gesunder gesunder Snack , der das ganze Jahr \u00fcber die Essenz des Sommers einf\u00e4ngt. <\/p>\n","protected":false},"excerpt":{"rendered":"<p>Gefriergetrocknete Melonenscheiben in einer Packung 20 g.<\/p>\n","protected":false},"featured_media":8791,"comment_status":"open","ping_status":"closed","template":"","meta":{"_acf_changed":false},"brand":[688],"product_cat":[694],"product_tag":[],"class_list":{"0":"post-8842","1":"product","2":"type-product","3":"status-publish","4":"has-post-thumbnail","6":"brand-erem-de","7":"product_cat-gefriergetrocknete-produkte","9":"first","10":"instock","11":"shipping-taxable","12":"purchasable","13":"product-type-simple"},"acf":[],"_links":{"self":[{"href":"https:\/\/turkmenexporter.com\/de\/wp-json\/wp\/v2\/product\/8842","targetHints":{"allow":["GET"]}}],"collection":[{"href":"https:\/\/turkmenexporter.com\/de\/wp-json\/wp\/v2\/product"}],"about":[{"href":"https:\/\/turkmenexporter.com\/de\/wp-json\/wp\/v2\/types\/product"}],"replies":[{"embeddable":true,"href":"https:\/\/turkmenexporter.com\/de\/wp-json\/wp\/v2\/comments?post=8842"}],"version-history":[{"count":1,"href":"https:\/\/turkmenexporter.com\/de\/wp-json\/wp\/v2\/product\/8842\/revisions"}],"predecessor-version":[{"id":10155,"href":"https:\/\/turkmenexporter.com\/de\/wp-json\/wp\/v2\/product\/8842\/revisions\/10155"}],"wp:featuredmedia":[{"embeddable":true,"href":"https:\/\/turkmenexporter.com\/de\/wp-json\/wp\/v2\/media\/8791"}],"wp:attachment":[{"href":"https:\/\/turkmenexporter.com\/de\/wp-json\/wp\/v2\/media?parent=8842"}],"wp:term":[{"taxonomy":"brand","embeddable":true,"href":"https:\/\/turkmenexporter.com\/de\/wp-json\/wp\/v2\/brand?post=8842"},{"taxonomy":"product_cat","embeddable":true,"href":"https:\/\/turkmenexporter.com\/de\/wp-json\/wp\/v2\/product_cat?post=8842"},{"taxonomy":"product_tag","embeddable":true,"href":"https:\/\/turkmenexporter.com\/de\/wp-json\/wp\/v2\/product_tag?post=8842"}],"curies":[{"name":"wp","href":"https:\/\/api.w.org\/{rel}","templated":true}]}}