{"id":9028,"date":"2024-09-03T17:33:00","date_gmt":"2024-09-03T12:33:00","guid":{"rendered":"https:\/\/turkmenexporter.com\/product\/arabica-robusta-geroestete-kaffeebohnen-el-diamante-1-kg\/"},"modified":"2024-09-17T19:28:00","modified_gmt":"2024-09-17T14:28:00","slug":"arabica-robusta-geroestete-kaffeebohnen-el-diamante-1-kg","status":"publish","type":"product","link":"https:\/\/turkmenexporter.com\/de\/produkt\/arabica-robusta-geroestete-kaffeebohnen-el-diamante-1-kg\/","title":{"rendered":"Arabica Robusta ger\u00f6stete Kaffeebohnen El Diamante 1 kg"},"content":{"rendered":"<p>Zutaten: 100% nat\u00fcrliche ganze Bohnen. Eine einzigartige Mischung aus den besten Arabica- und Robusta-Sorten. Reichhaltiger und ausgewogener Geschmack mit schokoladigen und nussigen Noten. Eine angenehme Bitterkeit ist vorhanden. Lagerbedingungen: bei einer Temperatur von 0\u00b0C bis + 20\u00b0C und einer relativen Luftfeuchtigkeit von nicht mehr als 75%. Gr\u00f6\u00dfe der Einheit B\/H: 20\/25 sm Gewicht: 1 kg Lagerf\u00e4higkeit: 24 Monate     <\/p>\n","protected":false},"excerpt":{"rendered":"<p>50% Arabica 50% Robusta mittelstark ger\u00f6stete Kaffeemischung 1 kg. Nat\u00fcrliche ganze Bohnen aus \u00c4thiopien. <\/p>\n","protected":false},"featured_media":8870,"comment_status":"open","ping_status":"closed","template":"","meta":{"_acf_changed":false},"brand":[658],"product_cat":[730],"product_tag":[],"class_list":{"0":"post-9028","1":"product","2":"type-product","3":"status-publish","4":"has-post-thumbnail","6":"brand-markow-coffee-de","7":"product_cat-kaffee","9":"first","10":"instock","11":"shipping-taxable","12":"purchasable","13":"product-type-simple"},"acf":[],"_links":{"self":[{"href":"https:\/\/turkmenexporter.com\/de\/wp-json\/wp\/v2\/product\/9028","targetHints":{"allow":["GET"]}}],"collection":[{"href":"https:\/\/turkmenexporter.com\/de\/wp-json\/wp\/v2\/product"}],"about":[{"href":"https:\/\/turkmenexporter.com\/de\/wp-json\/wp\/v2\/types\/product"}],"replies":[{"embeddable":true,"href":"https:\/\/turkmenexporter.com\/de\/wp-json\/wp\/v2\/comments?post=9028"}],"version-history":[{"count":1,"href":"https:\/\/turkmenexporter.com\/de\/wp-json\/wp\/v2\/product\/9028\/revisions"}],"predecessor-version":[{"id":9029,"href":"https:\/\/turkmenexporter.com\/de\/wp-json\/wp\/v2\/product\/9028\/revisions\/9029"}],"wp:featuredmedia":[{"embeddable":true,"href":"https:\/\/turkmenexporter.com\/de\/wp-json\/wp\/v2\/media\/8870"}],"wp:attachment":[{"href":"https:\/\/turkmenexporter.com\/de\/wp-json\/wp\/v2\/media?parent=9028"}],"wp:term":[{"taxonomy":"brand","embeddable":true,"href":"https:\/\/turkmenexporter.com\/de\/wp-json\/wp\/v2\/brand?post=9028"},{"taxonomy":"product_cat","embeddable":true,"href":"https:\/\/turkmenexporter.com\/de\/wp-json\/wp\/v2\/product_cat?post=9028"},{"taxonomy":"product_tag","embeddable":true,"href":"https:\/\/turkmenexporter.com\/de\/wp-json\/wp\/v2\/product_tag?post=9028"}],"curies":[{"name":"wp","href":"https:\/\/api.w.org\/{rel}","templated":true}]}}