{"id":9030,"date":"2024-09-03T17:33:06","date_gmt":"2024-09-03T12:33:06","guid":{"rendered":"https:\/\/turkmenexporter.com\/product\/instantkaffee-3-in-1-latte\/"},"modified":"2024-09-17T19:27:52","modified_gmt":"2024-09-17T14:27:52","slug":"instantkaffee-3-in-1-latte","status":"publish","type":"product","link":"https:\/\/turkmenexporter.com\/de\/produkt\/instantkaffee-3-in-1-latte\/","title":{"rendered":"Instantkaffee 3 in 1 Latte"},"content":{"rendered":"<p>Markow Coffee 3 in 1 Hazelnut Instantkaffee &#8211; dieses Kaffeegetr\u00e4nk mit N\u00fcssen unterscheidet sich von seinen Pendants durch sein wunderbares nat\u00fcrliches Aroma. Er ist sofort zubereitet und f\u00fcllt den Raum mit einem einladenden Aroma. Zutaten: Naturkaffee, Kristallzucker, milchfreier Kaffeewei\u00dfer, Nussaroma.   Nicht-GMO. Lagerungsbedingungen: bei einer Temperatur von 0\u00b0C bis + 20\u00b0C und einer relativen Luftfeuchtigkeit von nicht mehr als 75%. Lagerf\u00e4higkeit: 24 Monate <\/p>\n","protected":false},"excerpt":{"rendered":"<p>Instantkaffee Latte Beutel 20 g. 20 Beutel in einer Schachtel <\/p>\n","protected":false},"featured_media":8912,"comment_status":"open","ping_status":"closed","template":"","meta":{"_acf_changed":false},"brand":[658],"product_cat":[730],"product_tag":[],"class_list":{"0":"post-9030","1":"product","2":"type-product","3":"status-publish","4":"has-post-thumbnail","6":"brand-markow-coffee-de","7":"product_cat-kaffee","9":"first","10":"instock","11":"shipping-taxable","12":"purchasable","13":"product-type-simple"},"acf":[],"_links":{"self":[{"href":"https:\/\/turkmenexporter.com\/de\/wp-json\/wp\/v2\/product\/9030","targetHints":{"allow":["GET"]}}],"collection":[{"href":"https:\/\/turkmenexporter.com\/de\/wp-json\/wp\/v2\/product"}],"about":[{"href":"https:\/\/turkmenexporter.com\/de\/wp-json\/wp\/v2\/types\/product"}],"replies":[{"embeddable":true,"href":"https:\/\/turkmenexporter.com\/de\/wp-json\/wp\/v2\/comments?post=9030"}],"version-history":[{"count":1,"href":"https:\/\/turkmenexporter.com\/de\/wp-json\/wp\/v2\/product\/9030\/revisions"}],"predecessor-version":[{"id":10076,"href":"https:\/\/turkmenexporter.com\/de\/wp-json\/wp\/v2\/product\/9030\/revisions\/10076"}],"wp:featuredmedia":[{"embeddable":true,"href":"https:\/\/turkmenexporter.com\/de\/wp-json\/wp\/v2\/media\/8912"}],"wp:attachment":[{"href":"https:\/\/turkmenexporter.com\/de\/wp-json\/wp\/v2\/media?parent=9030"}],"wp:term":[{"taxonomy":"brand","embeddable":true,"href":"https:\/\/turkmenexporter.com\/de\/wp-json\/wp\/v2\/brand?post=9030"},{"taxonomy":"product_cat","embeddable":true,"href":"https:\/\/turkmenexporter.com\/de\/wp-json\/wp\/v2\/product_cat?post=9030"},{"taxonomy":"product_tag","embeddable":true,"href":"https:\/\/turkmenexporter.com\/de\/wp-json\/wp\/v2\/product_tag?post=9030"}],"curies":[{"name":"wp","href":"https:\/\/api.w.org\/{rel}","templated":true}]}}