{"id":9035,"date":"2024-09-03T17:33:04","date_gmt":"2024-09-03T12:33:04","guid":{"rendered":"https:\/\/turkmenexporter.com\/product\/instantkaffee-3-in-1-mokka-im-plastikbecher\/"},"modified":"2024-09-17T19:27:55","modified_gmt":"2024-09-17T14:27:55","slug":"instantkaffee-3-in-1-mokka-im-plastikbecher","status":"publish","type":"product","link":"https:\/\/turkmenexporter.com\/de\/produkt\/instantkaffee-3-in-1-mokka-im-plastikbecher\/","title":{"rendered":"Instantkaffee 3 in 1 Mokka im Plastikbecher"},"content":{"rendered":"<p>Genie\u00dfen Sie den reichhaltigen und genussvollen Geschmack von Mokka mit unserem Instantkaffee 3 in 1 Mokka im Plastikbecher. Diese k\u00f6stliche Mischung kombiniert kr\u00e4ftigen Kaffee, milde Kaffeesahne und einen Hauch von Schokolade f\u00fcr ein perfekt ausgewogenes Mokka-Erlebnis. Praktisch verpackt f\u00fcr Einzelportionen, ist es die perfekte Wahl f\u00fcr eine schnelle, zufriedenstellende Kaffeepause, wo immer Sie sind. Genie\u00dfen Sie die harmonische Mischung aus Kaffee- und Schokoladengeschmack bei jedem Schluck. Lagerbedingungen: bei einer Temperatur von 0\u00b0C bis + 20\u00b0C und einer relativen Luftfeuchtigkeit von nicht mehr als 75%. Gr\u00f6\u00dfe der Einheit B\/H: 6\/13 sm Lagerf\u00e4higkeit: 24 Monate     <\/p>\n","protected":false},"excerpt":{"rendered":"<p>Instantkaffee Mokka im Plastikbecher 14,5 g. 175 Tassen in einer Packung <\/p>\n","protected":false},"featured_media":8954,"comment_status":"open","ping_status":"closed","template":"","meta":{"_acf_changed":false},"brand":[658],"product_cat":[730],"product_tag":[],"class_list":{"0":"post-9035","1":"product","2":"type-product","3":"status-publish","4":"has-post-thumbnail","6":"brand-markow-coffee-de","7":"product_cat-kaffee","9":"first","10":"instock","11":"shipping-taxable","12":"purchasable","13":"product-type-simple"},"acf":[],"_links":{"self":[{"href":"https:\/\/turkmenexporter.com\/de\/wp-json\/wp\/v2\/product\/9035","targetHints":{"allow":["GET"]}}],"collection":[{"href":"https:\/\/turkmenexporter.com\/de\/wp-json\/wp\/v2\/product"}],"about":[{"href":"https:\/\/turkmenexporter.com\/de\/wp-json\/wp\/v2\/types\/product"}],"replies":[{"embeddable":true,"href":"https:\/\/turkmenexporter.com\/de\/wp-json\/wp\/v2\/comments?post=9035"}],"version-history":[{"count":1,"href":"https:\/\/turkmenexporter.com\/de\/wp-json\/wp\/v2\/product\/9035\/revisions"}],"predecessor-version":[{"id":10100,"href":"https:\/\/turkmenexporter.com\/de\/wp-json\/wp\/v2\/product\/9035\/revisions\/10100"}],"wp:featuredmedia":[{"embeddable":true,"href":"https:\/\/turkmenexporter.com\/de\/wp-json\/wp\/v2\/media\/8954"}],"wp:attachment":[{"href":"https:\/\/turkmenexporter.com\/de\/wp-json\/wp\/v2\/media?parent=9035"}],"wp:term":[{"taxonomy":"brand","embeddable":true,"href":"https:\/\/turkmenexporter.com\/de\/wp-json\/wp\/v2\/brand?post=9035"},{"taxonomy":"product_cat","embeddable":true,"href":"https:\/\/turkmenexporter.com\/de\/wp-json\/wp\/v2\/product_cat?post=9035"},{"taxonomy":"product_tag","embeddable":true,"href":"https:\/\/turkmenexporter.com\/de\/wp-json\/wp\/v2\/product_tag?post=9035"}],"curies":[{"name":"wp","href":"https:\/\/api.w.org\/{rel}","templated":true}]}}