{"id":9036,"date":"2024-09-03T17:33:03","date_gmt":"2024-09-03T12:33:03","guid":{"rendered":"https:\/\/turkmenexporter.com\/product\/instant-kaffee-classic-im-k-becher\/"},"modified":"2026-03-22T15:59:50","modified_gmt":"2026-03-22T10:59:50","slug":"instant-kaffee-classic-im-k-becher","status":"publish","type":"product","link":"https:\/\/turkmenexporter.com\/de\/produkt\/instant-kaffee-classic-im-k-becher\/","title":{"rendered":"Instant-Kaffee Classic im K-Becher"},"content":{"rendered":"<p>Erleben Sie den kr\u00e4ftigen und sanften Geschmack unseres klassischen Instant-Kaffees, der in einer praktischen K-Cup-Verpackung f\u00fcr eine schnelle und einfache Zubereitung verpackt ist. Diese klassische Mischung wird aus hochwertigen Kaffeebohnen hergestellt und bietet einen reichen und vollmundigen Geschmack. Perfekt f\u00fcr einen anstrengenden Morgen oder eine schnelle Kaffeepause, ist er eine ausgezeichnete Wahl f\u00fcr den privaten und gesch\u00e4ftlichen Gebrauch. Lagerbedingungen: bei einer Temperatur von 0\u00b0C bis + 20\u00b0C und einer relativen Luftfeuchtigkeit von nicht mehr als 75%. Gr\u00f6\u00dfe der Einheit B\/H: 6\/13 sm Lagerf\u00e4higkeit: 24 Monate    <\/p>\n","protected":false},"excerpt":{"rendered":"<p>Instantkaffee im Plastikbecher 14,5 g. 175 Tassen in einer Schachtel <\/p>\n","protected":false},"featured_media":8882,"comment_status":"open","ping_status":"closed","template":"","meta":{"_acf_changed":false},"brand":[658],"product_cat":[730],"product_tag":[],"class_list":{"0":"post-9036","1":"product","2":"type-product","3":"status-publish","4":"has-post-thumbnail","6":"brand-markow-coffee-de","7":"product_cat-kaffee","9":"first","10":"instock","11":"shipping-taxable","12":"purchasable","13":"product-type-simple"},"acf":[],"_links":{"self":[{"href":"https:\/\/turkmenexporter.com\/de\/wp-json\/wp\/v2\/product\/9036","targetHints":{"allow":["GET"]}}],"collection":[{"href":"https:\/\/turkmenexporter.com\/de\/wp-json\/wp\/v2\/product"}],"about":[{"href":"https:\/\/turkmenexporter.com\/de\/wp-json\/wp\/v2\/types\/product"}],"replies":[{"embeddable":true,"href":"https:\/\/turkmenexporter.com\/de\/wp-json\/wp\/v2\/comments?post=9036"}],"version-history":[{"count":1,"href":"https:\/\/turkmenexporter.com\/de\/wp-json\/wp\/v2\/product\/9036\/revisions"}],"predecessor-version":[{"id":10115,"href":"https:\/\/turkmenexporter.com\/de\/wp-json\/wp\/v2\/product\/9036\/revisions\/10115"}],"wp:featuredmedia":[{"embeddable":true,"href":"https:\/\/turkmenexporter.com\/de\/wp-json\/wp\/v2\/media\/8882"}],"wp:attachment":[{"href":"https:\/\/turkmenexporter.com\/de\/wp-json\/wp\/v2\/media?parent=9036"}],"wp:term":[{"taxonomy":"brand","embeddable":true,"href":"https:\/\/turkmenexporter.com\/de\/wp-json\/wp\/v2\/brand?post=9036"},{"taxonomy":"product_cat","embeddable":true,"href":"https:\/\/turkmenexporter.com\/de\/wp-json\/wp\/v2\/product_cat?post=9036"},{"taxonomy":"product_tag","embeddable":true,"href":"https:\/\/turkmenexporter.com\/de\/wp-json\/wp\/v2\/product_tag?post=9036"}],"curies":[{"name":"wp","href":"https:\/\/api.w.org\/{rel}","templated":true}]}}