{"id":9037,"date":"2024-09-03T17:33:03","date_gmt":"2024-09-03T12:33:03","guid":{"rendered":"https:\/\/turkmenexporter.com\/product\/instantkaffee-3-in-1-cappuccino-im-plastikbecher\/"},"modified":"2024-09-17T19:27:57","modified_gmt":"2024-09-17T14:27:57","slug":"instantkaffee-3-in-1-cappuccino-im-plastikbecher","status":"publish","type":"product","link":"https:\/\/turkmenexporter.com\/de\/produkt\/instantkaffee-3-in-1-cappuccino-im-plastikbecher\/","title":{"rendered":"Instantkaffee 3 in 1 Cappuccino im Plastikbecher"},"content":{"rendered":"<p>Genie\u00dfen Sie die cremige, schaumige G\u00fcte eines Cappuccinos mit unserem Instantkaffee 3 in 1 Cappuccino in einer Tasse f\u00fcr eine Portion. Diese All-in-One-Mischung kombiniert reichhaltigen Kaffee, milde Kaffeesahne und genau die richtige Menge an Zucker f\u00fcr einen perfekt ausgewogenen, k\u00f6stlichen Cappuccino. Sie ist bequem und einfach zuzubereiten und eignet sich perfekt f\u00fcr ein schnelles und zufriedenstellendes Kaffeeerlebnis zu Hause, im B\u00fcro oder unterwegs. Lagerbedingungen: bei einer Temperatur von 0\u00b0C bis + 20\u00b0C und einer relativen Luftfeuchtigkeit von nicht mehr als 75%. Gr\u00f6\u00dfe der Einheit B\/H: 6\/13 sm Lagerf\u00e4higkeit: 24 Monate    <\/p>\n","protected":false},"excerpt":{"rendered":"<p>Instantkaffee Cappuccino im Plastikbecher 16,5 g. 175 Tassen in einer Schachtel <\/p>\n","protected":false},"featured_media":8888,"comment_status":"open","ping_status":"closed","template":"","meta":{"_acf_changed":false},"brand":[658],"product_cat":[730],"product_tag":[],"class_list":{"0":"post-9037","1":"product","2":"type-product","3":"status-publish","4":"has-post-thumbnail","6":"brand-markow-coffee-de","7":"product_cat-kaffee","9":"first","10":"instock","11":"shipping-taxable","12":"purchasable","13":"product-type-simple"},"acf":[],"_links":{"self":[{"href":"https:\/\/turkmenexporter.com\/de\/wp-json\/wp\/v2\/product\/9037","targetHints":{"allow":["GET"]}}],"collection":[{"href":"https:\/\/turkmenexporter.com\/de\/wp-json\/wp\/v2\/product"}],"about":[{"href":"https:\/\/turkmenexporter.com\/de\/wp-json\/wp\/v2\/types\/product"}],"replies":[{"embeddable":true,"href":"https:\/\/turkmenexporter.com\/de\/wp-json\/wp\/v2\/comments?post=9037"}],"version-history":[{"count":1,"href":"https:\/\/turkmenexporter.com\/de\/wp-json\/wp\/v2\/product\/9037\/revisions"}],"predecessor-version":[{"id":10114,"href":"https:\/\/turkmenexporter.com\/de\/wp-json\/wp\/v2\/product\/9037\/revisions\/10114"}],"wp:featuredmedia":[{"embeddable":true,"href":"https:\/\/turkmenexporter.com\/de\/wp-json\/wp\/v2\/media\/8888"}],"wp:attachment":[{"href":"https:\/\/turkmenexporter.com\/de\/wp-json\/wp\/v2\/media?parent=9037"}],"wp:term":[{"taxonomy":"brand","embeddable":true,"href":"https:\/\/turkmenexporter.com\/de\/wp-json\/wp\/v2\/brand?post=9037"},{"taxonomy":"product_cat","embeddable":true,"href":"https:\/\/turkmenexporter.com\/de\/wp-json\/wp\/v2\/product_cat?post=9037"},{"taxonomy":"product_tag","embeddable":true,"href":"https:\/\/turkmenexporter.com\/de\/wp-json\/wp\/v2\/product_tag?post=9037"}],"curies":[{"name":"wp","href":"https:\/\/api.w.org\/{rel}","templated":true}]}}