{"id":9038,"date":"2024-09-03T17:33:03","date_gmt":"2024-09-03T12:33:03","guid":{"rendered":"https:\/\/turkmenexporter.com\/product\/instantkaffee-3-in-1-haselnuss-im-plastikbecher\/"},"modified":"2024-09-17T19:27:56","modified_gmt":"2024-09-17T14:27:56","slug":"instantkaffee-3-in-1-haselnuss-im-plastikbecher","status":"publish","type":"product","link":"https:\/\/turkmenexporter.com\/de\/produkt\/instantkaffee-3-in-1-haselnuss-im-plastikbecher\/","title":{"rendered":"Instantkaffee 3 in 1 Haselnuss im Plastikbecher"},"content":{"rendered":"<p>Genie\u00dfen Sie den nussigen Geschmack der Haselnuss mit unserem Instantkaffee 3 in 1 Haselnuss im Plastikbecher. Diese Mischung bietet die perfekte Mischung aus Kaffee, Kaffeesahne und Zucker, mit einer k\u00f6stlichen Haselnussnote. Praktisch verpackt f\u00fcr Einzelportionen, ist es einfach, jederzeit und \u00fcberall eine geschmackvolle und aromatische Tasse Kaffee zu genie\u00dfen. Ideal f\u00fcr einen schnellen Genuss oder eine entspannende Kaffeepause. Lagerbedingungen: bei einer Temperatur von 0\u00b0C bis + 20\u00b0C und einer relativen Luftfeuchtigkeit von nicht mehr als 75%. Gr\u00f6\u00dfe der Einheit B\/H: 6\/13 sm Lagerf\u00e4higkeit: 24 Monate     <\/p>\n","protected":false},"excerpt":{"rendered":"<p>Instantkaffee Haselnuss im Plastikbecher 16,5 g. 175 Tassen in einer Schachtel <\/p>\n","protected":false},"featured_media":8900,"comment_status":"open","ping_status":"closed","template":"","meta":{"_acf_changed":false},"brand":[658],"product_cat":[730],"product_tag":[849],"class_list":{"0":"post-9038","1":"product","2":"type-product","3":"status-publish","4":"has-post-thumbnail","6":"brand-markow-coffee-de","7":"product_cat-kaffee","8":"product_tag-front-product-de","10":"first","11":"instock","12":"shipping-taxable","13":"purchasable","14":"product-type-simple"},"acf":[],"_links":{"self":[{"href":"https:\/\/turkmenexporter.com\/de\/wp-json\/wp\/v2\/product\/9038","targetHints":{"allow":["GET"]}}],"collection":[{"href":"https:\/\/turkmenexporter.com\/de\/wp-json\/wp\/v2\/product"}],"about":[{"href":"https:\/\/turkmenexporter.com\/de\/wp-json\/wp\/v2\/types\/product"}],"replies":[{"embeddable":true,"href":"https:\/\/turkmenexporter.com\/de\/wp-json\/wp\/v2\/comments?post=9038"}],"version-history":[{"count":1,"href":"https:\/\/turkmenexporter.com\/de\/wp-json\/wp\/v2\/product\/9038\/revisions"}],"predecessor-version":[{"id":10113,"href":"https:\/\/turkmenexporter.com\/de\/wp-json\/wp\/v2\/product\/9038\/revisions\/10113"}],"wp:featuredmedia":[{"embeddable":true,"href":"https:\/\/turkmenexporter.com\/de\/wp-json\/wp\/v2\/media\/8900"}],"wp:attachment":[{"href":"https:\/\/turkmenexporter.com\/de\/wp-json\/wp\/v2\/media?parent=9038"}],"wp:term":[{"taxonomy":"brand","embeddable":true,"href":"https:\/\/turkmenexporter.com\/de\/wp-json\/wp\/v2\/brand?post=9038"},{"taxonomy":"product_cat","embeddable":true,"href":"https:\/\/turkmenexporter.com\/de\/wp-json\/wp\/v2\/product_cat?post=9038"},{"taxonomy":"product_tag","embeddable":true,"href":"https:\/\/turkmenexporter.com\/de\/wp-json\/wp\/v2\/product_tag?post=9038"}],"curies":[{"name":"wp","href":"https:\/\/api.w.org\/{rel}","templated":true}]}}