{"id":9039,"date":"2024-09-03T17:33:02","date_gmt":"2024-09-03T12:33:02","guid":{"rendered":"https:\/\/turkmenexporter.com\/product\/heisse-schokolade-im-plastikbecher\/"},"modified":"2024-09-17T19:27:58","modified_gmt":"2024-09-17T14:27:58","slug":"heisse-schokolade-im-plastikbecher","status":"publish","type":"product","link":"https:\/\/turkmenexporter.com\/de\/produkt\/heisse-schokolade-im-plastikbecher\/","title":{"rendered":"Hei\u00dfe Schokolade im Plastikbecher"},"content":{"rendered":"<p>Genie\u00dfen Sie den reichhaltigen, cremigen Geschmack von hei\u00dfer Schokolade mit unserem praktischen Einzelportionsbecher. Dieses wohltuende Getr\u00e4nk aus hochwertigem Kakao ist perfekt, um jederzeit eine warme, schokoladige Leckerei zu genie\u00dfen. Einfach hei\u00dfes Wasser oder Milch hinzuf\u00fcgen, umr\u00fchren und den weichen, samtigen Geschmack genie\u00dfen. Ideal f\u00fcr Caf\u00e9s, B\u00fcros oder f\u00fcr den schnellen Genuss zu Hause. Lagerbedingungen: bei einer Temperatur von 0\u00b0C bis + 20\u00b0C und einer relativen Luftfeuchtigkeit von nicht mehr als 75%. Gr\u00f6\u00dfe der Einheit B\/H: 6\/13 sm Lagerf\u00e4higkeit: 24 Monate     <\/p>\n","protected":false},"excerpt":{"rendered":"<p>Hei\u00dfe Schokolade im Plastikbecher 14,5 g. 175 Becher in einer Schachtel <\/p>\n","protected":false},"featured_media":8876,"comment_status":"open","ping_status":"closed","template":"","meta":{"_acf_changed":false},"brand":[658],"product_cat":[730],"product_tag":[],"class_list":{"0":"post-9039","1":"product","2":"type-product","3":"status-publish","4":"has-post-thumbnail","6":"brand-markow-coffee-de","7":"product_cat-kaffee","9":"first","10":"instock","11":"shipping-taxable","12":"purchasable","13":"product-type-simple"},"acf":[],"_links":{"self":[{"href":"https:\/\/turkmenexporter.com\/de\/wp-json\/wp\/v2\/product\/9039","targetHints":{"allow":["GET"]}}],"collection":[{"href":"https:\/\/turkmenexporter.com\/de\/wp-json\/wp\/v2\/product"}],"about":[{"href":"https:\/\/turkmenexporter.com\/de\/wp-json\/wp\/v2\/types\/product"}],"replies":[{"embeddable":true,"href":"https:\/\/turkmenexporter.com\/de\/wp-json\/wp\/v2\/comments?post=9039"}],"version-history":[{"count":1,"href":"https:\/\/turkmenexporter.com\/de\/wp-json\/wp\/v2\/product\/9039\/revisions"}],"predecessor-version":[{"id":10126,"href":"https:\/\/turkmenexporter.com\/de\/wp-json\/wp\/v2\/product\/9039\/revisions\/10126"}],"wp:featuredmedia":[{"embeddable":true,"href":"https:\/\/turkmenexporter.com\/de\/wp-json\/wp\/v2\/media\/8876"}],"wp:attachment":[{"href":"https:\/\/turkmenexporter.com\/de\/wp-json\/wp\/v2\/media?parent=9039"}],"wp:term":[{"taxonomy":"brand","embeddable":true,"href":"https:\/\/turkmenexporter.com\/de\/wp-json\/wp\/v2\/brand?post=9039"},{"taxonomy":"product_cat","embeddable":true,"href":"https:\/\/turkmenexporter.com\/de\/wp-json\/wp\/v2\/product_cat?post=9039"},{"taxonomy":"product_tag","embeddable":true,"href":"https:\/\/turkmenexporter.com\/de\/wp-json\/wp\/v2\/product_tag?post=9039"}],"curies":[{"name":"wp","href":"https:\/\/api.w.org\/{rel}","templated":true}]}}