{"id":9040,"date":"2024-09-03T17:33:02","date_gmt":"2024-09-03T12:33:02","guid":{"rendered":"https:\/\/turkmenexporter.com\/product\/geroestete-ganze-kaffeebohnen-classico-1-kg\/"},"modified":"2024-09-17T19:27:58","modified_gmt":"2024-09-17T14:27:58","slug":"geroestete-ganze-kaffeebohnen-classico-1-kg","status":"publish","type":"product","link":"https:\/\/turkmenexporter.com\/de\/produkt\/geroestete-ganze-kaffeebohnen-classico-1-kg\/","title":{"rendered":"Ger\u00f6stete ganze Kaffeebohnen Classico 1 kg"},"content":{"rendered":"<p>Zutaten: 100% nat\u00fcrliche ganze Bohnen. Er ist eine harmonische Kombination aus sorgf\u00e4ltig ausgew\u00e4hlten Arabica- und Robusta-Sorten. Er hat einen feinen s\u00fc\u00dfen Geschmack mit fruchtigen Noten und einem ausgepr\u00e4gten Nachgeschmack. Lagerbedingungen: bei einer Temperatur von 0\u00b0C bis + 20\u00b0C und einer relativen Luftfeuchtigkeit von nicht mehr als 75%. Gr\u00f6\u00dfe der Einheit B\/H: 20\/25 sm Gewicht: 1 kg Lagerf\u00e4higkeit: 24 Monate    <\/p>\n","protected":false},"excerpt":{"rendered":"<p>50% Arabica 50% Robusta mittelstark ger\u00f6stete Kaffeemischung 1 kg. Nat\u00fcrliche ganze Bohnen aus Kolumbien. <\/p>\n","protected":false},"featured_media":8942,"comment_status":"open","ping_status":"closed","template":"","meta":{"_acf_changed":false},"brand":[658],"product_cat":[730],"product_tag":[849],"class_list":{"0":"post-9040","1":"product","2":"type-product","3":"status-publish","4":"has-post-thumbnail","6":"brand-markow-coffee-de","7":"product_cat-kaffee","8":"product_tag-front-product-de","10":"first","11":"instock","12":"shipping-taxable","13":"purchasable","14":"product-type-simple"},"acf":[],"_links":{"self":[{"href":"https:\/\/turkmenexporter.com\/de\/wp-json\/wp\/v2\/product\/9040","targetHints":{"allow":["GET"]}}],"collection":[{"href":"https:\/\/turkmenexporter.com\/de\/wp-json\/wp\/v2\/product"}],"about":[{"href":"https:\/\/turkmenexporter.com\/de\/wp-json\/wp\/v2\/types\/product"}],"replies":[{"embeddable":true,"href":"https:\/\/turkmenexporter.com\/de\/wp-json\/wp\/v2\/comments?post=9040"}],"version-history":[{"count":1,"href":"https:\/\/turkmenexporter.com\/de\/wp-json\/wp\/v2\/product\/9040\/revisions"}],"predecessor-version":[{"id":10125,"href":"https:\/\/turkmenexporter.com\/de\/wp-json\/wp\/v2\/product\/9040\/revisions\/10125"}],"wp:featuredmedia":[{"embeddable":true,"href":"https:\/\/turkmenexporter.com\/de\/wp-json\/wp\/v2\/media\/8942"}],"wp:attachment":[{"href":"https:\/\/turkmenexporter.com\/de\/wp-json\/wp\/v2\/media?parent=9040"}],"wp:term":[{"taxonomy":"brand","embeddable":true,"href":"https:\/\/turkmenexporter.com\/de\/wp-json\/wp\/v2\/brand?post=9040"},{"taxonomy":"product_cat","embeddable":true,"href":"https:\/\/turkmenexporter.com\/de\/wp-json\/wp\/v2\/product_cat?post=9040"},{"taxonomy":"product_tag","embeddable":true,"href":"https:\/\/turkmenexporter.com\/de\/wp-json\/wp\/v2\/product_tag?post=9040"}],"curies":[{"name":"wp","href":"https:\/\/api.w.org\/{rel}","templated":true}]}}