{"id":9042,"date":"2024-09-03T17:33:01","date_gmt":"2024-09-03T12:33:01","guid":{"rendered":"https:\/\/turkmenexporter.com\/product\/geroestete-kaffeebohnen-supremo-1-kg\/"},"modified":"2024-09-17T19:27:59","modified_gmt":"2024-09-17T14:27:59","slug":"geroestete-kaffeebohnen-supremo-1-kg","status":"publish","type":"product","link":"https:\/\/turkmenexporter.com\/de\/produkt\/geroestete-kaffeebohnen-supremo-1-kg\/","title":{"rendered":"Ger\u00f6stete Kaffeebohnen Supremo 1 kg"},"content":{"rendered":"<p>Zutaten: 100% nat\u00fcrliche ganze Bohnen. Er hat ein blumiges Aroma. Der Geschmack hat eine leichte S\u00e4ure, w\u00fcrzig-nussige Noten, es ist dicht und dick mit einem angenehmen adstringierenden Nachgeschmack. Lagerbedingungen: bei einer Temperatur von 0\u00b0C bis + 20\u00b0C und einer relativen Luftfeuchtigkeit von nicht mehr als 75%. Gr\u00f6\u00dfe der Einheit B\/H: 20\/25 sm Gewicht: 1 kg Lagerf\u00e4higkeit: 24 Monate    <\/p>\n","protected":false},"excerpt":{"rendered":"<p>60% Arabica 40% Robusta mittelschwere dunkle R\u00f6stung Kaffeemischung 1 kg. Nat\u00fcrliche ganze Bohnen aus Indonesien. <\/p>\n","protected":false},"featured_media":8936,"comment_status":"open","ping_status":"closed","template":"","meta":{"_acf_changed":false},"brand":[658],"product_cat":[730],"product_tag":[],"class_list":{"0":"post-9042","1":"product","2":"type-product","3":"status-publish","4":"has-post-thumbnail","6":"brand-markow-coffee-de","7":"product_cat-kaffee","9":"first","10":"instock","11":"shipping-taxable","12":"purchasable","13":"product-type-simple"},"acf":[],"_links":{"self":[{"href":"https:\/\/turkmenexporter.com\/de\/wp-json\/wp\/v2\/product\/9042","targetHints":{"allow":["GET"]}}],"collection":[{"href":"https:\/\/turkmenexporter.com\/de\/wp-json\/wp\/v2\/product"}],"about":[{"href":"https:\/\/turkmenexporter.com\/de\/wp-json\/wp\/v2\/types\/product"}],"replies":[{"embeddable":true,"href":"https:\/\/turkmenexporter.com\/de\/wp-json\/wp\/v2\/comments?post=9042"}],"version-history":[{"count":1,"href":"https:\/\/turkmenexporter.com\/de\/wp-json\/wp\/v2\/product\/9042\/revisions"}],"predecessor-version":[{"id":10135,"href":"https:\/\/turkmenexporter.com\/de\/wp-json\/wp\/v2\/product\/9042\/revisions\/10135"}],"wp:featuredmedia":[{"embeddable":true,"href":"https:\/\/turkmenexporter.com\/de\/wp-json\/wp\/v2\/media\/8936"}],"wp:attachment":[{"href":"https:\/\/turkmenexporter.com\/de\/wp-json\/wp\/v2\/media?parent=9042"}],"wp:term":[{"taxonomy":"brand","embeddable":true,"href":"https:\/\/turkmenexporter.com\/de\/wp-json\/wp\/v2\/brand?post=9042"},{"taxonomy":"product_cat","embeddable":true,"href":"https:\/\/turkmenexporter.com\/de\/wp-json\/wp\/v2\/product_cat?post=9042"},{"taxonomy":"product_tag","embeddable":true,"href":"https:\/\/turkmenexporter.com\/de\/wp-json\/wp\/v2\/product_tag?post=9042"}],"curies":[{"name":"wp","href":"https:\/\/api.w.org\/{rel}","templated":true}]}}