{"id":9730,"date":"2024-09-15T16:41:40","date_gmt":"2024-09-15T11:41:40","guid":{"rendered":"https:\/\/turkmenexporter.com\/product\/kwas-alkoholfreies-kohlensaeurehaltiges-getraenk-in-dosen-05-l\/"},"modified":"2024-09-17T19:27:37","modified_gmt":"2024-09-17T14:27:37","slug":"kwas-alkoholfreies-kohlensaeurehaltiges-getraenk-in-dosen-05-l","status":"publish","type":"product","link":"https:\/\/turkmenexporter.com\/de\/produkt\/kwas-alkoholfreies-kohlensaeurehaltiges-getraenk-in-dosen-05-l\/","title":{"rendered":"Kwas alkoholfreies kohlens\u00e4urehaltiges Getr\u00e4nk in Dosen 0,5 L"},"content":{"rendered":"<p>Zutaten: reines Quellwasser, Zucker, Kwasw\u00fcrzekonzentrat, S\u00e4ureregulator, Milchs\u00e4ure, Hefe. Lagerungsbedingungen: bei 0\u00b0C bis 18\u00b0C.  Haltbarkeitsdauer: 12 Monate<\/p>\n","protected":false},"excerpt":{"rendered":"<p>Alkoholfreies kohlens\u00e4urehaltiges Getr\u00e4nk<\/p>\n","protected":false},"featured_media":9373,"comment_status":"open","ping_status":"closed","template":"","meta":{"_acf_changed":false},"brand":[776],"product_cat":[626],"product_tag":[849],"class_list":{"0":"post-9730","1":"product","2":"type-product","3":"status-publish","4":"has-post-thumbnail","6":"brand-mahmal-zip-de","7":"product_cat-getranke","8":"product_tag-front-product-de","10":"first","11":"instock","12":"shipping-taxable","13":"purchasable","14":"product-type-simple"},"acf":[],"_links":{"self":[{"href":"https:\/\/turkmenexporter.com\/de\/wp-json\/wp\/v2\/product\/9730","targetHints":{"allow":["GET"]}}],"collection":[{"href":"https:\/\/turkmenexporter.com\/de\/wp-json\/wp\/v2\/product"}],"about":[{"href":"https:\/\/turkmenexporter.com\/de\/wp-json\/wp\/v2\/types\/product"}],"replies":[{"embeddable":true,"href":"https:\/\/turkmenexporter.com\/de\/wp-json\/wp\/v2\/comments?post=9730"}],"version-history":[{"count":1,"href":"https:\/\/turkmenexporter.com\/de\/wp-json\/wp\/v2\/product\/9730\/revisions"}],"predecessor-version":[{"id":9964,"href":"https:\/\/turkmenexporter.com\/de\/wp-json\/wp\/v2\/product\/9730\/revisions\/9964"}],"wp:featuredmedia":[{"embeddable":true,"href":"https:\/\/turkmenexporter.com\/de\/wp-json\/wp\/v2\/media\/9373"}],"wp:attachment":[{"href":"https:\/\/turkmenexporter.com\/de\/wp-json\/wp\/v2\/media?parent=9730"}],"wp:term":[{"taxonomy":"brand","embeddable":true,"href":"https:\/\/turkmenexporter.com\/de\/wp-json\/wp\/v2\/brand?post=9730"},{"taxonomy":"product_cat","embeddable":true,"href":"https:\/\/turkmenexporter.com\/de\/wp-json\/wp\/v2\/product_cat?post=9730"},{"taxonomy":"product_tag","embeddable":true,"href":"https:\/\/turkmenexporter.com\/de\/wp-json\/wp\/v2\/product_tag?post=9730"}],"curies":[{"name":"wp","href":"https:\/\/api.w.org\/{rel}","templated":true}]}}