{"id":9731,"date":"2024-09-15T16:41:37","date_gmt":"2024-09-15T11:41:37","guid":{"rendered":"https:\/\/turkmenexporter.com\/product\/sinalco-fresco-alkoholfreies-kohlensaeurehaltiges-getraenk-05-l\/"},"modified":"2024-09-17T19:27:37","modified_gmt":"2024-09-17T14:27:37","slug":"sinalco-fresco-alkoholfreies-kohlensaeurehaltiges-getraenk-05-l","status":"publish","type":"product","link":"https:\/\/turkmenexporter.com\/de\/produkt\/sinalco-fresco-alkoholfreies-kohlensaeurehaltiges-getraenk-05-l\/","title":{"rendered":"Sinalco Fresco alkoholfreies kohlens\u00e4urehaltiges Getr\u00e4nk 0,5 L"},"content":{"rendered":"<p>Zutaten: Gereinigtes Trinkwasser, Zucker, Kohlens\u00e4ure E290, Zitronensaftkonzentrat, S\u00e4ureregulator 3-wertiges Natriumcitrat E331, Zitronenextrakt, Aromastoff, Antioxidationsmittel Ascorbins\u00e4ure E300, Konservierungsmittel Natriumbenzoat E211, Regulator Gummiarabikum E414, Regulatoren Harzs\u00e4uren und Glycerinester E445, F\u00e4rbemittelkonzentrat F\u00e4rberdistel, nat\u00fcrlicher Lebensmittelfarbstoff Zuckerfarbstoff E150d, Konservierungsmittel Kaliumsorbat E202, S\u00e4ureregulator Zitronens\u00e4ure E330, nat\u00fcrliche Aromastoffe, Ethylalkohol, Feuchthaltemittel Triacetin E1518. Lagerbedingungen: bei 0\u00b0C bis 18\u00b0C. Haltbarkeitsdauer: 6 Monate  <\/p>\n","protected":false},"excerpt":{"rendered":"<p>Alkoholfreies kohlens\u00e4urehaltiges Getr\u00e4nk<\/p>\n","protected":false},"featured_media":9415,"comment_status":"open","ping_status":"closed","template":"","meta":{"_acf_changed":false},"brand":[776],"product_cat":[626],"product_tag":[849],"class_list":{"0":"post-9731","1":"product","2":"type-product","3":"status-publish","4":"has-post-thumbnail","6":"brand-mahmal-zip-de","7":"product_cat-getranke","8":"product_tag-front-product-de","10":"first","11":"instock","12":"shipping-taxable","13":"purchasable","14":"product-type-simple"},"acf":[],"_links":{"self":[{"href":"https:\/\/turkmenexporter.com\/de\/wp-json\/wp\/v2\/product\/9731","targetHints":{"allow":["GET"]}}],"collection":[{"href":"https:\/\/turkmenexporter.com\/de\/wp-json\/wp\/v2\/product"}],"about":[{"href":"https:\/\/turkmenexporter.com\/de\/wp-json\/wp\/v2\/types\/product"}],"replies":[{"embeddable":true,"href":"https:\/\/turkmenexporter.com\/de\/wp-json\/wp\/v2\/comments?post=9731"}],"version-history":[{"count":1,"href":"https:\/\/turkmenexporter.com\/de\/wp-json\/wp\/v2\/product\/9731\/revisions"}],"predecessor-version":[{"id":9969,"href":"https:\/\/turkmenexporter.com\/de\/wp-json\/wp\/v2\/product\/9731\/revisions\/9969"}],"wp:featuredmedia":[{"embeddable":true,"href":"https:\/\/turkmenexporter.com\/de\/wp-json\/wp\/v2\/media\/9415"}],"wp:attachment":[{"href":"https:\/\/turkmenexporter.com\/de\/wp-json\/wp\/v2\/media?parent=9731"}],"wp:term":[{"taxonomy":"brand","embeddable":true,"href":"https:\/\/turkmenexporter.com\/de\/wp-json\/wp\/v2\/brand?post=9731"},{"taxonomy":"product_cat","embeddable":true,"href":"https:\/\/turkmenexporter.com\/de\/wp-json\/wp\/v2\/product_cat?post=9731"},{"taxonomy":"product_tag","embeddable":true,"href":"https:\/\/turkmenexporter.com\/de\/wp-json\/wp\/v2\/product_tag?post=9731"}],"curies":[{"name":"wp","href":"https:\/\/api.w.org\/{rel}","templated":true}]}}