{"id":9734,"date":"2024-09-15T16:41:30","date_gmt":"2024-09-15T11:41:30","guid":{"rendered":"https:\/\/turkmenexporter.com\/product\/sinalco-cola-mango-alkoholfreies-kohlensaeurehaltiges-getraenk-05-l\/"},"modified":"2024-09-17T19:27:40","modified_gmt":"2024-09-17T14:27:40","slug":"sinalco-cola-mango-alkoholfreies-kohlensaeurehaltiges-getraenk-05-l","status":"publish","type":"product","link":"https:\/\/turkmenexporter.com\/de\/produkt\/sinalco-cola-mango-alkoholfreies-kohlensaeurehaltiges-getraenk-05-l\/","title":{"rendered":"Sinalco Cola Mango alkoholfreies kohlens\u00e4urehaltiges Getr\u00e4nk 0,5 L"},"content":{"rendered":"<p>Zutaten: gereinigtes Trinkwasser, Zucker, Kohlens\u00e4ure E290, nat\u00fcrlicher Lebensmittelfarbstoff Zuckerfarbstoff E150d, S\u00e4ureregulator ortho-Phosphors\u00e4ure E338, nat\u00fcrliche Aromastoffe, Koffein. Lagerbedingungen: bei 0\u00b0C bis 18\u00b0C. Haltbarkeitsdauer: 6 Monate  <\/p>\n","protected":false},"excerpt":{"rendered":"<p>Alkoholfreies kohlens\u00e4urehaltiges Getr\u00e4nk<\/p>\n","protected":false},"featured_media":9391,"comment_status":"open","ping_status":"closed","template":"","meta":{"_acf_changed":false},"brand":[776],"product_cat":[626],"product_tag":[],"class_list":{"0":"post-9734","1":"product","2":"type-product","3":"status-publish","4":"has-post-thumbnail","6":"brand-mahmal-zip-de","7":"product_cat-getranke","9":"first","10":"instock","11":"shipping-taxable","12":"purchasable","13":"product-type-simple"},"acf":[],"_links":{"self":[{"href":"https:\/\/turkmenexporter.com\/de\/wp-json\/wp\/v2\/product\/9734","targetHints":{"allow":["GET"]}}],"collection":[{"href":"https:\/\/turkmenexporter.com\/de\/wp-json\/wp\/v2\/product"}],"about":[{"href":"https:\/\/turkmenexporter.com\/de\/wp-json\/wp\/v2\/types\/product"}],"replies":[{"embeddable":true,"href":"https:\/\/turkmenexporter.com\/de\/wp-json\/wp\/v2\/comments?post=9734"}],"version-history":[{"count":1,"href":"https:\/\/turkmenexporter.com\/de\/wp-json\/wp\/v2\/product\/9734\/revisions"}],"predecessor-version":[{"id":9994,"href":"https:\/\/turkmenexporter.com\/de\/wp-json\/wp\/v2\/product\/9734\/revisions\/9994"}],"wp:featuredmedia":[{"embeddable":true,"href":"https:\/\/turkmenexporter.com\/de\/wp-json\/wp\/v2\/media\/9391"}],"wp:attachment":[{"href":"https:\/\/turkmenexporter.com\/de\/wp-json\/wp\/v2\/media?parent=9734"}],"wp:term":[{"taxonomy":"brand","embeddable":true,"href":"https:\/\/turkmenexporter.com\/de\/wp-json\/wp\/v2\/brand?post=9734"},{"taxonomy":"product_cat","embeddable":true,"href":"https:\/\/turkmenexporter.com\/de\/wp-json\/wp\/v2\/product_cat?post=9734"},{"taxonomy":"product_tag","embeddable":true,"href":"https:\/\/turkmenexporter.com\/de\/wp-json\/wp\/v2\/product_tag?post=9734"}],"curies":[{"name":"wp","href":"https:\/\/api.w.org\/{rel}","templated":true}]}}