{"id":9735,"date":"2024-09-15T16:41:25","date_gmt":"2024-09-15T11:41:25","guid":{"rendered":"https:\/\/turkmenexporter.com\/product\/sinalco-cola-alkoholfreies-kohlensaeurehaltiges-getraenk-in-dosen-330-ml\/"},"modified":"2024-09-17T19:27:43","modified_gmt":"2024-09-17T14:27:43","slug":"sinalco-cola-alkoholfreies-kohlensaeurehaltiges-getraenk-in-dosen-330-ml","status":"publish","type":"product","link":"https:\/\/turkmenexporter.com\/de\/produkt\/sinalco-cola-alkoholfreies-kohlensaeurehaltiges-getraenk-in-dosen-330-ml\/","title":{"rendered":"Sinalco Cola alkoholfreies kohlens\u00e4urehaltiges Getr\u00e4nk in Dosen 330 ml"},"content":{"rendered":"<p>Zutaten: gereinigtes Trinkwasser, Zucker, Kohlens\u00e4ure E290, nat\u00fcrliches Aroma, nat\u00fcrlicher Lebensmittelfarbstoff E150d, S\u00e4ureregulator ortho-Phosphors\u00e4ure E338, Koffein. Lagerbedingungen: bei 0\u00b0C bis 18\u00b0C. Haltbarkeitsdauer: 6 Monate  <\/p>\n","protected":false},"excerpt":{"rendered":"<p>Alkoholfreies kohlens\u00e4urehaltiges Getr\u00e4nk<\/p>\n","protected":false},"featured_media":9409,"comment_status":"open","ping_status":"closed","template":"","meta":{"_acf_changed":false},"brand":[776],"product_cat":[626],"product_tag":[849],"class_list":{"0":"post-9735","1":"product","2":"type-product","3":"status-publish","4":"has-post-thumbnail","6":"brand-mahmal-zip-de","7":"product_cat-getranke","8":"product_tag-front-product-de","10":"first","11":"instock","12":"shipping-taxable","13":"purchasable","14":"product-type-simple"},"acf":[],"_links":{"self":[{"href":"https:\/\/turkmenexporter.com\/de\/wp-json\/wp\/v2\/product\/9735","targetHints":{"allow":["GET"]}}],"collection":[{"href":"https:\/\/turkmenexporter.com\/de\/wp-json\/wp\/v2\/product"}],"about":[{"href":"https:\/\/turkmenexporter.com\/de\/wp-json\/wp\/v2\/types\/product"}],"replies":[{"embeddable":true,"href":"https:\/\/turkmenexporter.com\/de\/wp-json\/wp\/v2\/comments?post=9735"}],"version-history":[{"count":1,"href":"https:\/\/turkmenexporter.com\/de\/wp-json\/wp\/v2\/product\/9735\/revisions"}],"predecessor-version":[{"id":10014,"href":"https:\/\/turkmenexporter.com\/de\/wp-json\/wp\/v2\/product\/9735\/revisions\/10014"}],"wp:featuredmedia":[{"embeddable":true,"href":"https:\/\/turkmenexporter.com\/de\/wp-json\/wp\/v2\/media\/9409"}],"wp:attachment":[{"href":"https:\/\/turkmenexporter.com\/de\/wp-json\/wp\/v2\/media?parent=9735"}],"wp:term":[{"taxonomy":"brand","embeddable":true,"href":"https:\/\/turkmenexporter.com\/de\/wp-json\/wp\/v2\/brand?post=9735"},{"taxonomy":"product_cat","embeddable":true,"href":"https:\/\/turkmenexporter.com\/de\/wp-json\/wp\/v2\/product_cat?post=9735"},{"taxonomy":"product_tag","embeddable":true,"href":"https:\/\/turkmenexporter.com\/de\/wp-json\/wp\/v2\/product_tag?post=9735"}],"curies":[{"name":"wp","href":"https:\/\/api.w.org\/{rel}","templated":true}]}}