{"id":9736,"date":"2024-09-15T16:41:24","date_gmt":"2024-09-15T11:41:24","guid":{"rendered":"https:\/\/turkmenexporter.com\/product\/sinalco-orange-alkoholfreies-kohlensaeurehaltiges-getraenk-15-l\/"},"modified":"2024-09-17T19:27:43","modified_gmt":"2024-09-17T14:27:43","slug":"sinalco-orange-alkoholfreies-kohlensaeurehaltiges-getraenk-15-l","status":"publish","type":"product","link":"https:\/\/turkmenexporter.com\/de\/produkt\/sinalco-orange-alkoholfreies-kohlensaeurehaltiges-getraenk-15-l\/","title":{"rendered":"Sinalco Orange alkoholfreies kohlens\u00e4urehaltiges Getr\u00e4nk 1,5 L"},"content":{"rendered":"<p>Zutaten: gereinigtes Trinkwasser, Zucker, Kohlens\u00e4ure E290, Gummiarabikum E414, Harzs\u00e4uren und Glycerinester E445, nat\u00fcrliche und natur\u00e4hnliche Aromastoffe, Konservierungsstoffe Kaliumsorbat E202, nat\u00fcrlicher Farbstoff Beta-Carotin E160a, S\u00e4ureregulator Zitronens\u00e4ure E330, Konservierungsstoff Natriumbenzoat E211, Antioxidationsmittel Ascorbins\u00e4ure E300. Lagerbedingungen: bei 0\u00b0C bis 18\u00b0C. Haltbarkeitsdauer: 6 Monate  <\/p>\n","protected":false},"excerpt":{"rendered":"<p>Alkoholfreies kohlens\u00e4urehaltiges Getr\u00e4nk<\/p>\n","protected":false},"featured_media":9301,"comment_status":"open","ping_status":"closed","template":"","meta":{"_acf_changed":false},"brand":[776],"product_cat":[626],"product_tag":[],"class_list":{"0":"post-9736","1":"product","2":"type-product","3":"status-publish","4":"has-post-thumbnail","6":"brand-mahmal-zip-de","7":"product_cat-getranke","9":"first","10":"instock","11":"shipping-taxable","12":"purchasable","13":"product-type-simple"},"acf":[],"_links":{"self":[{"href":"https:\/\/turkmenexporter.com\/de\/wp-json\/wp\/v2\/product\/9736","targetHints":{"allow":["GET"]}}],"collection":[{"href":"https:\/\/turkmenexporter.com\/de\/wp-json\/wp\/v2\/product"}],"about":[{"href":"https:\/\/turkmenexporter.com\/de\/wp-json\/wp\/v2\/types\/product"}],"replies":[{"embeddable":true,"href":"https:\/\/turkmenexporter.com\/de\/wp-json\/wp\/v2\/comments?post=9736"}],"version-history":[{"count":1,"href":"https:\/\/turkmenexporter.com\/de\/wp-json\/wp\/v2\/product\/9736\/revisions"}],"predecessor-version":[{"id":10019,"href":"https:\/\/turkmenexporter.com\/de\/wp-json\/wp\/v2\/product\/9736\/revisions\/10019"}],"wp:featuredmedia":[{"embeddable":true,"href":"https:\/\/turkmenexporter.com\/de\/wp-json\/wp\/v2\/media\/9301"}],"wp:attachment":[{"href":"https:\/\/turkmenexporter.com\/de\/wp-json\/wp\/v2\/media?parent=9736"}],"wp:term":[{"taxonomy":"brand","embeddable":true,"href":"https:\/\/turkmenexporter.com\/de\/wp-json\/wp\/v2\/brand?post=9736"},{"taxonomy":"product_cat","embeddable":true,"href":"https:\/\/turkmenexporter.com\/de\/wp-json\/wp\/v2\/product_cat?post=9736"},{"taxonomy":"product_tag","embeddable":true,"href":"https:\/\/turkmenexporter.com\/de\/wp-json\/wp\/v2\/product_tag?post=9736"}],"curies":[{"name":"wp","href":"https:\/\/api.w.org\/{rel}","templated":true}]}}