{"id":2987,"date":"2023-12-19T12:59:23","date_gmt":"2023-12-19T07:59:23","guid":{"rendered":"https:\/\/turkmenexporter.com\/politica-de-cookies\/"},"modified":"2024-02-03T01:49:40","modified_gmt":"2024-02-02T20:49:40","slug":"politica-de-cookies","status":"publish","type":"page","link":"https:\/\/turkmenexporter.com\/es\/politica-de-cookies\/","title":{"rendered":"Pol\u00edtica de cookies"},"content":{"rendered":"\t\t<div data-elementor-type=\"wp-page\" data-elementor-id=\"2987\" class=\"elementor elementor-2987 elementor-1939\" data-elementor-post-type=\"page\">\n\t\t\t\t<div class=\"elementor-element elementor-element-129e8c8 e-flex e-con-boxed e-con e-parent\" data-id=\"129e8c8\" data-element_type=\"container\" data-e-type=\"container\" data-settings=\"{&quot;background_background&quot;:&quot;classic&quot;}\">\n\t\t\t\t\t<div class=\"e-con-inner\">\n\t\t<div class=\"elementor-element elementor-element-9be271b e-con-full e-flex e-con e-child\" data-id=\"9be271b\" data-element_type=\"container\" data-e-type=\"container\" data-settings=\"{&quot;background_background&quot;:&quot;classic&quot;}\">\n\t\t\t\t<div class=\"elementor-element elementor-element-83c1641 elementor-widget elementor-widget-heading\" data-id=\"83c1641\" data-element_type=\"widget\" data-e-type=\"widget\" data-widget_type=\"heading.default\">\n\t\t\t\t<div class=\"elementor-widget-container\">\n\t\t\t\t\t<h1 class=\"elementor-heading-title elementor-size-default\">Pol\u00edtica de cookies<\/h1>\t\t\t\t<\/div>\n\t\t\t\t<\/div>\n\t\t<div class=\"elementor-element elementor-element-f7002bd e-con-full e-flex e-con e-child\" data-id=\"f7002bd\" data-element_type=\"container\" data-e-type=\"container\" data-settings=\"{&quot;background_background&quot;:&quot;classic&quot;}\">\n\t\t\t\t<div class=\"elementor-element elementor-element-66dea68 elementor-widget elementor-widget-text-editor\" data-id=\"66dea68\" data-element_type=\"widget\" data-e-type=\"widget\" data-widget_type=\"text-editor.default\">\n\t\t\t\t<div class=\"elementor-widget-container\">\n\t\t\t\t\t\t\t\t\t<p>\u00daltima actualizaci\u00f3n: 2024-19-12<\/p>\n<p>Turkmenexporter.com respeta sus preocupaciones acerca de la privacidad y el valor de la relaci\u00f3n que tenemos con usted. Cuando visite o acceda a nuestro Sitio Web, utilizaremos cookies para ofrecerle la mejor experiencia y un servicio m\u00e1s personalizado. Al utilizar nuestro Sitio Web, aceptas el uso que hacemos de las cookies de conformidad con la presente Pol\u00edtica de Cookies y nuestra Pol\u00edtica de Privacidad.<\/p>\n<p>Esta Pol\u00edtica de Cookies explica qu\u00e9 son las cookies, c\u00f3mo las utilizamos y qu\u00e9 ventajas aportan, que forma parte de nuestra Pol\u00edtica de Privacidad. Si no est\u00e1 de acuerdo con que utilicemos las cookies de esta forma, deber\u00e1 configurar su navegador en consecuencia, desactivar las cookies que utilizamos o no utilizar nuestro Sitio Web en absoluto. Si desactiva las cookies que utilizamos, esto puede afectar a su experiencia de usuario mientras est\u00e9 en el Sitio Web.<\/p>\n<h2><strong>\u00bfQu\u00e9 es una galleta?<\/strong><\/h2>\n<p>Las cookies son peque\u00f1os archivos de texto (compuestos \u00fanicamente por letras y n\u00fameros) que se env\u00edan y almacenan en su ordenador, smartphone u otro dispositivo de acceso a Internet, cada vez que visita un sitio web. Cada cookie es \u00fanica para su navegador web. Contendr\u00e1 alguna informaci\u00f3n an\u00f3nima como un identificador \u00fanico y el nombre del sitio web y algunos d\u00edgitos y n\u00fameros. Las cookies son espec\u00edficas del servidor que las cre\u00f3 y otros servidores no pueden acceder a ellas, lo que significa que no pueden utilizarse para rastrear sus movimientos por la web.<\/p>\n<p>La mayor\u00eda de los sitios web que visite utilizar\u00e1n cookies con el fin de mejorar su experiencia de usuario permitiendo que el sitio web le \u00abrecuerde\u00bb, ya sea durante la duraci\u00f3n de su visita (utilizando una \u00abcookie de sesi\u00f3n\u00bb) o para visitas repetidas (utilizando una \u00abcookie persistente\u00bb).<\/p>\n<p>Turkmenexporter.com utilizar cookies para una variedad de razones, tales como para compilar estad\u00edsticas an\u00f3nimas y agregadas que nos permiten entender c\u00f3mo la gente usa nuestro sitio web y para ayudarnos a mejorar su estructura y contenido y tambi\u00e9n nos ayudan a medir la eficacia de las campa\u00f1as de publicidad; para la prueba y llevar a cabo otros fines.<\/p>\n<p>Las cookies pueden ser instaladas por el sitio web que est\u00e1 visitando (\u00abcookies de origen\u00bb) o pueden ser instaladas por otros sitios web que ejecutan contenidos en la p\u00e1gina que est\u00e1 viendo (\u00abcookies de terceros\u00bb).<\/p>\n<p>No vendemos la informaci\u00f3n recopilada por las cookies ni la revelamos a terceros, excepto cuando lo exige la ley (por ejemplo, a organismos gubernamentales y fuerzas de seguridad).<\/p>\n<h2><strong>\u00bfQu\u00e9 cookies utilizamos?<\/strong><\/h2>\n<p><strong>Estrictamente necesario.<\/strong> Estas cookies son esenciales para que nuestro sitio web funcione correctamente y le permiten utilizar nuestras funciones.<\/p>\n<ul>\n<li>\u00bfRecogen estas cookies datos personales\/me identifican?<\/li>\n<li>Estas cookies no le identifican como individuo. Si no acepta estas cookies, puede afectar al funcionamiento del Sitio Web o de partes del mismo.<\/li>\n<\/ul>\n<p><strong>Cookies de rendimiento.<\/strong> Estas cookies recopilan informaci\u00f3n sobre c\u00f3mo utiliza nuestro sitio web, por ejemplo, el tiempo que pasa en nuestro sitio web y cualquier problema que encuentre, como mensajes de error. Esto nos ayuda a mejorar el rendimiento de nuestro sitio web.<\/p>\n<ul>\n<li>\u00bfRecogen estas cookies datos personales\/me identifican?<\/li>\n<li>Estas cookies no le identifican como individuo. Toda la informaci\u00f3n que recopilan estas cookies es agregada y, por tanto, an\u00f3nima. S\u00f3lo se utiliza para mejorar el funcionamiento de un sitio web.<\/li>\n<\/ul>\n<p><strong>Cookies de funcionalidad.<\/strong> Estas cookies permiten que nuestros sitios web recuerden las elecciones que usted hace (como, por ejemplo, el idioma) para ofrecerle una experiencia en l\u00ednea m\u00e1s personalizada.<\/p>\n<ul>\n<li>\u00bfRecogen estas cookies datos personales\/me identifican?<\/li>\n<li>La informaci\u00f3n que recopilan estas cookies puede incluir datos personales que usted haya revelado. Si no acepta estas cookies, puede afectar al rendimiento y la funcionalidad del sitio web y puede restringir el acceso al contenido del sitio web.<\/li>\n<\/ul>\n<table width=\"690\">\n<thead>\n<tr>\n<td width=\"132\">\n<p><strong>Nombre<\/strong><\/p>\n<\/td>\n<td width=\"274\">\n<p><strong>Descripci\u00f3n<\/strong><\/p>\n<\/td>\n<td width=\"132\">\n<p><strong>Categor\u00eda<\/strong><\/p>\n<\/td>\n<td width=\"151\">\n<p><strong>Caducidad<\/strong><\/p>\n<\/td>\n<\/tr>\n<\/thead>\n<tbody>\n<tr>\n<td width=\"132\">\n<p>ymex<\/p>\n<\/td>\n<td width=\"274\">\n<p>Registra datos sobre el comportamiento de los visitantes del sitio web.<\/p>\n<\/td>\n<td width=\"132\">\n<p>Estrictamente necesario<\/p>\n<\/td>\n<td width=\"151\">\n<p>Fin de la sesi\u00f3n del navegador<\/p>\n<\/td>\n<\/tr>\n<tr>\n<td width=\"132\">\n<p>yabs-sid<\/p>\n<\/td>\n<td width=\"274\">\n<p>Session ID<\/p>\n<\/td>\n<td width=\"132\">\n<p>Estrictamente necesario<\/p>\n<\/td>\n<td width=\"151\">\n<p>Fin de la sesi\u00f3n del navegador<\/p>\n<\/td>\n<\/tr>\n<tr>\n<td width=\"132\">\n<p>yandexuid<\/p>\n<\/td>\n<td width=\"274\">\n<p>Registra datos sobre el comportamiento de los visitantes del sitio web<\/p>\n<\/td>\n<td width=\"132\">\n<p>Estrictamente necesario<\/p>\n<\/td>\n<td width=\"151\">\n<p>Fin de la sesi\u00f3n del navegador<\/p>\n<\/td>\n<\/tr>\n<tr>\n<td width=\"132\">\n<p>i<\/p>\n<\/td>\n<td width=\"274\">\n<p>Se utiliza para identificar a los usuarios del sitio<\/p>\n<\/td>\n<td width=\"132\">\n<p>Estrictamente necesario<\/p>\n<\/td>\n<td width=\"151\">\n<p>1 minuto<\/p>\n<\/td>\n<\/tr>\n<tr>\n<td width=\"132\">\n<p>_____dc<\/p>\n<\/td>\n<td width=\"274\">\n<p>Registra datos sobre el comportamiento de los visitantes del sitio web<\/p>\n<\/td>\n<td width=\"132\">\n<p>Estrictamente necesario<\/p>\n<\/td>\n<td width=\"151\">\n<p>1 d\u00eda<\/p>\n<\/td>\n<\/tr>\n<tr>\n<td width=\"132\">\n<p>yuidss<\/p>\n<\/td>\n<td width=\"274\">\n<p>Recoge informaci\u00f3n sobre el comportamiento de los visitantes<\/p>\n<\/td>\n<td width=\"132\">\n<p>Estrictamente necesario<\/p>\n<\/td>\n<td width=\"151\">\n<p>2 d\u00edas<\/p>\n<\/td>\n<\/tr>\n<tr>\n<td width=\"132\">\n<p>client_code<\/p>\n<\/td>\n<td width=\"274\">\n<p>Se utiliza para distinguir a los usuarios<\/p>\n<\/td>\n<td width=\"132\">\n<p>Estrictamente necesario<\/p>\n<\/td>\n<td width=\"151\">\n<p>1 mes<\/p>\n<\/td>\n<\/tr>\n<tr>\n<td width=\"132\">\n<p>_ym_visorc_61577842<\/p>\n<\/td>\n<td width=\"274\">\n<p>Registra datos sobre el comportamiento de los visitantes del sitio web<\/p>\n<\/td>\n<td width=\"132\">\n<p>Estrictamente necesario<\/p>\n<\/td>\n<td width=\"151\">\n<p>1 mes<\/p>\n<\/td>\n<\/tr>\n<tr>\n<td width=\"132\">\n<p>_ym_isad<\/p>\n<\/td>\n<td width=\"274\">\n<p>Determina si un usuario tiene bloqueadores de anuncios<\/p>\n<\/td>\n<td width=\"132\">\n<p>Estrictamente necesario<\/p>\n<\/td>\n<td width=\"151\">\n<p>2 d\u00edas<\/p>\n<\/td>\n<\/tr>\n<tr>\n<td width=\"132\">\n<p>_ym_uid<\/p>\n<\/td>\n<td width=\"274\">\n<p>Se utiliza para identificar a los usuarios del sitio<\/p>\n<\/td>\n<td width=\"132\">\n<p>Estrictamente necesario<\/p>\n<\/td>\n<td width=\"151\">\n<p>1 a\u00f1o<\/p>\n<\/td>\n<\/tr>\n<tr>\n<td width=\"132\">\n<p>roistat_first_visit<\/p>\n<\/td>\n<td width=\"274\">\n<p>Se utiliza para identificar a los usuarios del sitio<\/p>\n<\/td>\n<td width=\"132\">\n<p>Estrictamente necesario<\/p>\n<\/td>\n<td width=\"151\">\n<p>1 a\u00f1o<\/p>\n<\/td>\n<\/tr>\n<tr>\n<td width=\"132\">\n<p>roistat_marker_old<\/p>\n<\/td>\n<td width=\"274\">\n<p>Se utiliza para identificar a los usuarios del sitio<\/p>\n<\/td>\n<td width=\"132\">\n<p>Estrictamente necesario<\/p>\n<\/td>\n<td width=\"151\">\n<p>1 a\u00f1o<\/p>\n<\/td>\n<\/tr>\n<tr>\n<td width=\"132\">\n<p>_ym_d<\/p>\n<\/td>\n<td width=\"274\">\n<p>Guarda la fecha de la primera sesi\u00f3n del usuario en el sitio<\/p>\n<\/td>\n<td width=\"132\">\n<p>Estrictamente necesario<\/p>\n<\/td>\n<td width=\"151\">\n<p>2 a\u00f1os<\/p>\n<\/td>\n<\/tr>\n<tr>\n<td width=\"132\">\n<p>roistat_is_need_listen_requests<\/p>\n<\/td>\n<td width=\"274\">\n<p>Se utiliza para identificar a los usuarios del sitio<\/p>\n<\/td>\n<td width=\"132\">\n<p>Opcional<\/p>\n<\/td>\n<td width=\"151\">\n<p>10 a\u00f1os<\/p>\n<\/td>\n<\/tr>\n<tr>\n<td width=\"132\">\n<p>_ga<\/p>\n<\/td>\n<td width=\"274\">\n<p>Se utiliza para distinguir a los usuarios<\/p>\n<\/td>\n<td width=\"132\">\n<p>Opcional<\/p>\n<\/td>\n<td width=\"151\">\n<p>10 a\u00f1os<\/p>\n<\/td>\n<\/tr>\n<tr>\n<td width=\"132\">\n<p>roistat_visit_cookie_expire<\/p>\n<\/td>\n<td width=\"274\">\n<p>Se utiliza para identificar a los usuarios del sitio<\/p>\n<\/td>\n<td width=\"132\">\n<p>Opcional<\/p>\n<\/td>\n<td width=\"151\">\n<p>10 a\u00f1os<\/p>\n<\/td>\n<\/tr>\n<tr>\n<td width=\"132\">\n<p>_gid<\/p>\n<\/td>\n<td width=\"274\">\n<p>Se utiliza para distinguir a los usuarios<\/p>\n<\/td>\n<td width=\"132\">\n<p>Opcional<\/p>\n<\/td>\n<td width=\"151\">\n<p>10 a\u00f1os<\/p>\n<\/td>\n<\/tr>\n<tr>\n<td width=\"132\">\n<p>roistat_visit<\/p>\n<\/td>\n<td width=\"274\"> <\/td>\n<td width=\"132\">\n<p>Opcional<\/p>\n<\/td>\n<td width=\"151\">\n<p>10 a\u00f1os<\/p>\n<\/td>\n<\/tr>\n<\/tbody>\n<\/table>\n<p>Usted tiene la opci\u00f3n de optar por no escribir su historial de navegaci\u00f3n anonimizado a las cookies anal\u00edticas en nuestro Sitio Web. Utilizamos los servicios de los proveedores que se indican a continuaci\u00f3n. Puede leer m\u00e1s sobre su pol\u00edtica de privacidad y averiguar c\u00f3mo puede rechazar sus cookies anal\u00edticas haciendo clic en los siguientes enlaces:<\/p>\n<ul>\n<li>Google Analytics: <a href=\"http:\/\/www.google.com\/analytics\/learn\/privacy.html\" target=\"_blank\" rel=\"noopener\">http:\/\/www.google.com\/analytics\/learn\/privacy.html<\/a><\/li>\n<li>Metrica: <a href=\"https:\/\/metrica.yandex.com\/about\/info\/data-policy\/\" target=\"_blank\" rel=\"noopener\">https:\/\/metrica.yandex.com\/about\/info\/data-policy\/<\/a><\/li>\n<\/ul>\n<p>Tambi\u00e9n puede leer las pol\u00edticas de privacidad de los servicios que utilizamos para recopilar datos:<\/p>\n<ul>\n<li>Roistat: <a href=\"https:\/\/roistat.com\/ru\/privacy\" target=\"_blank\" rel=\"noopener\">https:\/\/roistat.com\/ru\/privacy<\/a><\/li>\n<li>Amocrm: <a href=\"https:\/\/www.amocrm.com\/privacy\/\" target=\"_blank\" rel=\"noopener\">https:\/\/www.amocrm.com\/privacy\/<\/a><\/li>\n<\/ul>\n<h2><strong>Duraci\u00f3n de la cookie que utilizamos<\/strong><\/h2>\n<p>En cuanto a la duraci\u00f3n, podemos utilizar dos tipos diferentes de cookies en nuestro sitio web<\/p>\n<ul>\n<li>Cookies de sesi\u00f3n: son cookies temporales que permanecen en su dispositivo hasta que abandona nuestro sitio web. <\/li>\n<li>Estas cookies permanecen en su dispositivo durante mucho m\u00e1s tiempo o hasta que usted las elimine manualmente (el tiempo que la cookie permanece en su dispositivo depender\u00e1 de la duraci\u00f3n o \u00abvida \u00fatil\u00bb de la cookie espec\u00edfica, as\u00ed como de la configuraci\u00f3n de su navegador).<\/li>\n<\/ul>\n<h2><strong>C\u00f3mo gestionar su configuraci\u00f3n de cookies<\/strong><\/h2>\n<p>Existen varias formas de gestionar y controlar la configuraci\u00f3n de las cookies. Recuerde que, al eliminar o bloquear las cookies, es posible que algunas de las funciones del Sitio Web no funcionen correctamente o con la misma eficacia.<\/p>\n<p>C\u00f3mo desactivar las cookies a trav\u00e9s de su navegador web.<\/p>\n<p>La mayor\u00eda de los navegadores web le proporcionar\u00e1n informaci\u00f3n general sobre las cookies, le permitir\u00e1n ver qu\u00e9 cookies se almacenan en su dispositivo, le permitir\u00e1n eliminarlas todas o de forma individual y le permitir\u00e1n bloquear o permitir las cookies de todos los sitios web o de sitios web seleccionados individualmente. Tenga en cuenta que los ajustes ofrecidos por un navegador o dispositivo a menudo s\u00f3lo se aplican a ese navegador o dispositivo en particular.<\/p>\n<p>Para obtener m\u00e1s informaci\u00f3n sobre las cookies, incluido c\u00f3mo ver qu\u00e9 cookies se han instalado y c\u00f3mo gestionarlas y eliminarlas, visite <a href=\"https:\/\/www.allaboutcookies.org\/\" target=\"_blank\" rel=\"noopener\">www.allaboutcookies.org.<\/a><\/p>\n\t\t\t\t\t\t\t\t<\/div>\n\t\t\t\t<\/div>\n\t\t\t\t<\/div>\n\t\t\t\t<\/div>\n\t\t\t\t\t<\/div>\n\t\t\t\t<\/div>\n\t\t\t\t<\/div>\n\t\t","protected":false},"excerpt":{"rendered":"<p>Pol\u00edtica de cookies \u00daltima actualizaci\u00f3n: 2024-19-12 Turkmenexporter.com respeta sus preocupaciones acerca de la privacidad y el valor de la relaci\u00f3n que tenemos con usted. Cuando visite o acceda a nuestro Sitio Web, utilizaremos cookies para ofrecerle la mejor experiencia y un servicio m\u00e1s personalizado. Al utilizar nuestro Sitio Web, aceptas el uso que hacemos de [&hellip;]<\/p>\n","protected":false},"author":1,"featured_media":0,"parent":0,"menu_order":0,"comment_status":"closed","ping_status":"closed","template":"","meta":{"_acf_changed":false,"footnotes":""},"class_list":["post-2987","page","type-page","status-publish","hentry"],"acf":[],"_links":{"self":[{"href":"https:\/\/turkmenexporter.com\/es\/wp-json\/wp\/v2\/pages\/2987","targetHints":{"allow":["GET"]}}],"collection":[{"href":"https:\/\/turkmenexporter.com\/es\/wp-json\/wp\/v2\/pages"}],"about":[{"href":"https:\/\/turkmenexporter.com\/es\/wp-json\/wp\/v2\/types\/page"}],"author":[{"embeddable":true,"href":"https:\/\/turkmenexporter.com\/es\/wp-json\/wp\/v2\/users\/1"}],"replies":[{"embeddable":true,"href":"https:\/\/turkmenexporter.com\/es\/wp-json\/wp\/v2\/comments?post=2987"}],"version-history":[{"count":3,"href":"https:\/\/turkmenexporter.com\/es\/wp-json\/wp\/v2\/pages\/2987\/revisions"}],"predecessor-version":[{"id":2991,"href":"https:\/\/turkmenexporter.com\/es\/wp-json\/wp\/v2\/pages\/2987\/revisions\/2991"}],"wp:attachment":[{"href":"https:\/\/turkmenexporter.com\/es\/wp-json\/wp\/v2\/media?parent=2987"}],"curies":[{"name":"wp","href":"https:\/\/api.w.org\/{rel}","templated":true}]}}