{"id":3005,"date":"2023-12-19T13:53:39","date_gmt":"2023-12-19T08:53:39","guid":{"rendered":"https:\/\/turkmenexporter.com\/politica-de-privacidad\/"},"modified":"2024-02-03T02:59:05","modified_gmt":"2024-02-02T21:59:05","slug":"politica-de-privacidad","status":"publish","type":"page","link":"https:\/\/turkmenexporter.com\/es\/politica-de-privacidad\/","title":{"rendered":"Pol\u00edtica de privacidad"},"content":{"rendered":"\t\t<div data-elementor-type=\"wp-page\" data-elementor-id=\"3005\" class=\"elementor elementor-3005 elementor-1951\" data-elementor-post-type=\"page\">\n\t\t\t\t<div class=\"elementor-element elementor-element-5f4f763 e-flex e-con-boxed e-con e-parent\" data-id=\"5f4f763\" data-element_type=\"container\" data-e-type=\"container\" data-settings=\"{&quot;background_background&quot;:&quot;classic&quot;}\">\n\t\t\t\t\t<div class=\"e-con-inner\">\n\t\t<div class=\"elementor-element elementor-element-4ebc213 e-con-full e-flex e-con e-child\" data-id=\"4ebc213\" data-element_type=\"container\" data-e-type=\"container\" data-settings=\"{&quot;background_background&quot;:&quot;classic&quot;}\">\n\t\t\t\t<div class=\"elementor-element elementor-element-12232c0 elementor-widget elementor-widget-heading\" data-id=\"12232c0\" data-element_type=\"widget\" data-e-type=\"widget\" data-widget_type=\"heading.default\">\n\t\t\t\t<div class=\"elementor-widget-container\">\n\t\t\t\t\t<h1 class=\"elementor-heading-title elementor-size-default\">Pol\u00edtica de privacidad  <\/h1>\t\t\t\t<\/div>\n\t\t\t\t<\/div>\n\t\t<div class=\"elementor-element elementor-element-c01eb33 e-con-full e-flex e-con e-child\" data-id=\"c01eb33\" data-element_type=\"container\" data-e-type=\"container\" data-settings=\"{&quot;background_background&quot;:&quot;classic&quot;}\">\n\t\t\t\t<div class=\"elementor-element elementor-element-35e887c elementor-widget elementor-widget-text-editor\" data-id=\"35e887c\" data-element_type=\"widget\" data-e-type=\"widget\" data-widget_type=\"text-editor.default\">\n\t\t\t\t<div class=\"elementor-widget-container\">\n\t\t\t\t\t\t\t\t\t<p>\u00daltima actualizaci\u00f3n: 19-12-2024<\/p>\n<p>Bienvenido a la pol\u00edtica de privacidad de turkmenexporter.com. A continuaci\u00f3n le explicamos qu\u00e9 datos recopilamos cuando accede a nuestro sitio web y lo utiliza. Tambi\u00e9n le explicamos por qu\u00e9 recopilamos estos datos y con qui\u00e9n los compartimos. Por favor, l\u00e9alo y p\u00f3ngase en contacto con nosotros si tiene alguna pregunta sobre este documento.<\/p>\n<p>Turkmenexporter.com, \u00ab<strong>nosotros<\/strong>\u00bb o \u00ab<strong>nos<\/strong>\u00bb se compromete a salvaguardar los datos personales recogidos o recibidos de los visitantes \u00ab<strong>Visitantes\u00bb<\/strong>del sitio web turkmenexporter.com \u00abSitio Web\u00bb. Estamos registrados en Archabil shayoly 54, Ashgabat, Turkmenist\u00e1n.<\/p>\n<p>En esta Pol\u00edtica de Privacidad \u00ab<strong>Pol\u00edtica<\/strong>\u00bb explicamos c\u00f3mo sus datos personales, es decir, cualquier informaci\u00f3n relativa a usted como persona f\u00edsica identificada o identificable \u00ab<strong>Datos Personales<\/strong>\u00ab, que podamos tener sobre usted, es recopilada, utilizada, almacenada, divulgada y eliminada (todos y cada uno de ellos denominados \u00ab<strong>tratamiento<\/strong>\u00ab).<\/p>\n<p>Esta Pol\u00edtica s\u00f3lo se aplica a la informaci\u00f3n que procesamos cuando usted utiliza nuestro Sitio Web. No se aplica a las pr\u00e1cticas de empresas que no son de nuestra propiedad o que no controlamos, ni a los empleados que no dirigimos. Le rogamos que no nos facilite ning\u00fan Dato Personal si no desea que utilicemos dicha informaci\u00f3n de este modo.<\/p>\n<p>Podemos actualizar esta Pol\u00edtica de vez en cuando y le notificaremos los cambios de esta Pol\u00edtica que afecten a sus derechos mediante su publicaci\u00f3n en nuestro Sitio Web. Los cambios entrar\u00e1n en vigor en cuanto se publiquen en la p\u00e1gina de Pol\u00edtica.<\/p>\n<ol>\n<li><strong>Visi\u00f3n general<\/strong><\/li>\n<\/ol>\n<p>Podemos recopilar, almacenar y utilizar informaci\u00f3n de conformidad con la Ley de Protecci\u00f3n de Datos de 2018 (la DPA) y cualquier otra legislaci\u00f3n y normativa pertinente.<\/p>\n<p>A efectos de la DPA, somos los responsables del tratamiento de los datos personales que tratamos sobre usted.<\/p>\n<ol start=\"2\">\n<li><strong>\u00bfQu\u00e9 datos personales se recogen y cu\u00e1l es su finalidad?<\/strong><\/li>\n<\/ol>\n<p>Con respecto a cada una de sus visitas al Sitio Web, recopilaremos autom\u00e1ticamente los siguientes Datos Personales:<\/p>\n<ul>\n<li>Informaci\u00f3n t\u00e9cnica, incluida la direcci\u00f3n de Protocolo de Internet (IP) utilizada para conectar su ordenador a Internet, el tipo y la versi\u00f3n del navegador, la configuraci\u00f3n de la zona horaria, los tipos y versiones de los complementos del navegador, el sistema operativo y la plataforma;<\/li>\n<li>Informaci\u00f3n sobre su visita al sitio web, incluida la secuencia completa de clics en los localizadores uniformes de recursos (URL) hacia, a trav\u00e9s y desde el sitio web (incluidas la fecha y la hora); los productos que ha visto o buscado; los errores de descarga, la duraci\u00f3n de las visitas al sitio web y los m\u00e9todos utilizados para salir de la p\u00e1gina.<\/li>\n<\/ul>\n<p>Recopilamos esta informaci\u00f3n para mejorar nuestro sitio web, cumplir nuestros fines administrativos, proteger nuestros intereses comerciales, realizar estudios de mercado, an\u00e1lisis, pruebas y seguimiento.<\/p>\n<p>Para m\u00e1s informaci\u00f3n lea nuestra <u><a href=\"https:\/\/turkmenexporter.com\/es\/politica-de-cookies\/\">Pol\u00edtica de Cookies<\/a>.<\/u><\/p>\n<p>Recogeremos su n\u00famero de tel\u00e9fono si desea enviar una solicitud de conexi\u00f3n. Recopilamos estos Datos Personales con el fin de establecer contacto y comunicarnos con usted, tambi\u00e9n para nuestros propios requisitos internos de mantenimiento de registros.<\/p>\n<p>Si se opone al uso de sus Datos Personales para cumplir cualquiera de los fines expuestos anteriormente, p\u00f3ngase en contacto con nosotros. Aunque su decisi\u00f3n de facilitarnos sus Datos Personales es generalmente voluntaria, si no nos facilita determinada informaci\u00f3n es posible que no podamos cumplir algunos de los fines descritos en esta Pol\u00edtica. Por ejemplo, es posible que no podamos ponernos en contacto con usted sin conocer su n\u00famero de tel\u00e9fono.<\/p>\n<p>Podemos recopilar otros tipos de Datos Personales s\u00f3lo en circunstancias excepcionales. Si necesitamos procesar tipos adicionales de datos personales sobre usted, nos aseguraremos de que est\u00e9 informado sobre el procesamiento de sus datos personales y de que exista una base jur\u00eddica v\u00e1lida para hacerlo (por ejemplo, su consentimiento).<\/p>\n<ol start=\"3\">\n<li><strong>\u00bfCu\u00e1l es el fundamento jur\u00eddico del uso de los Datos Personales?<\/strong>\n<ul>\n<li>Intereses leg\u00edtimos: Seg\u00fan lo requiramos para perseguir nuestros propios intereses leg\u00edtimos, en particular:\n<ul>\n<li>para comunicarnos con usted;<\/li>\n<li>para ayudarnos a supervisar, mejorar, administrar y proteger nuestro sitio web;<\/li>\n<li>para medir o comprender la eficacia de la publicidad que le ofrecemos a usted y a otros.<\/li>\n<\/ul>\n<\/li>\n<li>Consentimiento: A reserva de lo siguiente, nos pondremos en contacto con usted y le enviaremos propuestas comerciales. Esto s\u00f3lo se enviar\u00e1 cuando usted nos haya dado su consentimiento.<\/li>\n<\/ul>\n<\/li>\n<li><strong>\u00bfC\u00f3mo protegemos sus datos personales?<\/strong><\/li>\n<\/ol>\n<p>Somos conscientes de la importancia de mantener seguros sus Datos Personales. Hemos implementado una serie de medidas t\u00e9cnicas, organizativas y administrativas para garantizar la confidencialidad, integridad, disponibilidad y privacidad de sus Datos Personales y para proteger sus Datos Personales de p\u00e9rdida, robo, acceso no autorizado, uso indebido, alteraci\u00f3n o destrucci\u00f3n que son generalmente aceptadas por la industria para proteger los Datos Personales en su posesi\u00f3n. Por ejemplo, nuestros sistemas inform\u00e1ticos est\u00e1n protegidos por cortafuegos, actualizaciones peri\u00f3dicas de software y protecci\u00f3n antivirus. Si tenemos conocimiento de una violaci\u00f3n de datos, lo notificaremos oportunamente a la Oficina del Comisario de Informaci\u00f3n. Tambi\u00e9n podemos notific\u00e1rselo si creemos que la infracci\u00f3n es grave.<\/p>\n<ol start=\"5\">\n<li><strong>\u00bfDurante cu\u00e1nto tiempo conservamos sus Datos Personales?<\/strong><\/li>\n<\/ol>\n<p>Seg\u00fan las leyes de protecci\u00f3n de datos, no podemos conservar su informaci\u00f3n personal de forma que le identifique durante m\u00e1s tiempo del necesario para cumplir los fines para los que la recopilamos. Esto puede incluir el cumplimiento de requisitos legales, contables o de informaci\u00f3n.<\/p>\n<p>Almacenamos su n\u00famero de tel\u00e9fono durante 1 (un) a\u00f1o.<\/p>\n<p>Para determinar durante cu\u00e1nto tiempo almacenamos sus Datos Personales, tenemos en cuenta por qu\u00e9 necesitamos seguir almacenando sus Datos Personales, si podemos lograr el mismo resultado sin tener acceso a sus datos y cu\u00e1l es el riesgo potencial si se produce una violaci\u00f3n de datos que afecte a sus datos.<\/p>\n<p>En cuanto a la informaci\u00f3n t\u00e9cnica y la informaci\u00f3n sobre su visita al sitio web, anonimizamos estos datos, lo que significa que ya no se asocian con usted. Lo hacemos con fines estad\u00edsticos o de investigaci\u00f3n para poder mejorar el sitio web que le ofrecemos. Podemos utilizar los datos an\u00f3nimos indefinidamente sin previo aviso.<\/p>\n<ol start=\"6\">\n<li><strong>\u00bfCon qui\u00e9n se compartir\u00e1n sus datos personales?<\/strong><\/li>\n<\/ol>\n<p>Podemos compartir sus Datos Personales con:<\/p>\n<ul>\n<li>Usted o quienes act\u00faen en su nombre;<\/li>\n<li>Empresas u otras entidades de nuestro grupo bajo control com\u00fan para los fines descritos en la presente Pol\u00edtica y siempre de conformidad con los t\u00e9rminos de la misma;<\/li>\n<li>A cualquier tercero al que creamos estar obligados, por ley, a revelar la informaci\u00f3n; y<\/li>\n<li>A cualquier tercero para proteger y defender nuestros derechos, o los derechos o la seguridad de terceros, incluida la defensa frente a reclamaciones legales.<\/li>\n<\/ul>\n<p>Esta informaci\u00f3n se compartir\u00e1 para los fines indicados anteriormente o para cumplir obligaciones legales espec\u00edficas a las que estamos sujetos.<\/p>\n<p>Utilizamos las salvaguardias adecuadas para proteger los Datos Personales que se transfieren a pa\u00edses fuera del Espacio Econ\u00f3mico Europeo que se considera que ofrecen un nivel de protecci\u00f3n inferior para la informaci\u00f3n personal.<\/p>\n<\/p>\n<ol start=\"7\">\n<li><strong>Transferencias internacionales de datos<\/strong><\/li>\n<\/ol>\n<p>Almacenamos su informaci\u00f3n principalmente en el Espacio Econ\u00f3mico Europeo. Sin embargo, algunas funciones y requisitos pueden implicar la transferencia de su informaci\u00f3n a terceros fuera del Espacio Econ\u00f3mico Europeo. Hemos descrito todos esos terceros m\u00e1s arriba, en la secci\u00f3n \u00ab\u00bfCon qui\u00e9n se compartir\u00e1n sus datos personales?\u00bb. Cuando dichos terceros no est\u00e9n establecidos en un pa\u00eds que garantice un nivel de protecci\u00f3n adecuado en el sentido del Reglamento (UE) 2016\/679, como los Estados Unidos, las transferencias estar\u00e1n cubiertas por las cl\u00e1usulas tipo de protecci\u00f3n de datos adoptadas por la Comisi\u00f3n Europea o por otro mecanismo de salvaguardia adecuado, como el Marco del Escudo de Privacidad.<\/p>\n<ol start=\"8\">\n<li><strong>Sus derechos en relaci\u00f3n con sus datos personales<\/strong><\/li>\n<\/ol>\n<p>A continuaci\u00f3n resumimos los principales derechos que le asisten en virtud de la legislaci\u00f3n sobre protecci\u00f3n de datos. Algunos de los derechos son complejos, pueden contener restricciones en funci\u00f3n de la base jur\u00eddica para el tratamiento de los datos y no todos los detalles se han incluido en nuestros res\u00famenes. Por ejemplo, no podr\u00e1 solicitar que eliminemos toda su informaci\u00f3n si nos ha comprado un producto porque ser\u00e1 necesaria para el contrato que ha firmado. Siempre le comunicaremos la base jur\u00eddica para ello. En consecuencia, debe leer las leyes pertinentes y las orientaciones de las autoridades reguladoras para obtener una explicaci\u00f3n completa de estos derechos.<\/p>\n<p>Sus principales derechos en virtud de la ley de protecci\u00f3n de datos son:<\/p>\n<ul>\n<li>derecho de acceso;<\/li>\n<\/ul>\n<p>Tiene derecho a que le confirmemos si tratamos o no sus datos personales y, en caso afirmativo, a acceder a ellos. Siempre que no se vean afectados los derechos y libertades de terceros, le facilitaremos una copia de sus datos personales. La primera copia ser\u00e1 gratuita, pero las copias adicionales podr\u00e1n estar sujetas a una tarifa razonable. Puede solicitar sus datos personales poni\u00e9ndose en contacto con nuestro servicio de atenci\u00f3n al cliente.<\/p>\n<ul>\n<li>derecho de rectificaci\u00f3n;<\/li>\n<\/ul>\n<p>Tiene derecho a que se rectifique cualquier dato personal inexacto sobre usted y, teniendo en cuenta los fines del tratamiento, a que se complete cualquier dato personal incompleto sobre usted.<\/p>\n<ul>\n<li>el derecho al borrado;<\/li>\n<\/ul>\n<p>Tiene derecho a la supresi\u00f3n de sus datos personales. Hemos descrito nuestra pol\u00edtica de conservaci\u00f3n y supresi\u00f3n de datos personales m\u00e1s arriba, en la secci\u00f3n 5.<\/p>\n<ul>\n<li>derecho a oponerse al tratamiento;<\/li>\n<\/ul>\n<p>Tiene derecho a oponerse a que tratemos sus datos personales por motivos relacionados con su situaci\u00f3n particular, pero s\u00f3lo en la medida en que la base jur\u00eddica del tratamiento sea que el tratamiento es necesario para: el cumplimiento de una misi\u00f3n realizada en inter\u00e9s p\u00fablico o en el ejercicio de poderes p\u00fablicos que nos hayan sido conferidos; o los fines de los intereses leg\u00edtimos perseguidos por nosotros o por un tercero. Si se opone a ello, dejaremos de tratar los datos personales, a menos que podamos demostrar motivos leg\u00edtimos imperiosos para el tratamiento que prevalezcan sobre sus intereses, derechos y libertades, o que el tratamiento sea para el establecimiento, ejercicio o defensa de reclamaciones legales.<\/p>\n<ul>\n<li>derecho a la portabilidad de los datos;<\/li>\n<\/ul>\n<p>En la medida en que la base jur\u00eddica de nuestro tratamiento de sus datos personales sea el consentimiento, y dicho tratamiento se lleve a cabo por medios automatizados, usted tiene derecho a recibir de nosotros sus datos personales en un formato estructurado, de uso com\u00fan y lectura mec\u00e1nica. Sin embargo, este derecho no se aplicar\u00e1 cuando afecte negativamente a los derechos y libertades de terceros.<\/p>\n<ul>\n<li>derecho a reclamar ante una autoridad de control;<\/li>\n<\/ul>\n<p>Si considera que nuestro tratamiento de su informaci\u00f3n personal infringe la legislaci\u00f3n sobre protecci\u00f3n de datos, tiene derecho a presentar una reclamaci\u00f3n ante una autoridad supervisora responsable de la protecci\u00f3n de datos. Puede hacerlo en el Estado miembro de la UE de su residencia habitual, su lugar de trabajo o el lugar de la presunta infracci\u00f3n.<\/p>\n<ul>\n<li>derecho a retirar el consentimiento.<\/li>\n<\/ul>\n<p>En la medida en que la base jur\u00eddica de nuestro tratamiento de sus datos personales sea el consentimiento, usted tiene derecho a retirar dicho consentimiento en cualquier momento. La retirada no afectar\u00e1 a la legalidad del tratamiento anterior a la retirada.<\/p>\n<p>Puede ejercer cualquiera de sus derechos en relaci\u00f3n con sus datos personales poni\u00e9ndose en contacto con nuestro servicio de atenci\u00f3n al cliente.<\/p>\n<ol start=\"9\">\n<li><strong>Derecho a presentar una reclamaci\u00f3n ante la Oficina del Comisario de Informaci\u00f3n<\/strong><\/li>\n<\/ol>\n<p>Tiene derecho a presentar una reclamaci\u00f3n ante la Oficina del Comisario de Informaci\u00f3n (ICO) si cree que no hemos tramitado su solicitud de forma adecuada. No obstante, le animamos a que se ponga en contacto con nosotros antes de presentar cualquier queja y trataremos de resolver cualquier problema o duda que pueda tener.<br \/>Para obtener informaci\u00f3n sobre c\u00f3mo ponerse en contacto con el ICO, consulte su sitio web en <a href=\"https:\/\/www.ico.org.uk\/\" target=\"_blank\" rel=\"noopener\">www.ico.org.uk.<\/a><\/p>\n<ol start=\"10\">\n<li><strong>Actualizaciones de la Pol\u00edtica<\/strong><\/li>\n<\/ol>\n<p>Esta Pol\u00edtica podr\u00e1 ser revisada, modificada, actualizada y\/o complementada en cualquier momento, sin previo aviso, a nuestra entera discreci\u00f3n. Cuando lo hagamos, publicaremos una notificaci\u00f3n en la p\u00e1gina principal de nuestro Sitio Web, revisando la fecha actualizada en la parte superior de esta p\u00e1gina. Le animamos a que consulte esta p\u00e1gina con una frecuencia regular para conocer cualquier cambio y mantenerse informado sobre c\u00f3mo ayudamos a proteger los Datos Personales que recopilamos. Cada Visitante debe reconocer y aceptar que es su responsabilidad personal revisar esta Pol\u00edtica peri\u00f3dicamente y estar al tanto de las modificaciones.<br \/>Al utilizar nuestro sitio web, usted acepta autom\u00e1ticamente esta Pol\u00edtica. Si no est\u00e1 de acuerdo con esta Pol\u00edtica, le rogamos que no utilice nuestro Sitio Web.<\/p>\n<ol start=\"11\">\n<li><strong>\u00bfC\u00f3mo puede ponerse en contacto con nosotros?<\/strong><\/li>\n<\/ol>\n<p>Si tiene alguna pregunta sobre esta Pol\u00edtica, desea actualizar la informaci\u00f3n que tenemos sobre usted o desea ejercer alguno de los derechos mencionados, puede hacerlo:<\/p>\n<p>Env\u00edenos un correo electr\u00f3nico a: <a href=\"info@kudretmakine.com\">info@turkmenexporter.com<\/a><\/p>\n<p>Escr\u00edbanos: Archabil shayoly 54, Ashgabat, Turkmenist\u00e1n.<\/p><\/p>\n\t\t\t\t\t\t\t\t<\/div>\n\t\t\t\t<\/div>\n\t\t\t\t<\/div>\n\t\t\t\t<\/div>\n\t\t\t\t\t<\/div>\n\t\t\t\t<\/div>\n\t\t\t\t<\/div>\n\t\t","protected":false},"excerpt":{"rendered":"<p>Pol\u00edtica de privacidad \u00daltima actualizaci\u00f3n: 19-12-2024 Bienvenido a la pol\u00edtica de privacidad de turkmenexporter.com. A continuaci\u00f3n le explicamos qu\u00e9 datos recopilamos cuando accede a nuestro sitio web y lo utiliza. Tambi\u00e9n le explicamos por qu\u00e9 recopilamos estos datos y con qui\u00e9n los compartimos. Por favor, l\u00e9alo y p\u00f3ngase en contacto con nosotros si tiene alguna [&hellip;]<\/p>\n","protected":false},"author":1,"featured_media":0,"parent":0,"menu_order":0,"comment_status":"closed","ping_status":"closed","template":"","meta":{"_acf_changed":false,"footnotes":""},"class_list":["post-3005","page","type-page","status-publish","hentry"],"acf":[],"_links":{"self":[{"href":"https:\/\/turkmenexporter.com\/es\/wp-json\/wp\/v2\/pages\/3005","targetHints":{"allow":["GET"]}}],"collection":[{"href":"https:\/\/turkmenexporter.com\/es\/wp-json\/wp\/v2\/pages"}],"about":[{"href":"https:\/\/turkmenexporter.com\/es\/wp-json\/wp\/v2\/types\/page"}],"author":[{"embeddable":true,"href":"https:\/\/turkmenexporter.com\/es\/wp-json\/wp\/v2\/users\/1"}],"replies":[{"embeddable":true,"href":"https:\/\/turkmenexporter.com\/es\/wp-json\/wp\/v2\/comments?post=3005"}],"version-history":[{"count":1,"href":"https:\/\/turkmenexporter.com\/es\/wp-json\/wp\/v2\/pages\/3005\/revisions"}],"predecessor-version":[{"id":3007,"href":"https:\/\/turkmenexporter.com\/es\/wp-json\/wp\/v2\/pages\/3005\/revisions\/3007"}],"wp:attachment":[{"href":"https:\/\/turkmenexporter.com\/es\/wp-json\/wp\/v2\/media?parent=3005"}],"curies":[{"name":"wp","href":"https:\/\/api.w.org\/{rel}","templated":true}]}}