{"id":6773,"date":"2024-03-20T01:42:30","date_gmt":"2024-03-19T20:42:30","guid":{"rendered":"https:\/\/turkmenexporter.com\/politica-de-devoluciones-y-reembolsos\/"},"modified":"2024-03-23T00:02:35","modified_gmt":"2024-03-22T19:02:35","slug":"politica-de-devoluciones-y-reembolsos","status":"publish","type":"page","link":"https:\/\/turkmenexporter.com\/es\/politica-de-devoluciones-y-reembolsos\/","title":{"rendered":"Pol\u00edtica de devoluciones y reembolsos"},"content":{"rendered":"\t\t<div data-elementor-type=\"wp-page\" data-elementor-id=\"6773\" class=\"elementor elementor-6773 elementor-6751\" data-elementor-post-type=\"page\">\n\t\t\t\t<div class=\"elementor-element elementor-element-7d5a86b e-flex e-con-boxed e-con e-parent\" data-id=\"7d5a86b\" data-element_type=\"container\" data-e-type=\"container\">\n\t\t\t\t\t<div class=\"e-con-inner\">\n\t\t\t\t<div class=\"elementor-element elementor-element-88a8dc2 elementor-widget elementor-widget-text-editor\" data-id=\"88a8dc2\" data-element_type=\"widget\" data-e-type=\"widget\" data-widget_type=\"text-editor.default\">\n\t\t\t\t<div class=\"elementor-widget-container\">\n\t\t\t\t\t\t\t\t\t<p><strong>Pol\u00edtica de devoluciones y reembolsos<\/strong><\/p>\n<p>En TurkmenExporter.com, nos esforzamos por garantizar la satisfacci\u00f3n de nuestros clientes con cada compra. Si no est\u00e1 totalmente satisfecho con su compra, estamos aqu\u00ed para ayudarle. Lea atentamente nuestra pol\u00edtica de devoluciones y reembolsos para conocer sus derechos y obligaciones a la hora de devolver art\u00edculos adquiridos en nuestro sitio web.<\/p>\n<p><strong>Proceso de devoluci\u00f3n:<\/strong><\/p>\n<ol>\n<li><strong>Contacta con nosotros:<\/strong> Antes de iniciar una devoluci\u00f3n, ponte en contacto con nuestro equipo de atenci\u00f3n al cliente en el plazo de 1 d\u00eda desde la recepci\u00f3n del pedido para informarnos del problema y solicitar una autorizaci\u00f3n de devoluci\u00f3n.<\/li>\n<li><strong>Autorizaci\u00f3n de devoluci\u00f3n:<\/strong> Una vez aprobada su solicitud de devoluci\u00f3n, recibir\u00e1 un n\u00famero de autorizaci\u00f3n de devoluci\u00f3n (RA) e instrucciones sobre c\u00f3mo proceder con la devoluci\u00f3n.<\/li>\n<li><strong>Empaquete su art\u00edculo:<\/strong> Empaquete el art\u00edculo de forma segura en su embalaje original, asegur\u00e1ndose de que se incluyen todos los accesorios y la documentaci\u00f3n.<\/li>\n<li><strong>Env\u00edo:<\/strong> Usted es responsable de enviarnos el art\u00edculo de vuelta. Le recomendamos que utilice un m\u00e9todo de env\u00edo con seguimiento para asegurarse de que su devoluci\u00f3n nos llega de forma segura.<\/li>\n<li><strong>Inspecci\u00f3n:<\/strong> Al recibir el art\u00edculo devuelto, nuestro equipo lo inspeccionar\u00e1 para asegurarse de que cumple nuestros criterios de devoluci\u00f3n (descritos a continuaci\u00f3n).<\/li>\n<li><strong>Reembolso o cambio:<\/strong> Si el art\u00edculo cumple nuestros criterios de devoluci\u00f3n, procesaremos su reembolso o cambio seg\u00fan su preferencia.<\/li>\n<\/ol>\n<p><strong>Proceso de reembolso:<\/strong><\/p>\n<ol>\n<li><strong>M\u00e9todo de reembolso:<\/strong> Los reembolsos se efectuar\u00e1n en la misma forma de pago utilizada para la compra original.<\/li>\n<li><strong>Tiempo de procesamiento:<\/strong> Por favor, espere 5 d\u00edas h\u00e1biles para que su reembolso sea procesado y reflejado en su cuenta, dependiendo de su m\u00e9todo de pago y la instituci\u00f3n financiera.<\/li>\n<\/ol>\n<p><strong>Requisitos del cliente:<\/strong><\/p>\n<ol>\n<li><strong>Ventana de devoluci\u00f3n:<\/strong> Debe iniciar el proceso de devoluci\u00f3n en los 3 d\u00edas siguientes a la recepci\u00f3n de su pedido.<\/li>\n<li><strong>Condici\u00f3n del producto:<\/strong> Los art\u00edculos devueltos deben estar en su estado original, sin usar y con todas las etiquetas intactas. Cualquier signo de desgaste, da\u00f1o o alteraci\u00f3n puede dar lugar a la denegaci\u00f3n de la devoluci\u00f3n.<\/li>\n<li><strong>Raz\u00f3n de la devoluci\u00f3n:<\/strong> Aceptamos devoluciones por razones tales como defectos del producto, art\u00edculos recibidos incorrectos y otras razones indicadas en el contrato.<\/li>\n<\/ol>\n<p><strong>Acuerdo contractual:<\/strong><\/p>\n<p>Para cada producto espec\u00edfico comprado en TurkmenExporter.com, se crear\u00e1 un contrato que incluir\u00e1 los detalles de nuestra pol\u00edtica de devoluci\u00f3n y reembolso. Al completar la compra, usted se compromete a cumplir las condiciones establecidas en el contrato.<\/p><\/p>\n\t\t\t\t\t\t\t\t<\/div>\n\t\t\t\t<\/div>\n\t\t\t\t\t<\/div>\n\t\t\t\t<\/div>\n\t\t\t\t<\/div>\n\t\t","protected":false},"excerpt":{"rendered":"<p>Pol\u00edtica de devoluciones y reembolsos En TurkmenExporter.com, nos esforzamos por garantizar la satisfacci\u00f3n de nuestros clientes con cada compra. Si no est\u00e1 totalmente satisfecho con su compra, estamos aqu\u00ed para ayudarle. Lea atentamente nuestra pol\u00edtica de devoluciones y reembolsos para conocer sus derechos y obligaciones a la hora de devolver art\u00edculos adquiridos en nuestro sitio [&hellip;]<\/p>\n","protected":false},"author":1,"featured_media":0,"parent":0,"menu_order":0,"comment_status":"closed","ping_status":"closed","template":"","meta":{"_acf_changed":false,"footnotes":""},"class_list":["post-6773","page","type-page","status-publish","hentry"],"acf":[],"_links":{"self":[{"href":"https:\/\/turkmenexporter.com\/es\/wp-json\/wp\/v2\/pages\/6773","targetHints":{"allow":["GET"]}}],"collection":[{"href":"https:\/\/turkmenexporter.com\/es\/wp-json\/wp\/v2\/pages"}],"about":[{"href":"https:\/\/turkmenexporter.com\/es\/wp-json\/wp\/v2\/types\/page"}],"author":[{"embeddable":true,"href":"https:\/\/turkmenexporter.com\/es\/wp-json\/wp\/v2\/users\/1"}],"replies":[{"embeddable":true,"href":"https:\/\/turkmenexporter.com\/es\/wp-json\/wp\/v2\/comments?post=6773"}],"version-history":[{"count":11,"href":"https:\/\/turkmenexporter.com\/es\/wp-json\/wp\/v2\/pages\/6773\/revisions"}],"predecessor-version":[{"id":6793,"href":"https:\/\/turkmenexporter.com\/es\/wp-json\/wp\/v2\/pages\/6773\/revisions\/6793"}],"wp:attachment":[{"href":"https:\/\/turkmenexporter.com\/es\/wp-json\/wp\/v2\/media?parent=6773"}],"curies":[{"name":"wp","href":"https:\/\/api.w.org\/{rel}","templated":true}]}}