{"id":7954,"date":"2024-05-01T08:15:57","date_gmt":"2024-05-01T03:15:57","guid":{"rendered":"https:\/\/turkmenexporter.com\/pago-y-envio\/"},"modified":"2024-05-01T08:53:19","modified_gmt":"2024-05-01T03:53:19","slug":"pago-y-envio","status":"publish","type":"page","link":"https:\/\/turkmenexporter.com\/es\/pago-y-envio\/","title":{"rendered":"Pago y env\u00edo"},"content":{"rendered":"\t\t<div data-elementor-type=\"wp-page\" data-elementor-id=\"7954\" class=\"elementor elementor-7954 elementor-7936\" data-elementor-post-type=\"page\">\n\t\t\t\t<div class=\"elementor-element elementor-element-22ea689 e-flex e-con-boxed e-con e-parent\" data-id=\"22ea689\" data-element_type=\"container\" data-e-type=\"container\">\n\t\t\t\t\t<div class=\"e-con-inner\">\n\t\t\t\t<div class=\"elementor-element elementor-element-fbe8a2d elementor-widget elementor-widget-text-editor\" data-id=\"fbe8a2d\" data-element_type=\"widget\" data-e-type=\"widget\" data-widget_type=\"text-editor.default\">\n\t\t\t\t<div class=\"elementor-widget-container\">\n\t\t\t\t\t\t\t\t\t<h1>Pago y env\u00edo<\/h1>\n<p><strong>1. Pago<\/strong><\/p>\n<p><span data-preserver-spaces=\"true\">El pago de las mercanc\u00edas se realiza en las condiciones que se especificar\u00e1n en el contrato. Tras hacer un pedido, el fabricante celebrar\u00e1 un contrato con usted. Para obtener informaci\u00f3n detallada sobre las posibles formas de pago, puede dejar sus datos de contacto en la p\u00e1gina del fabricante o del producto y ellos se pondr\u00e1n en contacto con usted. O puede escribirnos a los mensajeros que aparecen en la parte superior de cada p\u00e1gina.<\/span><\/p>\n<p><strong>2. Env\u00edo<\/strong><\/p>\n<p>Se realizan env\u00edos a todo el mundo. Actualmente, la plataforma turkmenexporter.com no consolida los pedidos de distintos fabricantes en una sola entrega con entrega en su almac\u00e9n. Los plazos de entrega se negocian y dependen de cada fabricante concreto. Para conocer los costes y otros datos, debes ponerte en contacto con el fabricante. <\/p>\n\t\t\t\t\t\t\t\t<\/div>\n\t\t\t\t<\/div>\n\t\t\t\t\t<\/div>\n\t\t\t\t<\/div>\n\t\t\t\t<\/div>\n\t\t","protected":false},"excerpt":{"rendered":"<p>Pago y env\u00edo 1. Pago El pago de las mercanc\u00edas se realiza en las condiciones que se especificar\u00e1n en el contrato. Tras hacer un pedido, el fabricante celebrar\u00e1 un contrato con usted. Para obtener informaci\u00f3n detallada sobre las posibles formas de pago, puede dejar sus datos de contacto en la p\u00e1gina del fabricante o del [&hellip;]<\/p>\n","protected":false},"author":1,"featured_media":0,"parent":0,"menu_order":0,"comment_status":"closed","ping_status":"closed","template":"","meta":{"_acf_changed":false,"footnotes":""},"class_list":["post-7954","page","type-page","status-publish","hentry"],"acf":[],"_links":{"self":[{"href":"https:\/\/turkmenexporter.com\/es\/wp-json\/wp\/v2\/pages\/7954","targetHints":{"allow":["GET"]}}],"collection":[{"href":"https:\/\/turkmenexporter.com\/es\/wp-json\/wp\/v2\/pages"}],"about":[{"href":"https:\/\/turkmenexporter.com\/es\/wp-json\/wp\/v2\/types\/page"}],"author":[{"embeddable":true,"href":"https:\/\/turkmenexporter.com\/es\/wp-json\/wp\/v2\/users\/1"}],"replies":[{"embeddable":true,"href":"https:\/\/turkmenexporter.com\/es\/wp-json\/wp\/v2\/comments?post=7954"}],"version-history":[{"count":1,"href":"https:\/\/turkmenexporter.com\/es\/wp-json\/wp\/v2\/pages\/7954\/revisions"}],"predecessor-version":[{"id":7956,"href":"https:\/\/turkmenexporter.com\/es\/wp-json\/wp\/v2\/pages\/7954\/revisions\/7956"}],"wp:attachment":[{"href":"https:\/\/turkmenexporter.com\/es\/wp-json\/wp\/v2\/media?parent=7954"}],"curies":[{"name":"wp","href":"https:\/\/api.w.org\/{rel}","templated":true}]}}