{"id":11069,"date":"2024-09-26T00:07:20","date_gmt":"2024-09-25T19:07:20","guid":{"rendered":"https:\/\/turkmenexporter.com\/product\/membrana-bituminosa-impermeabilizante-con-lamina-de-aluminio-de-5-mm\/"},"modified":"2024-09-26T00:07:20","modified_gmt":"2024-09-25T19:07:20","slug":"membrana-bituminosa-impermeabilizante-con-lamina-de-aluminio-de-5-mm","status":"publish","type":"product","link":"https:\/\/turkmenexporter.com\/es\/producto\/membrana-bituminosa-impermeabilizante-con-lamina-de-aluminio-de-5-mm\/","title":{"rendered":"Membrana bituminosa impermeabilizante con l\u00e1mina de aluminio de 5 mm"},"content":{"rendered":"<p>DERWAYYS P5000 AL (Lona de poli\u00e9ster con papel de aluminio) &#8211; Impermeabilizaci\u00f3n aislante de alta resistencia El DERWAYYS P5000 AL ofrece una gruesa capa impermeabilizante de 5 mm reforzada con lona de poli\u00e9ster y un acabado de papel de aluminio, que garantiza la m\u00e1xima protecci\u00f3n contra el agua y la radiaci\u00f3n UV. Su construcci\u00f3n de alta resistencia lo hace ideal para proyectos a gran escala que requieran tanto impermeabilizaci\u00f3n como aislamiento, como estructuras subterr\u00e1neas, cubiertas industriales e instalaciones de alta exposici\u00f3n. Longitud del rollo: 10 m Anchura: 1 m Grosor de la capa: 5 mm Peso: 51-53 kg  <\/p>\n","protected":false},"excerpt":{"rendered":"<p>DERWAYYS P5000 AL (lona de poli\u00e9ster con papel de aluminio) Rollo Longitud: 10 m Anchura: 1 m Grosor de la capa: 5 mm Peso: 51-53 kg Precios sujetos a cambios<\/p>\n","protected":false},"featured_media":10936,"comment_status":"open","ping_status":"closed","template":"","meta":{"_acf_changed":false},"brand":[801],"product_cat":[796],"product_tag":[],"class_list":{"0":"post-11069","1":"product","2":"type-product","3":"status-publish","4":"has-post-thumbnail","6":"brand-derwayys-es","7":"product_cat-materiales-de-construccion","9":"first","10":"instock","11":"shipping-taxable","12":"purchasable","13":"product-type-simple"},"acf":[],"_links":{"self":[{"href":"https:\/\/turkmenexporter.com\/es\/wp-json\/wp\/v2\/product\/11069","targetHints":{"allow":["GET"]}}],"collection":[{"href":"https:\/\/turkmenexporter.com\/es\/wp-json\/wp\/v2\/product"}],"about":[{"href":"https:\/\/turkmenexporter.com\/es\/wp-json\/wp\/v2\/types\/product"}],"replies":[{"embeddable":true,"href":"https:\/\/turkmenexporter.com\/es\/wp-json\/wp\/v2\/comments?post=11069"}],"version-history":[{"count":0,"href":"https:\/\/turkmenexporter.com\/es\/wp-json\/wp\/v2\/product\/11069\/revisions"}],"wp:featuredmedia":[{"embeddable":true,"href":"https:\/\/turkmenexporter.com\/es\/wp-json\/wp\/v2\/media\/10936"}],"wp:attachment":[{"href":"https:\/\/turkmenexporter.com\/es\/wp-json\/wp\/v2\/media?parent=11069"}],"wp:term":[{"taxonomy":"brand","embeddable":true,"href":"https:\/\/turkmenexporter.com\/es\/wp-json\/wp\/v2\/brand?post=11069"},{"taxonomy":"product_cat","embeddable":true,"href":"https:\/\/turkmenexporter.com\/es\/wp-json\/wp\/v2\/product_cat?post=11069"},{"taxonomy":"product_tag","embeddable":true,"href":"https:\/\/turkmenexporter.com\/es\/wp-json\/wp\/v2\/product_tag?post=11069"}],"curies":[{"name":"wp","href":"https:\/\/api.w.org\/{rel}","templated":true}]}}