{"id":11072,"date":"2024-09-26T00:07:19","date_gmt":"2024-09-25T19:07:19","guid":{"rendered":"https:\/\/turkmenexporter.com\/product\/membrana-bituminosa-impermeabilizante-con-lamina-de-aluminio-de-4-mm\/"},"modified":"2024-09-26T00:07:19","modified_gmt":"2024-09-25T19:07:19","slug":"membrana-bituminosa-impermeabilizante-con-lamina-de-aluminio-de-4-mm","status":"publish","type":"product","link":"https:\/\/turkmenexporter.com\/es\/producto\/membrana-bituminosa-impermeabilizante-con-lamina-de-aluminio-de-4-mm\/","title":{"rendered":"Membrana bituminosa impermeabilizante con l\u00e1mina de aluminio de 4 mm"},"content":{"rendered":"<p>DERWAYYS P4000 AL (Lona de poli\u00e9ster con papel de aluminio) &#8211; Mayor durabilidad con protecci\u00f3n UV DERWAYYS P4000 AL est\u00e1 dise\u00f1ado para aplicaciones de impermeabilizaci\u00f3n de alta durabilidad, con una capa bituminosa de 4 mm de espesor reforzada con lona de poli\u00e9ster y papel de aluminio. Esta combinaci\u00f3n proporciona una impermeabilizaci\u00f3n, flexibilidad y aislamiento t\u00e9rmico superiores. El producto es muy adecuado para zonas expuestas a la luz solar directa o a condiciones clim\u00e1ticas extremas, por lo que es una opci\u00f3n excelente para aplicaciones industriales y comerciales. Longitud del rollo: 10 m Anchura: 1 m Grosor de la capa: 4 mm Peso: 41-43 kg   <\/p>\n","protected":false},"excerpt":{"rendered":"<p>DERWAYYS P4000 AL (lona de poli\u00e9ster con papel de aluminio) Rollo Longitud: 10 m Anchura: 1 m Grosor de la capa: 4 mm Peso: 41-43 kg Precios sujetos a cambios<\/p>\n","protected":false},"featured_media":10934,"comment_status":"open","ping_status":"closed","template":"","meta":{"_acf_changed":false},"brand":[801],"product_cat":[796],"product_tag":[851],"class_list":{"0":"post-11072","1":"product","2":"type-product","3":"status-publish","4":"has-post-thumbnail","6":"brand-derwayys-es","7":"product_cat-materiales-de-construccion","8":"product_tag-front-product-es","10":"first","11":"instock","12":"shipping-taxable","13":"purchasable","14":"product-type-simple"},"acf":[],"_links":{"self":[{"href":"https:\/\/turkmenexporter.com\/es\/wp-json\/wp\/v2\/product\/11072","targetHints":{"allow":["GET"]}}],"collection":[{"href":"https:\/\/turkmenexporter.com\/es\/wp-json\/wp\/v2\/product"}],"about":[{"href":"https:\/\/turkmenexporter.com\/es\/wp-json\/wp\/v2\/types\/product"}],"replies":[{"embeddable":true,"href":"https:\/\/turkmenexporter.com\/es\/wp-json\/wp\/v2\/comments?post=11072"}],"version-history":[{"count":0,"href":"https:\/\/turkmenexporter.com\/es\/wp-json\/wp\/v2\/product\/11072\/revisions"}],"wp:featuredmedia":[{"embeddable":true,"href":"https:\/\/turkmenexporter.com\/es\/wp-json\/wp\/v2\/media\/10934"}],"wp:attachment":[{"href":"https:\/\/turkmenexporter.com\/es\/wp-json\/wp\/v2\/media?parent=11072"}],"wp:term":[{"taxonomy":"brand","embeddable":true,"href":"https:\/\/turkmenexporter.com\/es\/wp-json\/wp\/v2\/brand?post=11072"},{"taxonomy":"product_cat","embeddable":true,"href":"https:\/\/turkmenexporter.com\/es\/wp-json\/wp\/v2\/product_cat?post=11072"},{"taxonomy":"product_tag","embeddable":true,"href":"https:\/\/turkmenexporter.com\/es\/wp-json\/wp\/v2\/product_tag?post=11072"}],"curies":[{"name":"wp","href":"https:\/\/api.w.org\/{rel}","templated":true}]}}