{"id":11074,"date":"2024-09-26T00:07:18","date_gmt":"2024-09-25T19:07:18","guid":{"rendered":"https:\/\/turkmenexporter.com\/product\/membrana-impermeabilizante-bituminosa-en-rollo-de-3-mm\/"},"modified":"2024-09-26T00:07:18","modified_gmt":"2024-09-25T19:07:18","slug":"membrana-impermeabilizante-bituminosa-en-rollo-de-3-mm","status":"publish","type":"product","link":"https:\/\/turkmenexporter.com\/es\/producto\/membrana-impermeabilizante-bituminosa-en-rollo-de-3-mm\/","title":{"rendered":"Membrana impermeabilizante bituminosa en rollo de 3 mm"},"content":{"rendered":"<p>DERWAYYS P3000 AL (Lona de poli\u00e9ster con papel de aluminio) &#8211; Impermeabilizaci\u00f3n flexible con aislamiento El DERWAYYS P3000 AL combina una capa impermeabilizante bituminosa de 3 mm con un refuerzo de lona de poli\u00e9ster y una superficie de papel de aluminio. Este producto ofrece una excelente flexibilidad y resistencia al desgarro, a la vez que proporciona una eficaz protecci\u00f3n t\u00e9rmica y contra los rayos UV. Ideal para sistemas de cubiertas y superficies expuestas, la base de poli\u00e9ster garantiza una f\u00e1cil aplicaci\u00f3n y un rendimiento duradero. Longitud del rollo: 10 m Anchura: 1 m Grosor de la capa: 3 mm Peso: 35-37 kg   <\/p>\n","protected":false},"excerpt":{"rendered":"<p>DERWAYYS P3000 AL ( lona de poli\u00e9ster con papel de aluminio ) Rollo Longitud: 10 m Anchura: 1 m Grosor de la capa: 3 mm Peso: 35-37 kg Precios sujetos a cambios<\/p>\n","protected":false},"featured_media":10882,"comment_status":"open","ping_status":"closed","template":"","meta":{"_acf_changed":false},"brand":[801],"product_cat":[796],"product_tag":[],"class_list":{"0":"post-11074","1":"product","2":"type-product","3":"status-publish","4":"has-post-thumbnail","6":"brand-derwayys-es","7":"product_cat-materiales-de-construccion","9":"first","10":"instock","11":"shipping-taxable","12":"purchasable","13":"product-type-simple"},"acf":[],"_links":{"self":[{"href":"https:\/\/turkmenexporter.com\/es\/wp-json\/wp\/v2\/product\/11074","targetHints":{"allow":["GET"]}}],"collection":[{"href":"https:\/\/turkmenexporter.com\/es\/wp-json\/wp\/v2\/product"}],"about":[{"href":"https:\/\/turkmenexporter.com\/es\/wp-json\/wp\/v2\/types\/product"}],"replies":[{"embeddable":true,"href":"https:\/\/turkmenexporter.com\/es\/wp-json\/wp\/v2\/comments?post=11074"}],"version-history":[{"count":0,"href":"https:\/\/turkmenexporter.com\/es\/wp-json\/wp\/v2\/product\/11074\/revisions"}],"wp:featuredmedia":[{"embeddable":true,"href":"https:\/\/turkmenexporter.com\/es\/wp-json\/wp\/v2\/media\/10882"}],"wp:attachment":[{"href":"https:\/\/turkmenexporter.com\/es\/wp-json\/wp\/v2\/media?parent=11074"}],"wp:term":[{"taxonomy":"brand","embeddable":true,"href":"https:\/\/turkmenexporter.com\/es\/wp-json\/wp\/v2\/brand?post=11074"},{"taxonomy":"product_cat","embeddable":true,"href":"https:\/\/turkmenexporter.com\/es\/wp-json\/wp\/v2\/product_cat?post=11074"},{"taxonomy":"product_tag","embeddable":true,"href":"https:\/\/turkmenexporter.com\/es\/wp-json\/wp\/v2\/product_tag?post=11074"}],"curies":[{"name":"wp","href":"https:\/\/api.w.org\/{rel}","templated":true}]}}