{"id":11075,"date":"2024-09-26T00:07:16","date_gmt":"2024-09-25T19:07:16","guid":{"rendered":"https:\/\/turkmenexporter.com\/product\/membrana-impermeabilizante-bituminosa-en-rollo-de-2-mm\/"},"modified":"2024-09-26T00:07:16","modified_gmt":"2024-09-25T19:07:16","slug":"membrana-impermeabilizante-bituminosa-en-rollo-de-2-mm","status":"publish","type":"product","link":"https:\/\/turkmenexporter.com\/es\/producto\/membrana-impermeabilizante-bituminosa-en-rollo-de-2-mm\/","title":{"rendered":"Membrana impermeabilizante bituminosa en rollo de 2 mm"},"content":{"rendered":"<p>DERWAYYS P2000 AL (Lona de poli\u00e9ster con papel de aluminio) &#8211; Impermeabilizaci\u00f3n aislante ligera DERWAYYS P2000 AL combina la flexibilidad de la lona de poli\u00e9ster con una capa de papel de aluminio, proporcionando una soluci\u00f3n de impermeabilizaci\u00f3n bituminosa de 2 mm que tambi\u00e9n ofrece aislamiento t\u00e9rmico. Ideal para proyectos de construcci\u00f3n ligera o rehabilitaci\u00f3n, este material es a la vez f\u00e1cil de manejar y muy eficaz en la protecci\u00f3n contra el agua y los rayos UV. Longitud del rollo: 10 m Anchura: 1 m Grosor de la capa: 2 mm Peso: 31-33 kg  <\/p>\n","protected":false},"excerpt":{"rendered":"<p>DERWAYYS P2000 AL ( lona de poli\u00e9ster con papel de aluminio ) Rollo Longitud: 10 m Anchura: 1 m Grosor de la capa: 2 mm Peso: 31-33 kg Precios sujetos a cambios<\/p>\n","protected":false},"featured_media":10876,"comment_status":"open","ping_status":"closed","template":"","meta":{"_acf_changed":false},"brand":[801],"product_cat":[796],"product_tag":[],"class_list":{"0":"post-11075","1":"product","2":"type-product","3":"status-publish","4":"has-post-thumbnail","6":"brand-derwayys-es","7":"product_cat-materiales-de-construccion","9":"first","10":"instock","11":"shipping-taxable","12":"purchasable","13":"product-type-simple"},"acf":[],"_links":{"self":[{"href":"https:\/\/turkmenexporter.com\/es\/wp-json\/wp\/v2\/product\/11075","targetHints":{"allow":["GET"]}}],"collection":[{"href":"https:\/\/turkmenexporter.com\/es\/wp-json\/wp\/v2\/product"}],"about":[{"href":"https:\/\/turkmenexporter.com\/es\/wp-json\/wp\/v2\/types\/product"}],"replies":[{"embeddable":true,"href":"https:\/\/turkmenexporter.com\/es\/wp-json\/wp\/v2\/comments?post=11075"}],"version-history":[{"count":0,"href":"https:\/\/turkmenexporter.com\/es\/wp-json\/wp\/v2\/product\/11075\/revisions"}],"wp:featuredmedia":[{"embeddable":true,"href":"https:\/\/turkmenexporter.com\/es\/wp-json\/wp\/v2\/media\/10876"}],"wp:attachment":[{"href":"https:\/\/turkmenexporter.com\/es\/wp-json\/wp\/v2\/media?parent=11075"}],"wp:term":[{"taxonomy":"brand","embeddable":true,"href":"https:\/\/turkmenexporter.com\/es\/wp-json\/wp\/v2\/brand?post=11075"},{"taxonomy":"product_cat","embeddable":true,"href":"https:\/\/turkmenexporter.com\/es\/wp-json\/wp\/v2\/product_cat?post=11075"},{"taxonomy":"product_tag","embeddable":true,"href":"https:\/\/turkmenexporter.com\/es\/wp-json\/wp\/v2\/product_tag?post=11075"}],"curies":[{"name":"wp","href":"https:\/\/api.w.org\/{rel}","templated":true}]}}